{"id":78546,"date":"2024-04-09T15:05:16","date_gmt":"2024-04-09T15:05:16","guid":{"rendered":"https:\/\/skinstudio.ee\/?post_type=product&#038;p=78546"},"modified":"2026-02-13T15:27:15","modified_gmt":"2026-02-13T15:27:15","slug":"hyalogy-ac-clear-cream","status":"publish","type":"product","link":"https:\/\/skinstudio.ee\/lv\/catalog\/forlled\/hyalogy-ac-clear-cream\/","title":{"rendered":"Hyalogy AC Clear Cream"},"content":{"rendered":"<p data-start=\"4660\" data-end=\"4930\"><strong data-start=\"4660\" data-end=\"4697\">Hyalogy AC Clear Cream no Forlled<\/strong> ir kr\u0113ms, kas paredz\u0113ts ikdienas kop\u0161anai taukainai un kombin\u0113tai \u0101dai, tostarp jut\u012bgai un iekaisumiem pak\u013cautai \u0101dai. Tas m\u012bkstina \u0101du, uztur optim\u0101lu mitruma l\u012bmeni un pal\u012bdz saglab\u0101t vesel\u012bgu, koptu izskatu bez smagn\u0113jas saj\u016btas.<\/p>\n<p data-start=\"4932\" data-end=\"5146\">Produkts pal\u012bdz uztur\u0113t \u0101das l\u012bdzsvaru, kontrol\u0113 lieko sebuma izdal\u012b\u0161anos un nodro\u0161ina svaigu, komfortablu saj\u016btu visas dienas garum\u0101. Kr\u0113ms viegli kl\u0101jas uz \u0101das, labi ies\u016bcas un ir piem\u0113rots regul\u0101rai lieto\u0161anai.<\/p>\n<p data-start=\"5148\" data-end=\"5346\">Regul\u0101ri lietojot, \u0101da izskat\u0101s glud\u0101ka, elast\u012bg\u0101ka un tvirt\u0101ka, ar maz\u0101ku noslieci uz sp\u012bdumu un diskomfortu. Kr\u0113ms lieliski iek\u013caujas ikdienas kop\u0161anas rut\u012bn\u0101 un ir piem\u0113rots ilgsto\u0161ai lieto\u0161anai.<\/p>\n<p data-start=\"5348\" data-end=\"5508\"><strong data-start=\"5348\" data-end=\"5389\">Kam piem\u0113rots Hyalogy AC Clear Cream:<\/strong> taukainai un kombin\u0113tai \u0101dai, tostarp jut\u012bgai \u0101dai un \u0101dai ar noslieci uz iekaisumiem un p\u0101rm\u0113r\u012bgu sebuma izdal\u012b\u0161anos.<\/p>\n<p data-start=\"5510\" data-end=\"5527\"><strong data-start=\"5510\" data-end=\"5522\">Tilpums:<\/strong> 50 g<\/p>\n","protected":false},"excerpt":{"rendered":"<p data-start=\"5678\" data-end=\"5726\">Balans\u0113jo\u0161s kr\u0113ms taukainai un kombin\u0113tai \u0101dai<\/p>\n<h2 data-start=\"5728\" data-end=\"5773\"><strong data-start=\"5728\" data-end=\"5773\">\u012apa\u0161\u012bbas Forlled &#8211; Hyalogy AC Clear Cream<\/strong><\/h2>\n<p data-start=\"5775\" data-end=\"5994\">\u2714\ufe0f Pal\u012bdz normaliz\u0113t \u0101das st\u0101vokli un sebuma izdal\u012b\u0161anos<br data-start=\"5831\" data-end=\"5834\" \/>\u2714\ufe0f Atbalsta \u0101das dabisko aizsardz\u012bbu<br data-start=\"5870\" data-end=\"5873\" \/>\u2714\ufe0f Atjauno l\u012bdzsvaru un komforta saj\u016btu<br data-start=\"5912\" data-end=\"5915\" \/>\u2714\ufe0f Uzlabo \u0101das elast\u012bbu un tvirtumu<br data-start=\"5950\" data-end=\"5953\" \/>\u2714\ufe0f Pie\u0161\u0137ir \u0101dai svaigu un koptu izskatu<\/p>\n","protected":false},"featured_media":78547,"template":"","meta":[],"pwb-brand":[776],"product_brand":[],"product_cat":[745,737,747],"product_tag":[],"giftcard-category":[],"class_list":{"0":"post-78546","1":"product","2":"type-product","3":"status-publish","4":"has-post-thumbnail","6":"pwb-brand-forlled","7":"product_cat-jutigai-adai","8":"product_cat-mitrinasana","9":"product_cat-taukainai-adai","11":"first","12":"instock","13":"taxable","14":"shipping-taxable","15":"purchasable","16":"product-type-simple"},"acf":[],"brands":[{"id":776,"name":"Forlled","slug":"forlled"}],"_links":{"self":[{"href":"https:\/\/skinstudio.ee\/lv\/wp-json\/wp\/v2\/product\/78546","targetHints":{"allow":["GET"]}}],"collection":[{"href":"https:\/\/skinstudio.ee\/lv\/wp-json\/wp\/v2\/product"}],"about":[{"href":"https:\/\/skinstudio.ee\/lv\/wp-json\/wp\/v2\/types\/product"}],"version-history":[{"count":1,"href":"https:\/\/skinstudio.ee\/lv\/wp-json\/wp\/v2\/product\/78546\/revisions"}],"predecessor-version":[{"id":78548,"href":"https:\/\/skinstudio.ee\/lv\/wp-json\/wp\/v2\/product\/78546\/revisions\/78548"}],"wp:featuredmedia":[{"embeddable":true,"href":"https:\/\/skinstudio.ee\/lv\/wp-json\/wp\/v2\/media\/78547"}],"wp:attachment":[{"href":"https:\/\/skinstudio.ee\/lv\/wp-json\/wp\/v2\/media?parent=78546"}],"wp:term":[{"taxonomy":"pwb-brand","embeddable":true,"href":"https:\/\/skinstudio.ee\/lv\/wp-json\/wp\/v2\/pwb-brand?post=78546"},{"taxonomy":"product_brand","embeddable":true,"href":"https:\/\/skinstudio.ee\/lv\/wp-json\/wp\/v2\/product_brand?post=78546"},{"taxonomy":"product_cat","embeddable":true,"href":"https:\/\/skinstudio.ee\/lv\/wp-json\/wp\/v2\/product_cat?post=78546"},{"taxonomy":"product_tag","embeddable":true,"href":"https:\/\/skinstudio.ee\/lv\/wp-json\/wp\/v2\/product_tag?post=78546"},{"taxonomy":"giftcard-category","embeddable":true,"href":"https:\/\/skinstudio.ee\/lv\/wp-json\/wp\/v2\/giftcard-category?post=78546"}],"curies":[{"name":"wp","href":"https:\/\/api.w.org\/{rel}","templated":true}]}}