{"id":78556,"date":"2024-04-09T14:25:40","date_gmt":"2024-04-09T14:25:40","guid":{"rendered":"https:\/\/skinstudio.ee\/?post_type=product&#038;p=78556"},"modified":"2026-02-13T15:27:17","modified_gmt":"2026-02-13T15:27:17","slug":"hyalogy-bw-concentrate","status":"publish","type":"product","link":"https:\/\/skinstudio.ee\/lv\/catalog\/forlled\/hyalogy-bw-concentrate\/","title":{"rendered":"Hyalogy BW Concentrate"},"content":{"rendered":"<p data-start=\"3303\" data-end=\"3537\"><strong data-start=\"3303\" data-end=\"3340\">Hyalogy BW Concentrate no Forlled<\/strong> ir \u0101du izgaismojo\u0161s serums, kas paredz\u0113ts \u0101das kop\u0161anai ar nevienm\u0113r\u012bgu toni un pigment\u0101cijas paz\u012bm\u0113m. Produkts pal\u012bdz uzlabot sejas kr\u0101sas skaidr\u012bbu, padarot \u0101du gai\u0161\u0101ku, vienm\u0113r\u012bg\u0101ku un kopt\u0101ku.<\/p>\n<p data-start=\"3539\" data-end=\"3743\">Serums veicina pigment\u0113to zonu vizu\u0101lu izgaismo\u0161anu un pal\u012bdz uztur\u0113t vienm\u0113r\u012bg\u0101ku \u0101das toni. Regul\u0101ri lietojot, \u0101da izskat\u0101s svaig\u0101ka, t\u012br\u0101ka un l\u012bdzsvarot\u0101ka, savuk\u0101rt pigment\u0101cijas redzam\u012bba samazin\u0101s.<\/p>\n<p data-start=\"3745\" data-end=\"4020\">Viegl\u0101 tekst\u016bra \u0113rti kl\u0101jas uz \u0101das un \u0101tri ies\u016bcas, padarot serumu piem\u0113rotu ikdienas lieto\u0161anai. Izgaismojo\u0161o l\u012bdzek\u013cu lieto\u0161an\u0101 svar\u012bgi apvienot kop\u0161anu ar regul\u0101ru mitrin\u0101\u0161anu un oblig\u0101tu UV aizsardz\u012bbu dienas laik\u0101, lai saglab\u0101tu \u0101das stabilit\u0101ti un uzlabotu rezult\u0101tus.<\/p>\n<p data-start=\"4022\" data-end=\"4153\"><strong data-start=\"4022\" data-end=\"4063\">Kam piem\u0113rots Hyalogy BW Concentrate:<\/strong> visiem \u0101das tipiem, tostarp \u0101dai ar pigment\u0101ciju, nevienm\u0113r\u012bgu toni un bl\u0101vu sejas kr\u0101su.<\/p>\n<p data-start=\"4155\" data-end=\"4173\"><strong data-start=\"4155\" data-end=\"4167\">Tilpums:<\/strong> 15 ml<\/p>\n","protected":false},"excerpt":{"rendered":"<p data-start=\"4397\" data-end=\"4418\">Izgaismojo\u0161s serums<\/p>\n<h2 data-start=\"4420\" data-end=\"4465\"><strong data-start=\"4420\" data-end=\"4465\">\u012apa\u0161\u012bbas Forlled &#8211; Hyalogy BW Concentrate<\/strong><\/h2>\n<p data-start=\"4467\" data-end=\"4698\">\u2714\ufe0f Vizu\u0101li izgaismo pigment\u0113tos laukumus<br data-start=\"4507\" data-end=\"4510\" \/>\u2714\ufe0f Pal\u012bdz nov\u0113rst jaunas pigment\u0101cijas veido\u0161anos<br data-start=\"4559\" data-end=\"4562\" \/>\u2714\ufe0f Uzlabo \u0101das toni un sejas kr\u0101sas vienm\u0113r\u012bgumu<br data-start=\"4610\" data-end=\"4613\" \/>\u2714\ufe0f Uztur optim\u0101lu \u0101das mitruma l\u012bmeni<br data-start=\"4650\" data-end=\"4653\" \/>\u2714\ufe0f Pie\u0161\u0137ir \u0101dai svaigu un starojo\u0161u izskatu<\/p>\n","protected":false},"featured_media":64531,"template":"","meta":[],"pwb-brand":[776],"product_brand":[],"product_cat":[751,723],"product_tag":[],"giftcard-category":[],"class_list":{"0":"post-78556","1":"product","2":"type-product","3":"status-publish","4":"has-post-thumbnail","6":"pwb-brand-forlled","7":"product_cat-pigmentacija-lv","8":"product_cat-serumi","10":"first","11":"instock","12":"taxable","13":"shipping-taxable","14":"purchasable","15":"product-type-simple"},"acf":[],"brands":[{"id":776,"name":"Forlled","slug":"forlled"}],"_links":{"self":[{"href":"https:\/\/skinstudio.ee\/lv\/wp-json\/wp\/v2\/product\/78556","targetHints":{"allow":["GET"]}}],"collection":[{"href":"https:\/\/skinstudio.ee\/lv\/wp-json\/wp\/v2\/product"}],"about":[{"href":"https:\/\/skinstudio.ee\/lv\/wp-json\/wp\/v2\/types\/product"}],"version-history":[{"count":1,"href":"https:\/\/skinstudio.ee\/lv\/wp-json\/wp\/v2\/product\/78556\/revisions"}],"predecessor-version":[{"id":78558,"href":"https:\/\/skinstudio.ee\/lv\/wp-json\/wp\/v2\/product\/78556\/revisions\/78558"}],"wp:featuredmedia":[{"embeddable":true,"href":"https:\/\/skinstudio.ee\/lv\/wp-json\/wp\/v2\/media\/64531"}],"wp:attachment":[{"href":"https:\/\/skinstudio.ee\/lv\/wp-json\/wp\/v2\/media?parent=78556"}],"wp:term":[{"taxonomy":"pwb-brand","embeddable":true,"href":"https:\/\/skinstudio.ee\/lv\/wp-json\/wp\/v2\/pwb-brand?post=78556"},{"taxonomy":"product_brand","embeddable":true,"href":"https:\/\/skinstudio.ee\/lv\/wp-json\/wp\/v2\/product_brand?post=78556"},{"taxonomy":"product_cat","embeddable":true,"href":"https:\/\/skinstudio.ee\/lv\/wp-json\/wp\/v2\/product_cat?post=78556"},{"taxonomy":"product_tag","embeddable":true,"href":"https:\/\/skinstudio.ee\/lv\/wp-json\/wp\/v2\/product_tag?post=78556"},{"taxonomy":"giftcard-category","embeddable":true,"href":"https:\/\/skinstudio.ee\/lv\/wp-json\/wp\/v2\/giftcard-category?post=78556"}],"curies":[{"name":"wp","href":"https:\/\/api.w.org\/{rel}","templated":true}]}}