{"id":78566,"date":"2024-04-09T13:38:06","date_gmt":"2024-04-09T13:38:06","guid":{"rendered":"https:\/\/skinstudio.ee\/?post_type=product&#038;p=78566"},"modified":"2026-02-13T15:27:36","modified_gmt":"2026-02-13T15:27:36","slug":"hyalogy-retimoist-essence","status":"publish","type":"product","link":"https:\/\/skinstudio.ee\/lv\/catalog\/forlled\/hyalogy-retimoist-essence\/","title":{"rendered":"Hyalogy RetiMoist Essence"},"content":{"rendered":"<p data-start=\"5117\" data-end=\"5359\"><strong data-start=\"5117\" data-end=\"5157\">Hyalogy RetiMoist Essence no Forlled<\/strong> ir nakts serums, kas paredz\u0113ts intens\u012bvai pret-noveco\u0161an\u0101s kop\u0161anai un \u0101das atjauno\u0161anai. Produkts pal\u012bdz uzlabot \u0101das tekst\u016bru, samazin\u0101t grumbu redzam\u012bbu un atbalst\u012bt stingr\u0101ku, kopt\u0101ku \u0101das izskatu.<\/p>\n<p data-start=\"5361\" data-end=\"5529\">Serums veicina glud\u0101ku un vienm\u0113r\u012bg\u0101ku \u0101das izskatu, k\u0101 ar\u012b pal\u012bdz uzlabot \u0101das elast\u012bbu un tvirtumu. Regul\u0101ri lietojot, \u0101da izskat\u0101s svaig\u0101ka, maig\u0101ka un jaunekl\u012bg\u0101ka.<\/p>\n<p data-start=\"5531\" data-end=\"5726\">Viegl\u0101 tekst\u016bra \u0101tri ies\u016bcas un ir \u0113rta lieto\u0161anai vakara kop\u0161an\u0101. Serums ieteicams klientiem p\u0113c 45 gadu vecuma, k\u0101 ar\u012b var tikt lietots \u012bslaic\u012bgi jaun\u0101kai \u0101dai intens\u012bvai atjaunojo\u0161ai kop\u0161anai.<\/p>\n<p data-start=\"5728\" data-end=\"5829\">Produkts paredz\u0113ts kursa lieto\u0161anai, kura minim\u0101lais ilgums ir divi m\u0113ne\u0161i atkar\u012bb\u0101 no \u0101das st\u0101vok\u013ca.<\/p>\n<p data-start=\"5831\" data-end=\"5971\"><strong data-start=\"5831\" data-end=\"5875\">Kam piem\u0113rots Hyalogy RetiMoist Essence:<\/strong> nobriedu\u0161ai \u0101dai ar redzam\u0101m noveco\u0161an\u0101s paz\u012bm\u0113m, samazin\u0101tu elast\u012bbu un nevienm\u0113r\u012bgu tekst\u016bru.<\/p>\n<p data-start=\"5973\" data-end=\"5991\"><strong data-start=\"5973\" data-end=\"5985\">Tilpums:<\/strong> 30 ml<\/p>\n","protected":false},"excerpt":{"rendered":"<p data-start=\"6261\" data-end=\"6287\">Nakts serums ar retinolu<\/p>\n<h2 data-start=\"6289\" data-end=\"6337\"><strong data-start=\"6289\" data-end=\"6337\">\u012apa\u0161\u012bbas Forlled &#8211; Hyalogy RetiMoist Essence<\/strong><\/h2>\n<p data-start=\"6339\" data-end=\"6530\">\u2714\ufe0f Samazina grumbu redzam\u012bbu<br data-start=\"6367\" data-end=\"6370\" \/>\u2714\ufe0f Uzlabo \u0101das elast\u012bbu un tvirtumu<br data-start=\"6405\" data-end=\"6408\" \/>\u2714\ufe0f Uzlabo \u0101das tekst\u016bru un kop\u0113jo izskatu<br data-start=\"6449\" data-end=\"6452\" \/>\u2714\ufe0f Atbalsta \u0101das atjauno\u0161anos nakts laik\u0101<br data-start=\"6493\" data-end=\"6496\" \/>\u2714\ufe0f Padara \u0101du glud\u0101ku un kopt\u0101ku<\/p>\n","protected":false},"featured_media":64536,"template":"","meta":[],"pwb-brand":[776],"product_brand":[],"product_cat":[727,723],"product_tag":[],"giftcard-category":[],"class_list":{"0":"post-78566","1":"product","2":"type-product","3":"status-publish","4":"has-post-thumbnail","6":"pwb-brand-forlled","7":"product_cat-a-vitamins-retinols","8":"product_cat-serumi","10":"first","11":"instock","12":"sale","13":"taxable","14":"shipping-taxable","15":"purchasable","16":"product-type-simple"},"acf":[],"brands":[{"id":776,"name":"Forlled","slug":"forlled"}],"_links":{"self":[{"href":"https:\/\/skinstudio.ee\/lv\/wp-json\/wp\/v2\/product\/78566","targetHints":{"allow":["GET"]}}],"collection":[{"href":"https:\/\/skinstudio.ee\/lv\/wp-json\/wp\/v2\/product"}],"about":[{"href":"https:\/\/skinstudio.ee\/lv\/wp-json\/wp\/v2\/types\/product"}],"version-history":[{"count":1,"href":"https:\/\/skinstudio.ee\/lv\/wp-json\/wp\/v2\/product\/78566\/revisions"}],"predecessor-version":[{"id":78568,"href":"https:\/\/skinstudio.ee\/lv\/wp-json\/wp\/v2\/product\/78566\/revisions\/78568"}],"wp:featuredmedia":[{"embeddable":true,"href":"https:\/\/skinstudio.ee\/lv\/wp-json\/wp\/v2\/media\/64536"}],"wp:attachment":[{"href":"https:\/\/skinstudio.ee\/lv\/wp-json\/wp\/v2\/media?parent=78566"}],"wp:term":[{"taxonomy":"pwb-brand","embeddable":true,"href":"https:\/\/skinstudio.ee\/lv\/wp-json\/wp\/v2\/pwb-brand?post=78566"},{"taxonomy":"product_brand","embeddable":true,"href":"https:\/\/skinstudio.ee\/lv\/wp-json\/wp\/v2\/product_brand?post=78566"},{"taxonomy":"product_cat","embeddable":true,"href":"https:\/\/skinstudio.ee\/lv\/wp-json\/wp\/v2\/product_cat?post=78566"},{"taxonomy":"product_tag","embeddable":true,"href":"https:\/\/skinstudio.ee\/lv\/wp-json\/wp\/v2\/product_tag?post=78566"},{"taxonomy":"giftcard-category","embeddable":true,"href":"https:\/\/skinstudio.ee\/lv\/wp-json\/wp\/v2\/giftcard-category?post=78566"}],"curies":[{"name":"wp","href":"https:\/\/api.w.org\/{rel}","templated":true}]}}