{"id":78576,"date":"2024-04-06T11:40:41","date_gmt":"2024-04-06T11:40:41","guid":{"rendered":"https:\/\/skinstudio.ee\/?post_type=product&#038;p=78576"},"modified":"2026-02-13T15:27:22","modified_gmt":"2026-02-13T15:27:22","slug":"hyalogy-eye-moistlift","status":"publish","type":"product","link":"https:\/\/skinstudio.ee\/lv\/catalog\/forlled\/hyalogy-eye-moistlift\/","title":{"rendered":"Hyalogy Eye Moistlift"},"content":{"rendered":"<p data-start=\"196\" data-end=\"449\"><strong data-start=\"196\" data-end=\"232\">Hyalogy Eye Moistlift no Forlled<\/strong> ir viegls, maigs un \u0101tri uzs\u016bco\u0161s serums acu zonas \u0101dai ar izteiktu liftinga un mitrino\u0161u iedarb\u012bbu. Produkts ir paredz\u0113ts akt\u012bvai vecuma izmai\u0146u korekcijai periorbit\u0101laj\u0101 zon\u0101 un \u0101das kvalit\u0101tes uzlabo\u0161anai ap ac\u012bm.<\/p>\n<p data-start=\"451\" data-end=\"720\">Serums pal\u012bdz samazin\u0101t krunci\u0146u dzi\u013cumu un redzam\u012bbu, tostarp m\u012bmikas krunkas un \u201cv\u0101rnu k\u0101ji\u0146as\u201d. Regul\u0101ri lietojot, \u0101da ap ac\u012bm k\u013c\u016bst glud\u0101ka, bl\u012bv\u0101ka un tvirt\u0101ka, uzlabojas t\u0101s tonis un tekst\u016bra. Pateicoties liftinga efektam, skatiens izskat\u0101s atv\u0113rt\u0101ks un svaig\u0101ks.<\/p>\n<p data-start=\"722\" data-end=\"949\">Serums pal\u012bdz izl\u012bdzin\u0101t plaksti\u0146u \u0101das toni, padarot to gai\u0161\u0101ku un vienm\u0113r\u012bg\u0101ku. Formula nodro\u0161ina antioksidantu aizsardz\u012bbu un atbalsta \u0101das aizsargfunkcijas, pal\u012bdzot pasarg\u0101t jut\u012bgo acu zonu no agres\u012bviem \u0101r\u0113jiem faktoriem.<\/p>\n<p data-start=\"951\" data-end=\"1128\">Produktu var lietot gan ikdienas m\u0101jas kop\u0161an\u0101, gan atjauno\u0161an\u0101s period\u0101 p\u0113c blefaroplastikas, tostarp p\u0113c \u0137irur\u0123isk\u0101m un ne\u0137irur\u0123isk\u0101m proced\u016br\u0101m (piem\u0113ram, ar plazmas metodi).<\/p>\n<p data-start=\"1130\" data-end=\"1321\"><strong data-start=\"1130\" data-end=\"1170\">Kam piem\u0113rots Hyalogy Eye Moistlift:<\/strong> acu zonas \u0101dai ar redzam\u0101m noveco\u0161an\u0101s paz\u012bm\u0113m, samazin\u0101tu elast\u012bbu, krunci\u0146\u0101m un nevienm\u0113r\u012bgu toni, k\u0101 ar\u012b \u0101dai atvese\u013co\u0161an\u0101s period\u0101 p\u0113c proced\u016br\u0101m.<\/p>\n<p data-start=\"1323\" data-end=\"1341\"><strong data-start=\"1323\" data-end=\"1335\">Tilpums:<\/strong> 10 ml<\/p>\n","protected":false},"excerpt":{"rendered":"<p data-start=\"1696\" data-end=\"1724\">Lift\u0113jo\u0161s serums acu zonai<\/p>\n<h2 data-start=\"1726\" data-end=\"1770\"><strong data-start=\"1726\" data-end=\"1770\">\u012apa\u0161\u012bbas Forlled &#8211; Hyalogy Eye Moistlift<\/strong><\/h2>\n<p data-start=\"1772\" data-end=\"1961\">\u2714\ufe0f Samazina m\u012bmikas krunci\u0146u dzi\u013cumu<br data-start=\"1808\" data-end=\"1811\" \/>\u2714\ufe0f Mazina \u201cv\u0101rnu k\u0101ji\u0146u\u201d redzam\u012bbu<br data-start=\"1845\" data-end=\"1848\" \/>\u2714\ufe0f Palielina plaksti\u0146u \u0101das elast\u012bbu<br data-start=\"1884\" data-end=\"1887\" \/>\u2714\ufe0f Nodro\u0161ina izteiktu liftinga efektu<br data-start=\"1924\" data-end=\"1927\" \/>\u2714\ufe0f Intens\u012bvi mitrina \u0101du ap ac\u012bm<\/p>\n","protected":false},"featured_media":64660,"template":"","meta":[],"pwb-brand":[776],"product_brand":[],"product_cat":[733],"product_tag":[],"giftcard-category":[],"class_list":{"0":"post-78576","1":"product","2":"type-product","3":"status-publish","4":"has-post-thumbnail","6":"pwb-brand-forlled","7":"product_cat-ada-ap-acim","9":"first","10":"instock","11":"taxable","12":"shipping-taxable","13":"purchasable","14":"product-type-simple"},"acf":[],"brands":[{"id":776,"name":"Forlled","slug":"forlled"}],"_links":{"self":[{"href":"https:\/\/skinstudio.ee\/lv\/wp-json\/wp\/v2\/product\/78576","targetHints":{"allow":["GET"]}}],"collection":[{"href":"https:\/\/skinstudio.ee\/lv\/wp-json\/wp\/v2\/product"}],"about":[{"href":"https:\/\/skinstudio.ee\/lv\/wp-json\/wp\/v2\/types\/product"}],"version-history":[{"count":1,"href":"https:\/\/skinstudio.ee\/lv\/wp-json\/wp\/v2\/product\/78576\/revisions"}],"predecessor-version":[{"id":78579,"href":"https:\/\/skinstudio.ee\/lv\/wp-json\/wp\/v2\/product\/78576\/revisions\/78579"}],"wp:featuredmedia":[{"embeddable":true,"href":"https:\/\/skinstudio.ee\/lv\/wp-json\/wp\/v2\/media\/64660"}],"wp:attachment":[{"href":"https:\/\/skinstudio.ee\/lv\/wp-json\/wp\/v2\/media?parent=78576"}],"wp:term":[{"taxonomy":"pwb-brand","embeddable":true,"href":"https:\/\/skinstudio.ee\/lv\/wp-json\/wp\/v2\/pwb-brand?post=78576"},{"taxonomy":"product_brand","embeddable":true,"href":"https:\/\/skinstudio.ee\/lv\/wp-json\/wp\/v2\/product_brand?post=78576"},{"taxonomy":"product_cat","embeddable":true,"href":"https:\/\/skinstudio.ee\/lv\/wp-json\/wp\/v2\/product_cat?post=78576"},{"taxonomy":"product_tag","embeddable":true,"href":"https:\/\/skinstudio.ee\/lv\/wp-json\/wp\/v2\/product_tag?post=78576"},{"taxonomy":"giftcard-category","embeddable":true,"href":"https:\/\/skinstudio.ee\/lv\/wp-json\/wp\/v2\/giftcard-category?post=78576"}],"curies":[{"name":"wp","href":"https:\/\/api.w.org\/{rel}","templated":true}]}}