{"id":78624,"date":"2024-04-06T10:32:58","date_gmt":"2024-04-06T10:32:58","guid":{"rendered":"https:\/\/skinstudio.ee\/?post_type=product&#038;p=78624"},"modified":"2026-02-13T15:27:15","modified_gmt":"2026-02-13T15:27:15","slug":"hyalogy-ac-clear-essence","status":"publish","type":"product","link":"https:\/\/skinstudio.ee\/lv\/catalog\/forlled\/hyalogy-ac-clear-essence\/","title":{"rendered":"Hyalogy AC Clear Essence"},"content":{"rendered":"<p data-start=\"3062\" data-end=\"3339\"><strong data-start=\"3062\" data-end=\"3101\">Hyalogy AC Clear Essence no Forlled<\/strong> ir serums ar izteiktu pretiekaisuma un nomierino\u0161u iedarb\u012bbu, kas paredz\u0113ts iekaisumiem un pastiprin\u0101tai sebuma izdalei pak\u013cautas \u0101das kop\u0161anai. Produkts pal\u012bdz mazin\u0101t \u0101das reaktivit\u0101ti un uztur\u0113t stabil\u0101ku, l\u012bdzsvarot\u0101ku \u0101das st\u0101vokli.<\/p>\n<p data-start=\"3341\" data-end=\"3547\">Serums veicina liek\u0101 sebuma samazin\u0101\u0161anos, nodro\u0161ina \u0101das mitrin\u0101\u0161anu epidermas un dermas l\u012bmen\u012b, k\u0101 ar\u012b pa\u0101trina audu atjauno\u0161an\u0101s procesus. Regul\u0101ri lietojot, \u0101da k\u013c\u016bst mier\u012bg\u0101ka, vienm\u0113r\u012bg\u0101ka un kopt\u0101ka.<\/p>\n<p data-start=\"3549\" data-end=\"3804\">Formula ir v\u0113rsta uz iekaisuma elementu veido\u0161an\u0101s profilaksi un patog\u0113n\u0101s mikrofloras att\u012bst\u012bbas nom\u0101k\u0161anu uz \u0101das virsmas. Serums labi iek\u013caujas ikdienas kop\u0161anas rut\u012bn\u0101 un var tikt izmantots k\u0101 atbalsto\u0161s posms aknes un postaknes korekcijas programm\u0101s.<\/p>\n<p data-start=\"3806\" data-end=\"3977\"><strong data-start=\"3806\" data-end=\"3849\">Kam piem\u0113rots Hyalogy AC Clear Essence:<\/strong> taukainai un kombin\u0113tai \u0101dai ar noslieci uz iekaisumiem, pastiprin\u0101tu sebuma izdal\u012b\u0161anos un mikrofloras l\u012bdzsvara trauc\u0113jumiem.<\/p>\n<p data-start=\"3979\" data-end=\"3997\"><strong data-start=\"3979\" data-end=\"3991\">Tilpums:<\/strong> 30 ml<\/p>\n","protected":false},"excerpt":{"rendered":"<p data-start=\"4067\" data-end=\"4089\">Pretiekaisuma serums<\/p>\n<h2 data-start=\"4091\" data-end=\"4138\"><strong data-start=\"4091\" data-end=\"4138\">\u012apa\u0161\u012bbas Forlled &#8211; Hyalogy AC Clear Essence<\/strong><\/h2>\n<p data-start=\"4140\" data-end=\"4367\">\u2714\ufe0f Blo\u0137\u0113 iekaisuma elementu att\u012bst\u012bbu<br data-start=\"4177\" data-end=\"4180\" \/>\u2714\ufe0f Nodro\u0161ina ilgsto\u0161u antibakteri\u0101lu aizsardz\u012bbu<br data-start=\"4228\" data-end=\"4231\" \/>\u2714\ufe0f Normaliz\u0113 sebuma izdal\u012b\u0161anos un kvalit\u0101ti<br data-start=\"4275\" data-end=\"4278\" \/>\u2714\ufe0f Kontrol\u0113 dabisko \u0101das mikrofloru<br data-start=\"4313\" data-end=\"4316\" \/>\u2714\ufe0f Veicina \u0101das re\u0123ener\u0101ciju un mazina r\u0113tu risku<\/p>\n","protected":false},"featured_media":78625,"template":"","meta":[],"pwb-brand":[776],"product_brand":[],"product_cat":[741,723,747],"product_tag":[],"giftcard-category":[],"class_list":{"0":"post-78624","1":"product","2":"type-product","3":"status-publish","4":"has-post-thumbnail","6":"pwb-brand-forlled","7":"product_cat-izsitumi","8":"product_cat-serumi","9":"product_cat-taukainai-adai","11":"first","12":"instock","13":"taxable","14":"shipping-taxable","15":"purchasable","16":"product-type-simple"},"acf":[],"brands":[{"id":776,"name":"Forlled","slug":"forlled"}],"_links":{"self":[{"href":"https:\/\/skinstudio.ee\/lv\/wp-json\/wp\/v2\/product\/78624","targetHints":{"allow":["GET"]}}],"collection":[{"href":"https:\/\/skinstudio.ee\/lv\/wp-json\/wp\/v2\/product"}],"about":[{"href":"https:\/\/skinstudio.ee\/lv\/wp-json\/wp\/v2\/types\/product"}],"version-history":[{"count":1,"href":"https:\/\/skinstudio.ee\/lv\/wp-json\/wp\/v2\/product\/78624\/revisions"}],"predecessor-version":[{"id":78626,"href":"https:\/\/skinstudio.ee\/lv\/wp-json\/wp\/v2\/product\/78624\/revisions\/78626"}],"wp:featuredmedia":[{"embeddable":true,"href":"https:\/\/skinstudio.ee\/lv\/wp-json\/wp\/v2\/media\/78625"}],"wp:attachment":[{"href":"https:\/\/skinstudio.ee\/lv\/wp-json\/wp\/v2\/media?parent=78624"}],"wp:term":[{"taxonomy":"pwb-brand","embeddable":true,"href":"https:\/\/skinstudio.ee\/lv\/wp-json\/wp\/v2\/pwb-brand?post=78624"},{"taxonomy":"product_brand","embeddable":true,"href":"https:\/\/skinstudio.ee\/lv\/wp-json\/wp\/v2\/product_brand?post=78624"},{"taxonomy":"product_cat","embeddable":true,"href":"https:\/\/skinstudio.ee\/lv\/wp-json\/wp\/v2\/product_cat?post=78624"},{"taxonomy":"product_tag","embeddable":true,"href":"https:\/\/skinstudio.ee\/lv\/wp-json\/wp\/v2\/product_tag?post=78624"},{"taxonomy":"giftcard-category","embeddable":true,"href":"https:\/\/skinstudio.ee\/lv\/wp-json\/wp\/v2\/giftcard-category?post=78624"}],"curies":[{"name":"wp","href":"https:\/\/api.w.org\/{rel}","templated":true}]}}