{"id":78633,"date":"2024-04-06T09:44:14","date_gmt":"2024-04-06T09:44:14","guid":{"rendered":"https:\/\/skinstudio.ee\/?post_type=product&#038;p=78633"},"modified":"2026-02-13T15:27:23","modified_gmt":"2026-02-13T15:27:23","slug":"hyalogy-female-hormone-essence","status":"publish","type":"product","link":"https:\/\/skinstudio.ee\/lv\/catalog\/forlled\/hyalogy-female-hormone-essence\/","title":{"rendered":"Hyalogy Female Hormone Essence"},"content":{"rendered":"<p data-start=\"4341\" data-end=\"4626\"><strong data-start=\"4341\" data-end=\"4386\">Hyalogy Female Hormone Essence no Forlled<\/strong> ir pretnoveco\u0161an\u0101s serums nobriedu\u0161ai \u0101dai, kas paredz\u0113ts ar vecumu saist\u012bto izmai\u0146u korekcijai un hronolo\u0123isk\u0101s noveco\u0161an\u0101s profilaksei \u0161\u016bnu l\u012bmen\u012b. Produkts ir izstr\u0101d\u0101ts, \u0146emot v\u0113r\u0101 \u0101das specifisk\u0101s vajadz\u012bbas hormon\u0101lo izmai\u0146u period\u0101.<\/p>\n<p data-start=\"4628\" data-end=\"4894\">Serums pal\u012bdz samazin\u0101t krunci\u0146u izteikt\u012bbu, uzlabo \u0101das bl\u012bvumu un tonusu, aktiviz\u0113 vielmai\u0146as procesus un mikrocirkul\u0101ciju. Regul\u0101ri lietojot, uzlabojas epidermas strukt\u016bra, \u0101da k\u013c\u016bst tvirt\u0101ka un vienm\u0113r\u012bg\u0101ka, k\u0101 ar\u012b palielin\u0101s t\u0101s notur\u012bba pret oksidat\u012bvo stresu.<\/p>\n<p data-start=\"4896\" data-end=\"5157\">Produkts piln\u012bb\u0101 atbilst nobriedu\u0161as \u0101das vajadz\u012bb\u0101m, kas saist\u012btas ar re\u0123ener\u0101cijas potenci\u0101la samazin\u0101\u0161anos un \u0101das kvalit\u0101tes izmai\u0146\u0101m. Serumu var lietot k\u0101 patst\u0101v\u012bgu pretnoveco\u0161an\u0101s kop\u0161anas l\u012bdzekli, k\u0101 ar\u012b programm\u0101s pirms un p\u0113c est\u0113tiskaj\u0101m proced\u016br\u0101m.<\/p>\n<p data-start=\"5159\" data-end=\"5319\">Produkts ieteicams regul\u0101rai sausas, norm\u0101las un kombin\u0113tas \u0101das kop\u0161anai p\u0113c 40 gadu vecuma. Nav ieteicams \u013coti taukainai \u0101dai un \u0101dai ar akt\u012bviem iekaisumiem.<\/p>\n<p data-start=\"5321\" data-end=\"5560\"><strong data-start=\"5321\" data-end=\"5370\">Kam piem\u0113rots Hyalogy Female Hormone Essence:<\/strong> nobriedu\u0161ai \u0101dai ar izteikt\u0101m noveco\u0161an\u0101s paz\u012bm\u0113m, samazin\u0101tu elast\u012bbu un tonusu, vecuma padzi\u013cin\u0101t\u0101m krunci\u0146\u0101m, kuperozi un aps\u0101rtumu, k\u0101 ar\u012b lieto\u0161anai pirms un p\u0113c est\u0113tisk\u0101m proced\u016br\u0101m.<\/p>\n<p data-start=\"5562\" data-end=\"5580\"><strong data-start=\"5562\" data-end=\"5574\">Tilpums:<\/strong> 30 ml<\/p>\n","protected":false},"excerpt":{"rendered":"<p data-start=\"5883\" data-end=\"5924\">Pretnoveco\u0161an\u0101s serums nobriedu\u0161ai \u0101dai<\/p>\n<h2 data-start=\"5926\" data-end=\"5979\"><strong data-start=\"5926\" data-end=\"5979\">\u012apa\u0161\u012bbas Forlled &#8211; Hyalogy Female Hormone Essence<\/strong><\/h2>\n<p data-start=\"5981\" data-end=\"6199\">\u2714\ufe0f Nodro\u0161ina izteiktu pretnoveco\u0161an\u0101s efektu<br data-start=\"6025\" data-end=\"6028\" \/>\u2714\ufe0f Samazina krunci\u0146u dzi\u013cumu un redzam\u012bbu<br data-start=\"6069\" data-end=\"6072\" \/>\u2714\ufe0f Aktiviz\u0113 \u0161\u016bnu re\u0123ener\u0101ciju<br data-start=\"6101\" data-end=\"6104\" \/>\u2714\ufe0f Pastiprina antioksidantu aizsardz\u012bbu<br data-start=\"6143\" data-end=\"6146\" \/>\u2714\ufe0f Nostiprina asinsvadu sieni\u0146as un mazina kuperozi<\/p>\n","protected":false},"featured_media":78634,"template":"","meta":[],"pwb-brand":[776],"product_brand":[],"product_cat":[749,723],"product_tag":[],"giftcard-category":[],"class_list":{"0":"post-78633","1":"product","2":"type-product","3":"status-publish","4":"has-post-thumbnail","6":"pwb-brand-forlled","7":"product_cat-novecojosa-ada","8":"product_cat-serumi","10":"first","11":"instock","12":"taxable","13":"shipping-taxable","14":"purchasable","15":"product-type-simple"},"acf":[],"brands":[{"id":776,"name":"Forlled","slug":"forlled"}],"_links":{"self":[{"href":"https:\/\/skinstudio.ee\/lv\/wp-json\/wp\/v2\/product\/78633","targetHints":{"allow":["GET"]}}],"collection":[{"href":"https:\/\/skinstudio.ee\/lv\/wp-json\/wp\/v2\/product"}],"about":[{"href":"https:\/\/skinstudio.ee\/lv\/wp-json\/wp\/v2\/types\/product"}],"version-history":[{"count":1,"href":"https:\/\/skinstudio.ee\/lv\/wp-json\/wp\/v2\/product\/78633\/revisions"}],"predecessor-version":[{"id":78635,"href":"https:\/\/skinstudio.ee\/lv\/wp-json\/wp\/v2\/product\/78633\/revisions\/78635"}],"wp:featuredmedia":[{"embeddable":true,"href":"https:\/\/skinstudio.ee\/lv\/wp-json\/wp\/v2\/media\/78634"}],"wp:attachment":[{"href":"https:\/\/skinstudio.ee\/lv\/wp-json\/wp\/v2\/media?parent=78633"}],"wp:term":[{"taxonomy":"pwb-brand","embeddable":true,"href":"https:\/\/skinstudio.ee\/lv\/wp-json\/wp\/v2\/pwb-brand?post=78633"},{"taxonomy":"product_brand","embeddable":true,"href":"https:\/\/skinstudio.ee\/lv\/wp-json\/wp\/v2\/product_brand?post=78633"},{"taxonomy":"product_cat","embeddable":true,"href":"https:\/\/skinstudio.ee\/lv\/wp-json\/wp\/v2\/product_cat?post=78633"},{"taxonomy":"product_tag","embeddable":true,"href":"https:\/\/skinstudio.ee\/lv\/wp-json\/wp\/v2\/product_tag?post=78633"},{"taxonomy":"giftcard-category","embeddable":true,"href":"https:\/\/skinstudio.ee\/lv\/wp-json\/wp\/v2\/giftcard-category?post=78633"}],"curies":[{"name":"wp","href":"https:\/\/api.w.org\/{rel}","templated":true}]}}