{"id":78642,"date":"2024-04-04T11:26:52","date_gmt":"2024-04-04T11:26:52","guid":{"rendered":"https:\/\/skinstudio.ee\/?post_type=product&#038;p=78642"},"modified":"2026-02-13T15:27:32","modified_gmt":"2026-02-13T15:27:32","slug":"hyalogy-platinum-face-cream","status":"publish","type":"product","link":"https:\/\/skinstudio.ee\/lv\/catalog\/forlled\/hyalogy-platinum-face-cream\/","title":{"rendered":"Hyalogy Platinum Face Cream"},"content":{"rendered":"<p data-start=\"4234\" data-end=\"4542\"><strong data-start=\"4234\" data-end=\"4268\">Platinum Face Cream no Forlled<\/strong> ir antioksidanta sejas kr\u0113ms ar zemas molekulmasas joniz\u0113tu plat\u012bnu, kas izstr\u0101d\u0101ts, izmantojot nanotehnolo\u0123ijas, lai iedarbotos uz galvenajiem \u0101das noveco\u0161an\u0101s meh\u0101nismiem. Pateicoties akt\u012bvo da\u013ci\u0146u \u012bpa\u0161i mazajam izm\u0113ram, produkts efekt\u012bvi darbojas dzi\u013c\u0101kajos \u0101das sl\u0101\u0146os.<\/p>\n<p data-start=\"4544\" data-end=\"4830\">Hyalogy Platinum kompleks\u0101 izmantot\u0101s plat\u012bna da\u013ci\u0146as ir aptuveni 0,2 nanometru lielas, kas \u013cauj t\u0101m rea\u0123\u0113t ar \u016bdeni un veidot nevis koloid\u0101lu, bet \u012bstu \u016bdens \u0161\u0137\u012bdumu. \u0160\u012b forma ir fiziolo\u0123iski piem\u0113rot\u0101ka \u0101das \u0161\u016bn\u0101m un b\u016btiski palielina plat\u012bna caurlaid\u012bbu un antioksidat\u012bvo aktivit\u0101ti.<\/p>\n<p data-start=\"4832\" data-end=\"5116\">Kr\u0113ms pal\u012bdz pal\u0113nin\u0101t hronolo\u0123isk\u0101s noveco\u0161an\u0101s procesus, aizsarg\u0101 \u0101du no br\u012bvo radik\u0101\u013cu posto\u0161\u0101s ietekmes, uzlabo \u0101das strukt\u016bru un izskatu, k\u0101 ar\u012b palielina t\u0101s tvirtumu, tonusu un mitruma l\u012bmeni no iek\u0161puses. Regul\u0101ri lietojot, \u0101da k\u013c\u016bst elast\u012bg\u0101ka, glud\u0101ka un vizu\u0101li vesel\u012bg\u0101ka.<\/p>\n<p data-start=\"5118\" data-end=\"5369\">Formula ir bag\u0101tin\u0101ta ar karnnoz\u012bnu \u2013 univers\u0101lu geroprotektoru ar antioksidat\u012bvu, antiglik\u0101cijas un aizsarg\u0101jo\u0161u iedarb\u012bbu. Karnnoz\u012bns veicina boj\u0101to olbaltumvielu izvad\u012b\u0161anu, saglab\u0101 audu re\u0123ener\u0101cijas potenci\u0101lu un pal\u0113nina fibroblastu noveco\u0161anos.<\/p>\n<p data-start=\"5371\" data-end=\"5560\"><strong data-start=\"5371\" data-end=\"5417\">Kam piem\u0113rots Hyalogy Platinum Face Cream:<\/strong> \u0101dai ar izteikt\u0101m noveco\u0161an\u0101s paz\u012bm\u0113m, samazin\u0101tu tvirtumu un elast\u012bbu, strukt\u016bras trauc\u0113jumiem, fotonoveco\u0161an\u0101s un oksidat\u012bv\u0101 stresa paz\u012bm\u0113m.<\/p>\n<p data-start=\"5562\" data-end=\"5579\"><strong data-start=\"5562\" data-end=\"5574\">Tilpums:<\/strong> 50 g<\/p>\n","protected":false},"excerpt":{"rendered":"<p data-start=\"5798\" data-end=\"5825\">Antioksidanta sejas kr\u0113ms<\/p>\n<h2 data-start=\"5827\" data-end=\"5877\"><strong data-start=\"5827\" data-end=\"5877\">\u012apa\u0161\u012bbas Forlled &#8211; Hyalogy Platinum Face Cream<\/strong><\/h2>\n<p data-start=\"5879\" data-end=\"6095\">\u2714\ufe0f Nodro\u0161ina sp\u0113c\u012bgu antioksidat\u012bvu aizsardz\u012bbu<br data-start=\"5926\" data-end=\"5929\" \/>\u2714\ufe0f Pal\u012bdz samazin\u0101t pigment\u0101ciju un izgaismot \u0101du<br data-start=\"5978\" data-end=\"5981\" \/>\u2714\ufe0f Aizsarg\u0101 \u0101du no mitruma zuduma<br data-start=\"6014\" data-end=\"6017\" \/>\u2714\ufe0f M\u012bkstina \u0101du un uzlabo t\u0101s tekst\u016bru<br data-start=\"6055\" data-end=\"6058\" \/>\u2714\ufe0f Nov\u0113r\u0161 priek\u0161laic\u012bgu noveco\u0161anos<\/p>\n","protected":false},"featured_media":78643,"template":"","meta":[],"pwb-brand":[776],"product_brand":[],"product_cat":[745,737,749,739,747],"product_tag":[],"giftcard-category":[],"class_list":{"0":"post-78642","1":"product","2":"type-product","3":"status-publish","4":"has-post-thumbnail","6":"pwb-brand-forlled","7":"product_cat-jutigai-adai","8":"product_cat-mitrinasana","9":"product_cat-novecojosa-ada","10":"product_cat-sausai-adai","11":"product_cat-taukainai-adai","13":"first","14":"instock","15":"taxable","16":"shipping-taxable","17":"purchasable","18":"product-type-simple"},"acf":[],"brands":[{"id":776,"name":"Forlled","slug":"forlled"}],"_links":{"self":[{"href":"https:\/\/skinstudio.ee\/lv\/wp-json\/wp\/v2\/product\/78642","targetHints":{"allow":["GET"]}}],"collection":[{"href":"https:\/\/skinstudio.ee\/lv\/wp-json\/wp\/v2\/product"}],"about":[{"href":"https:\/\/skinstudio.ee\/lv\/wp-json\/wp\/v2\/types\/product"}],"version-history":[{"count":1,"href":"https:\/\/skinstudio.ee\/lv\/wp-json\/wp\/v2\/product\/78642\/revisions"}],"predecessor-version":[{"id":78644,"href":"https:\/\/skinstudio.ee\/lv\/wp-json\/wp\/v2\/product\/78642\/revisions\/78644"}],"wp:featuredmedia":[{"embeddable":true,"href":"https:\/\/skinstudio.ee\/lv\/wp-json\/wp\/v2\/media\/78643"}],"wp:attachment":[{"href":"https:\/\/skinstudio.ee\/lv\/wp-json\/wp\/v2\/media?parent=78642"}],"wp:term":[{"taxonomy":"pwb-brand","embeddable":true,"href":"https:\/\/skinstudio.ee\/lv\/wp-json\/wp\/v2\/pwb-brand?post=78642"},{"taxonomy":"product_brand","embeddable":true,"href":"https:\/\/skinstudio.ee\/lv\/wp-json\/wp\/v2\/product_brand?post=78642"},{"taxonomy":"product_cat","embeddable":true,"href":"https:\/\/skinstudio.ee\/lv\/wp-json\/wp\/v2\/product_cat?post=78642"},{"taxonomy":"product_tag","embeddable":true,"href":"https:\/\/skinstudio.ee\/lv\/wp-json\/wp\/v2\/product_tag?post=78642"},{"taxonomy":"giftcard-category","embeddable":true,"href":"https:\/\/skinstudio.ee\/lv\/wp-json\/wp\/v2\/giftcard-category?post=78642"}],"curies":[{"name":"wp","href":"https:\/\/api.w.org\/{rel}","templated":true}]}}