{"id":78652,"date":"2024-04-04T10:41:30","date_gmt":"2024-04-04T10:41:30","guid":{"rendered":"https:\/\/skinstudio.ee\/?post_type=product&#038;p=78652"},"modified":"2026-02-13T15:27:41","modified_gmt":"2026-02-13T15:27:41","slug":"hyalogy-vk-essence","status":"publish","type":"product","link":"https:\/\/skinstudio.ee\/lv\/catalog\/forlled\/hyalogy-vk-essence\/","title":{"rendered":"Hyalogy VK Essence"},"content":{"rendered":"<p data-start=\"3132\" data-end=\"3372\"><strong data-start=\"3132\" data-end=\"3165\">Hyalogy VK Essence no Forlled<\/strong> ir serums, kas paredz\u0113ts sejas \u0101das aps\u0101rtuma profilaksei un mazin\u0101\u0161anai, k\u0101 ar\u012b trauslu asinsvadu stiprin\u0101\u0161anai. Produkts ir v\u0113rsts uz asinsvadu stabilit\u0101tes uzlabo\u0161anu un kuperozes izpausmju samazin\u0101\u0161anu.<\/p>\n<p data-start=\"3374\" data-end=\"3610\">Serums pal\u012bdz nostiprin\u0101t asinsvadu sieni\u0146as, nov\u0113r\u0161 redzamo kapil\u0101ru t\u0101l\u0101ku izplat\u012b\u0161anos, pa\u0101trina iekaisuma elementu dz\u012b\u0161anu un samazina \u0101das reaktivit\u0101ti. Regul\u0101ri lietojot, \u0101da k\u013c\u016bst mier\u012bg\u0101ka, vienm\u0113r\u012bg\u0101ka un vizu\u0101li l\u012bdzsvarot\u0101ka.<\/p>\n<p data-start=\"3612\" data-end=\"3802\">Formula nodro\u0161ina nomierino\u0161u un barojo\u0161u iedarb\u012bbu, pal\u012bdz mazin\u0101t diskomfortu, saspringuma saj\u016btu un kairin\u0101jumu, uztur optim\u0101lu mitruma l\u012bmeni un veicina \u0101das aizsargfunkciju atjauno\u0161anu.<\/p>\n<p data-start=\"3804\" data-end=\"3940\">Serums ir piem\u0113rots visiem \u0101das tipiem un fototipiem jebkur\u0101 vecum\u0101 un \u012bpa\u0161i ieteicams jut\u012bgai, kairin\u0101tai un aps\u0101rtumam pak\u013cautai \u0101dai.<\/p>\n<p data-start=\"3942\" data-end=\"4054\"><strong data-start=\"3942\" data-end=\"3979\">Kam piem\u0113rots Hyalogy VK Essence:<\/strong> \u0101dai ar aps\u0101rtumu, kuperozi, paaugstin\u0101tu jut\u012bbu un trausliem asinsvadiem.<\/p>\n<p data-start=\"4056\" data-end=\"4074\"><strong data-start=\"4056\" data-end=\"4068\">Tilpums:<\/strong> 30 ml<\/p>\n","protected":false},"excerpt":{"rendered":"<p data-start=\"4242\" data-end=\"4268\">Serums \u0101dai ar aps\u0101rtumu<\/p>\n<h2 data-start=\"4270\" data-end=\"4311\"><strong data-start=\"4270\" data-end=\"4311\">\u012apa\u0161\u012bbas Forlled &#8211; Hyalogy VK Essence<\/strong><\/h2>\n<p data-start=\"4313\" data-end=\"4488\">\u2714\ufe0f Nomierina kairin\u0101tu \u0101du<br data-start=\"4339\" data-end=\"4342\" \/>\u2714\ufe0f Stiprina asinsvadu sieni\u0146as<br data-start=\"4372\" data-end=\"4375\" \/>\u2714\ufe0f Samazina aps\u0101rtuma izpausmes<br data-start=\"4406\" data-end=\"4409\" \/>\u2714\ufe0f Pal\u012bdz nov\u0113rst kuperozes att\u012bst\u012bbu<br data-start=\"4446\" data-end=\"4449\" \/>\u2714\ufe0f Uztur optim\u0101lu \u0101das mitruma l\u012bmeni<\/p>\n","protected":false},"featured_media":64558,"template":"","meta":[],"pwb-brand":[776],"product_brand":[],"product_cat":[745,723],"product_tag":[],"giftcard-category":[],"class_list":{"0":"post-78652","1":"product","2":"type-product","3":"status-publish","4":"has-post-thumbnail","6":"pwb-brand-forlled","7":"product_cat-jutigai-adai","8":"product_cat-serumi","10":"first","11":"instock","12":"sale","13":"taxable","14":"shipping-taxable","15":"purchasable","16":"product-type-simple"},"acf":[],"brands":[{"id":776,"name":"Forlled","slug":"forlled"}],"_links":{"self":[{"href":"https:\/\/skinstudio.ee\/lv\/wp-json\/wp\/v2\/product\/78652","targetHints":{"allow":["GET"]}}],"collection":[{"href":"https:\/\/skinstudio.ee\/lv\/wp-json\/wp\/v2\/product"}],"about":[{"href":"https:\/\/skinstudio.ee\/lv\/wp-json\/wp\/v2\/types\/product"}],"version-history":[{"count":1,"href":"https:\/\/skinstudio.ee\/lv\/wp-json\/wp\/v2\/product\/78652\/revisions"}],"predecessor-version":[{"id":78654,"href":"https:\/\/skinstudio.ee\/lv\/wp-json\/wp\/v2\/product\/78652\/revisions\/78654"}],"wp:featuredmedia":[{"embeddable":true,"href":"https:\/\/skinstudio.ee\/lv\/wp-json\/wp\/v2\/media\/64558"}],"wp:attachment":[{"href":"https:\/\/skinstudio.ee\/lv\/wp-json\/wp\/v2\/media?parent=78652"}],"wp:term":[{"taxonomy":"pwb-brand","embeddable":true,"href":"https:\/\/skinstudio.ee\/lv\/wp-json\/wp\/v2\/pwb-brand?post=78652"},{"taxonomy":"product_brand","embeddable":true,"href":"https:\/\/skinstudio.ee\/lv\/wp-json\/wp\/v2\/product_brand?post=78652"},{"taxonomy":"product_cat","embeddable":true,"href":"https:\/\/skinstudio.ee\/lv\/wp-json\/wp\/v2\/product_cat?post=78652"},{"taxonomy":"product_tag","embeddable":true,"href":"https:\/\/skinstudio.ee\/lv\/wp-json\/wp\/v2\/product_tag?post=78652"},{"taxonomy":"giftcard-category","embeddable":true,"href":"https:\/\/skinstudio.ee\/lv\/wp-json\/wp\/v2\/giftcard-category?post=78652"}],"curies":[{"name":"wp","href":"https:\/\/api.w.org\/{rel}","templated":true}]}}