{"id":78670,"date":"2024-04-03T15:10:21","date_gmt":"2024-04-03T15:10:21","guid":{"rendered":"https:\/\/skinstudio.ee\/?post_type=product&#038;p=78670"},"modified":"2026-02-13T15:27:20","modified_gmt":"2026-02-13T15:27:20","slug":"hyalogy-daily-and-nightly-eye-cream","status":"publish","type":"product","link":"https:\/\/skinstudio.ee\/lv\/catalog\/forlled\/hyalogy-daily-and-nightly-eye-cream\/","title":{"rendered":"Hyalogy Daily And Nightly Eye Cream"},"content":{"rendered":"<div class=\"page\" title=\"Page 55\">\n<div class=\"layoutArea\">\n<div class=\"column\">\n<p data-start=\"3485\" data-end=\"3728\"><strong data-start=\"3485\" data-end=\"3535\">Hyalogy Daily And Nightly Eye Cream no Forlled<\/strong> ir univers\u0101ls acu kr\u0113ms, kas paredz\u0113ts maig\u0101s un visvair\u0101k noveco\u0161anai pak\u013caut\u0101s \u0101das ap ac\u012bm strukt\u016bras atjauno\u0161anai. Produkts akt\u012bvi baro un m\u012bkstina \u0101du, atbalstot t\u0101s funkcion\u0101lo st\u0101vokli.<\/p>\n<p data-start=\"3730\" data-end=\"3962\">Kr\u0113ms pal\u012bdz uzlabot mikrocirkul\u0101ciju un samazin\u0101t noguruma paz\u012bmes. Regul\u0101ri lietojot, tas redzami mazina \u201cv\u0101rnu k\u0101ji\u0146u\u201d un nev\u0113lamas pigment\u0101cijas izpausmes, palielina \u0101das tvirtumu un bl\u012bvumu, padarot acu zonu glud\u0101ku un kopt\u0101ku.<\/p>\n<p data-start=\"3964\" data-end=\"4185\">Formula ir bag\u0101tin\u0101ta ar Jap\u0101nas svertijas ekstraktu, kas pal\u012bdz stiprin\u0101t skropstas un stimul\u0113t to aug\u0161anu. Kr\u0113mu var lietot gan dienas, gan vakara kop\u0161an\u0101, nodro\u0161inot acu zonai pilnv\u0113rt\u012bgu apr\u016bpi visas diennakts garum\u0101.<\/p>\n<p data-start=\"4187\" data-end=\"4373\">Produkts ir piem\u0113rots visiem \u0101das tipiem un fototipiem jebkur\u0101 vecum\u0101 un \u012bpa\u0161i ieteicams nobriedu\u0161ai, \u013coti sausai un trauslai plaksti\u0146u \u0101dai k\u0101 barojo\u0161s un m\u012bkstino\u0161s kop\u0161anas l\u012bdzeklis.<\/p>\n<p data-start=\"4375\" data-end=\"4527\"><strong data-start=\"4375\" data-end=\"4429\">Kam piem\u0113rots Hyalogy Daily And Nightly Eye Cream:<\/strong> acu zonas \u0101dai ar sausumu, samazin\u0101tu tvirtumu, krunci\u0146\u0101m, pigment\u0101ciju un nov\u0101jin\u0101t\u0101m skropst\u0101m.<\/p>\n<p data-start=\"4529\" data-end=\"4546\"><strong data-start=\"4529\" data-end=\"4541\">Tilpums:<\/strong> 20 g<\/p>\n<\/div>\n<\/div>\n<\/div>\n","protected":false},"excerpt":{"rendered":"<div class=\"page\" title=\"Page 55\">\n<div class=\"layoutArea\">\n<p data-start=\"4660\" data-end=\"4682\">Univers\u0101ls acu kr\u0113ms<\/p>\n<h2 data-start=\"4684\" data-end=\"4742\"><strong data-start=\"4684\" data-end=\"4742\">\u012apa\u0161\u012bbas Forlled &#8211; Hyalogy Daily And Nightly Eye Cream<\/strong><\/h2>\n<p data-start=\"4744\" data-end=\"4936\">\u2714\ufe0f Baro un m\u012bkstina acu zonas \u0101du<br data-start=\"4777\" data-end=\"4780\" \/>\u2714\ufe0f Mitrina un atbalsta \u0101das elast\u012bbu<br data-start=\"4816\" data-end=\"4819\" \/>\u2714\ufe0f Samazina \u201cv\u0101rnu k\u0101ji\u0146u\u201d redzam\u012bbu<br data-start=\"4855\" data-end=\"4858\" \/>\u2714\ufe0f Izl\u012bdzina \u0101das toni ap ac\u012bm<br data-start=\"4888\" data-end=\"4891\" \/>\u2714\ufe0f Stiprina skropstas un veicina to aug\u0161anu<\/p>\n<\/div>\n<\/div>\n","protected":false},"featured_media":78671,"template":"","meta":[],"pwb-brand":[776],"product_brand":[],"product_cat":[733],"product_tag":[],"giftcard-category":[],"class_list":{"0":"post-78670","1":"product","2":"type-product","3":"status-publish","4":"has-post-thumbnail","6":"pwb-brand-forlled","7":"product_cat-ada-ap-acim","9":"first","10":"instock","11":"taxable","12":"shipping-taxable","13":"purchasable","14":"product-type-simple"},"acf":[],"brands":[{"id":776,"name":"Forlled","slug":"forlled"}],"_links":{"self":[{"href":"https:\/\/skinstudio.ee\/lv\/wp-json\/wp\/v2\/product\/78670","targetHints":{"allow":["GET"]}}],"collection":[{"href":"https:\/\/skinstudio.ee\/lv\/wp-json\/wp\/v2\/product"}],"about":[{"href":"https:\/\/skinstudio.ee\/lv\/wp-json\/wp\/v2\/types\/product"}],"version-history":[{"count":3,"href":"https:\/\/skinstudio.ee\/lv\/wp-json\/wp\/v2\/product\/78670\/revisions"}],"predecessor-version":[{"id":80527,"href":"https:\/\/skinstudio.ee\/lv\/wp-json\/wp\/v2\/product\/78670\/revisions\/80527"}],"wp:featuredmedia":[{"embeddable":true,"href":"https:\/\/skinstudio.ee\/lv\/wp-json\/wp\/v2\/media\/78671"}],"wp:attachment":[{"href":"https:\/\/skinstudio.ee\/lv\/wp-json\/wp\/v2\/media?parent=78670"}],"wp:term":[{"taxonomy":"pwb-brand","embeddable":true,"href":"https:\/\/skinstudio.ee\/lv\/wp-json\/wp\/v2\/pwb-brand?post=78670"},{"taxonomy":"product_brand","embeddable":true,"href":"https:\/\/skinstudio.ee\/lv\/wp-json\/wp\/v2\/product_brand?post=78670"},{"taxonomy":"product_cat","embeddable":true,"href":"https:\/\/skinstudio.ee\/lv\/wp-json\/wp\/v2\/product_cat?post=78670"},{"taxonomy":"product_tag","embeddable":true,"href":"https:\/\/skinstudio.ee\/lv\/wp-json\/wp\/v2\/product_tag?post=78670"},{"taxonomy":"giftcard-category","embeddable":true,"href":"https:\/\/skinstudio.ee\/lv\/wp-json\/wp\/v2\/giftcard-category?post=78670"}],"curies":[{"name":"wp","href":"https:\/\/api.w.org\/{rel}","templated":true}]}}