{"id":78681,"date":"2024-04-03T14:37:55","date_gmt":"2024-04-03T14:37:55","guid":{"rendered":"https:\/\/skinstudio.ee\/?post_type=product&#038;p=78681"},"modified":"2026-02-13T15:27:26","modified_gmt":"2026-02-13T15:27:26","slug":"hyalogy-p-effect-basing-emulsion","status":"publish","type":"product","link":"https:\/\/skinstudio.ee\/lv\/catalog\/forlled\/hyalogy-p-effect-basing-emulsion\/","title":{"rendered":"Hyalogy P-Effect Basing Emulsion"},"content":{"rendered":"<p data-start=\"3051\" data-end=\"3292\"><strong data-start=\"3051\" data-end=\"3098\">Hyalogy P-Effect Basing Emulsion no Forlled<\/strong> ir \u012bpa\u0161i viegla un maiga emulsija, kas paredz\u0113ta optim\u0101la \u0101das mitruma un baro\u0161anas l\u012bdzsvara uztur\u0113\u0161anai. Produkts \u0113rti kl\u0101jas uz \u0101das, \u0101tri tai piel\u0101gojas un ir piem\u0113rots ikdienas lieto\u0161anai.<\/p>\n<p data-start=\"3294\" data-end=\"3546\">Emulsija veido gaisu caurlaid\u012bgu aizsargpl\u0113vi, kas pal\u012bdz nov\u0113rst \u0101das dehidrat\u0101ciju un uztur stabilu \u0101das st\u0101vokli. T\u0101 efekt\u012bvi darbojas paaugstin\u0101tas vides slodzes apst\u0101k\u013cos, tostarp kondicion\u0113ta gaisa, v\u0113ja un zemas vai augstas temperat\u016bras ietekm\u0113.<\/p>\n<p data-start=\"3548\" data-end=\"3777\">Produkts pal\u012bdz saglab\u0101t optim\u0101lu mitruma l\u012bmeni pat sare\u017e\u0123\u012btos klimatiskos apst\u0101k\u013cos, uzlabo \u0101das maigumu un elast\u012bbu, k\u0101 ar\u012b uzlabo t\u0101s kop\u0113jo kvalit\u0101ti. Emulsija ir piem\u0113rota k\u0101 pamata \u0101das kop\u0161anas solis un k\u0101 b\u0101ze zem grima.<\/p>\n<p data-start=\"3779\" data-end=\"3924\"><strong data-start=\"3779\" data-end=\"3830\">Kam piem\u0113rots Hyalogy P-Effect Basing Emulsion:<\/strong> visiem \u0101das tipiem, tostarp jut\u012bgai un dehidr\u0113tai \u0101dai, \u012bpa\u0161i agres\u012bvu \u0101r\u0113jo faktoru ietekm\u0113.<\/p>\n<p data-start=\"3926\" data-end=\"3945\"><strong data-start=\"3926\" data-end=\"3938\">Tilpums:<\/strong> 100 ml<\/p>\n","protected":false},"excerpt":{"rendered":"<div class=\"page\" title=\"Page 39\">\n<div class=\"layoutArea\">\n<p data-start=\"4046\" data-end=\"4063\">Viegla emulsija<\/p>\n<h2 data-start=\"4065\" data-end=\"4120\"><strong data-start=\"4065\" data-end=\"4120\">\u012apa\u0161\u012bbas Forlled &#8211; Hyalogy P-Effect Basing Emulsion<\/strong><\/h2>\n<p data-start=\"4122\" data-end=\"4309\">\u2714\ufe0f Uztur \u0101das mitruma un baro\u0161anas l\u012bdzsvaru<br data-start=\"4166\" data-end=\"4169\" \/>\u2714\ufe0f Aizsarg\u0101 \u0101du no dehidrat\u0101cijas<br data-start=\"4202\" data-end=\"4205\" \/>\u2714\ufe0f Palielina \u0101das maigumu un elast\u012bbu<br data-start=\"4242\" data-end=\"4245\" \/>\u2714\ufe0f Piem\u0113rota k\u0101 grima b\u0101ze<br data-start=\"4271\" data-end=\"4274\" \/>\u2714\ufe0f Atbalsta \u0101das aizsargfunkcijas<\/p>\n<\/div>\n<\/div>\n","protected":false},"featured_media":64568,"template":"","meta":[],"pwb-brand":[776],"product_brand":[],"product_cat":[745,737,749,739,747],"product_tag":[],"giftcard-category":[],"class_list":{"0":"post-78681","1":"product","2":"type-product","3":"status-publish","4":"has-post-thumbnail","6":"pwb-brand-forlled","7":"product_cat-jutigai-adai","8":"product_cat-mitrinasana","9":"product_cat-novecojosa-ada","10":"product_cat-sausai-adai","11":"product_cat-taukainai-adai","13":"first","14":"instock","15":"taxable","16":"shipping-taxable","17":"purchasable","18":"product-type-simple"},"acf":[],"brands":[{"id":776,"name":"Forlled","slug":"forlled"}],"_links":{"self":[{"href":"https:\/\/skinstudio.ee\/lv\/wp-json\/wp\/v2\/product\/78681","targetHints":{"allow":["GET"]}}],"collection":[{"href":"https:\/\/skinstudio.ee\/lv\/wp-json\/wp\/v2\/product"}],"about":[{"href":"https:\/\/skinstudio.ee\/lv\/wp-json\/wp\/v2\/types\/product"}],"version-history":[{"count":3,"href":"https:\/\/skinstudio.ee\/lv\/wp-json\/wp\/v2\/product\/78681\/revisions"}],"predecessor-version":[{"id":80543,"href":"https:\/\/skinstudio.ee\/lv\/wp-json\/wp\/v2\/product\/78681\/revisions\/80543"}],"wp:featuredmedia":[{"embeddable":true,"href":"https:\/\/skinstudio.ee\/lv\/wp-json\/wp\/v2\/media\/64568"}],"wp:attachment":[{"href":"https:\/\/skinstudio.ee\/lv\/wp-json\/wp\/v2\/media?parent=78681"}],"wp:term":[{"taxonomy":"pwb-brand","embeddable":true,"href":"https:\/\/skinstudio.ee\/lv\/wp-json\/wp\/v2\/pwb-brand?post=78681"},{"taxonomy":"product_brand","embeddable":true,"href":"https:\/\/skinstudio.ee\/lv\/wp-json\/wp\/v2\/product_brand?post=78681"},{"taxonomy":"product_cat","embeddable":true,"href":"https:\/\/skinstudio.ee\/lv\/wp-json\/wp\/v2\/product_cat?post=78681"},{"taxonomy":"product_tag","embeddable":true,"href":"https:\/\/skinstudio.ee\/lv\/wp-json\/wp\/v2\/product_tag?post=78681"},{"taxonomy":"giftcard-category","embeddable":true,"href":"https:\/\/skinstudio.ee\/lv\/wp-json\/wp\/v2\/giftcard-category?post=78681"}],"curies":[{"name":"wp","href":"https:\/\/api.w.org\/{rel}","templated":true}]}}