{"id":78690,"date":"2024-04-03T14:25:40","date_gmt":"2024-04-03T14:25:40","guid":{"rendered":"https:\/\/skinstudio.ee\/?post_type=product&#038;p=78690"},"modified":"2026-02-13T15:27:41","modified_gmt":"2026-02-13T15:27:41","slug":"hyalogy-vcip-cream","status":"publish","type":"product","link":"https:\/\/skinstudio.ee\/lv\/catalog\/forlled\/hyalogy-vcip-cream\/","title":{"rendered":"Hyalogy VCIP Cream"},"content":{"rendered":"<div class=\"page\" title=\"Page 41\">\n<div class=\"layoutArea\">\n<div class=\"column\">\n<p data-start=\"3026\" data-end=\"3233\"><strong data-start=\"3026\" data-end=\"3059\">Hyalogy VCIP Cream no Forlled<\/strong> ir vieglas tekst\u016bras kr\u0113ms ar izteiktu antioksidat\u012bvu iedarb\u012bbu, kas paredz\u0113ts asinsvadu stiprin\u0101\u0161anai un \u0101das to\u0146a izl\u012bdzin\u0101\u0161anai, pie\u0161\u0137irot \u0101dai vesel\u012bgu un koptu izskatu.<\/p>\n<p data-start=\"3235\" data-end=\"3509\">Formula satur \u013coti stabilu taukos \u0161\u0137\u012bsto\u0161u C vitam\u012bna formu augst\u0101 koncentr\u0101cij\u0101, kas akt\u012bvi stimul\u0113 \u0161\u016bnu darb\u012bbu un kolag\u0113na sint\u0113zi. Kr\u0113ms pal\u012bdz mazin\u0101t UV starojuma negat\u012bvo ietekmi, neitraliz\u0113 reakt\u012bv\u0101s sk\u0101bek\u013ca formas, nov\u0113r\u0161 lip\u012bdu oksid\u0113\u0161anos un melan\u012bna veido\u0161anos.<\/p>\n<p data-start=\"3511\" data-end=\"3728\">Kr\u0113mam ir \u012bpa\u0161i viegla tekst\u016bra, tas \u0113rti kl\u0101jas un \u0101tri piel\u0101gojas \u0101dai. Piem\u0113rots ikdienas kop\u0161anai visiem \u0101das tipiem un fototipiem jebkur\u0101 vecum\u0101, \u012bpa\u0161i ieteicams bl\u0101vai, noguru\u0161ai \u0101dai ar fotonoveco\u0161an\u0101s paz\u012bm\u0113m.<\/p>\n<p data-start=\"3730\" data-end=\"3849\"><strong data-start=\"3730\" data-end=\"3767\">Kam piem\u0113rots Hyalogy VCIP Cream:<\/strong> \u0101dai ar nevienm\u0113r\u012bgu toni, bl\u0101vumu, oksidat\u012bv\u0101 stresa un fotonoveco\u0161an\u0101s paz\u012bm\u0113m.<\/p>\n<p data-start=\"3851\" data-end=\"3868\"><strong data-start=\"3851\" data-end=\"3863\">Tilpums:<\/strong> 50 g<\/p>\n<\/div>\n<\/div>\n<\/div>\n","protected":false},"excerpt":{"rendered":"<div class=\"page\" title=\"Page 41\">\n<div class=\"layoutArea\">\n<p data-start=\"3967\" data-end=\"4000\">C vitam\u012bna kr\u0113ms \u0101das mirdzumam<\/p>\n<h2 data-start=\"4002\" data-end=\"4043\"><strong data-start=\"4002\" data-end=\"4043\">\u012apa\u0161\u012bbas Forlled &#8211; Hyalogy VCIP Cream<\/strong><\/h2>\n<p data-start=\"4045\" data-end=\"4261\">\u2714\ufe0f Izgaismo un izl\u012bdzina \u0101das toni<br data-start=\"4079\" data-end=\"4082\" \/>\u2714\ufe0f Nodro\u0161ina sp\u0113c\u012bgu antioksidat\u012bvu aizsardz\u012bbu<br data-start=\"4129\" data-end=\"4132\" \/>\u2714\ufe0f Veicina kolag\u0113na sint\u0113zi<br data-start=\"4159\" data-end=\"4162\" \/>\u2714\ufe0f Stiprina asinsvadus un uzlabo mikrocirkul\u0101ciju<br data-start=\"4211\" data-end=\"4214\" \/>\u2714\ufe0f Palielina \u0101das mitruma l\u012bmeni un kvalit\u0101ti<\/p>\n<\/div>\n<\/div>\n","protected":false},"featured_media":78691,"template":"","meta":[],"pwb-brand":[776],"product_brand":[],"product_cat":[745,737,749,739,747],"product_tag":[],"giftcard-category":[],"class_list":{"0":"post-78690","1":"product","2":"type-product","3":"status-publish","4":"has-post-thumbnail","6":"pwb-brand-forlled","7":"product_cat-jutigai-adai","8":"product_cat-mitrinasana","9":"product_cat-novecojosa-ada","10":"product_cat-sausai-adai","11":"product_cat-taukainai-adai","13":"first","14":"instock","15":"sale","16":"taxable","17":"shipping-taxable","18":"purchasable","19":"product-type-simple"},"acf":[],"brands":[{"id":776,"name":"Forlled","slug":"forlled"}],"_links":{"self":[{"href":"https:\/\/skinstudio.ee\/lv\/wp-json\/wp\/v2\/product\/78690","targetHints":{"allow":["GET"]}}],"collection":[{"href":"https:\/\/skinstudio.ee\/lv\/wp-json\/wp\/v2\/product"}],"about":[{"href":"https:\/\/skinstudio.ee\/lv\/wp-json\/wp\/v2\/types\/product"}],"version-history":[{"count":1,"href":"https:\/\/skinstudio.ee\/lv\/wp-json\/wp\/v2\/product\/78690\/revisions"}],"predecessor-version":[{"id":78692,"href":"https:\/\/skinstudio.ee\/lv\/wp-json\/wp\/v2\/product\/78690\/revisions\/78692"}],"wp:featuredmedia":[{"embeddable":true,"href":"https:\/\/skinstudio.ee\/lv\/wp-json\/wp\/v2\/media\/78691"}],"wp:attachment":[{"href":"https:\/\/skinstudio.ee\/lv\/wp-json\/wp\/v2\/media?parent=78690"}],"wp:term":[{"taxonomy":"pwb-brand","embeddable":true,"href":"https:\/\/skinstudio.ee\/lv\/wp-json\/wp\/v2\/pwb-brand?post=78690"},{"taxonomy":"product_brand","embeddable":true,"href":"https:\/\/skinstudio.ee\/lv\/wp-json\/wp\/v2\/product_brand?post=78690"},{"taxonomy":"product_cat","embeddable":true,"href":"https:\/\/skinstudio.ee\/lv\/wp-json\/wp\/v2\/product_cat?post=78690"},{"taxonomy":"product_tag","embeddable":true,"href":"https:\/\/skinstudio.ee\/lv\/wp-json\/wp\/v2\/product_tag?post=78690"},{"taxonomy":"giftcard-category","embeddable":true,"href":"https:\/\/skinstudio.ee\/lv\/wp-json\/wp\/v2\/giftcard-category?post=78690"}],"curies":[{"name":"wp","href":"https:\/\/api.w.org\/{rel}","templated":true}]}}