{"id":78699,"date":"2024-04-03T14:09:34","date_gmt":"2024-04-03T14:09:34","guid":{"rendered":"https:\/\/skinstudio.ee\/?post_type=product&#038;p=78699"},"modified":"2026-02-13T15:27:17","modified_gmt":"2026-02-13T15:27:17","slug":"hyalogy-body-treatment-cream","status":"publish","type":"product","link":"https:\/\/skinstudio.ee\/lv\/catalog\/forlled\/hyalogy-body-treatment-cream\/","title":{"rendered":"Hyalogy Body Treatment Cream"},"content":{"rendered":"<div class=\"page\" title=\"Page 62\">\n<div class=\"layoutArea\">\n<div class=\"column\">\n<p data-start=\"2852\" data-end=\"3067\"><strong data-start=\"2852\" data-end=\"2895\">Hyalogy Body Treatment Cream no Forlled<\/strong> ir vieglas tekst\u016bras \u0137erme\u0146a kr\u0113ms ar atjaunojo\u0161u, biostimul\u0113jo\u0161u un mitrino\u0161u iedarb\u012bbu. Produkts paredz\u0113ts \u0101das visp\u0101r\u0113j\u0101 st\u0101vok\u013ca uzlabo\u0161anai un t\u0101s tonusa uztur\u0113\u0161anai.<\/p>\n<p data-start=\"3069\" data-end=\"3289\">Zemas molekulmasas sast\u0101vda\u013cu kombin\u0101cija nodro\u0161ina \u0101tru un ilgsto\u0161u mitrin\u0101\u0161anu dzi\u013c\u0101kajos \u0101das sl\u0101\u0146os, pal\u012bdz izl\u012bdzin\u0101t \u0101das toni, uzlabo mikrocirkul\u0101ciju, stimul\u0113 kolag\u0113na sint\u0113zi un atbalsta detoksik\u0101cijas procesus.<\/p>\n<p data-start=\"3291\" data-end=\"3474\">Kr\u0113ms ir piem\u0113rots visiem \u0101das tipiem un fototipiem jebkur\u0101 vecum\u0101. Tas \u0101tri ies\u016bcas, neatst\u0101j lip\u012bgu saj\u016btu un ir \u012bpa\u0161i \u0113rts lieto\u0161anai dienas laik\u0101, piem\u0113ram, p\u0113c du\u0161as vai treni\u0146a.<\/p>\n<p data-start=\"3476\" data-end=\"3614\"><strong data-start=\"3476\" data-end=\"3523\">Kam piem\u0113rots Hyalogy Body Treatment Cream:<\/strong> \u0137erme\u0146a \u0101dai ar sausuma paz\u012bm\u0113m, samazin\u0101tu tonusu, nevienm\u0113r\u012bgu toni un elast\u012bbas zudumu.<\/p>\n<p data-start=\"3616\" data-end=\"3634\"><strong data-start=\"3616\" data-end=\"3628\">Tilpums:<\/strong> 200 g<\/p>\n<\/div>\n<\/div>\n<\/div>\n","protected":false},"excerpt":{"rendered":"<div class=\"page\" title=\"Page 62\">\n<div class=\"layoutArea\">\n<div class=\"column\">\n<p data-start=\"3766\" data-end=\"3791\">Mitrino\u0161s \u0137erme\u0146a kr\u0113ms<\/p>\n<h2 data-start=\"3793\" data-end=\"3844\"><strong data-start=\"3793\" data-end=\"3844\">\u012apa\u0161\u012bbas Forlled &#8211; Hyalogy Body Treatment Cream<\/strong><\/h2>\n<p data-start=\"3846\" data-end=\"4043\">\u2714\ufe0f Nodro\u0161ina \u0101tru un ilgsto\u0161u mitrin\u0101\u0161anu<br data-start=\"3887\" data-end=\"3890\" \/>\u2714\ufe0f Nodro\u0161ina biostimul\u0113jo\u0161u iedarb\u012bbu<br data-start=\"3927\" data-end=\"3930\" \/>\u2714\ufe0f M\u012bkstina un baro \u0101du<br data-start=\"3953\" data-end=\"3956\" \/>\u2714\ufe0f Veicina \u0101das tvirtuma un tonusa uzlabo\u0161anu<br data-start=\"4001\" data-end=\"4004\" \/>\u2714\ufe0f Stimul\u0113 \u0101das atjauno\u0161an\u0101s procesus<\/p>\n<\/div>\n<\/div>\n<\/div>\n","protected":false},"featured_media":78700,"template":"","meta":[],"pwb-brand":[776],"product_brand":[],"product_cat":[757],"product_tag":[],"giftcard-category":[],"class_list":{"0":"post-78699","1":"product","2":"type-product","3":"status-publish","4":"has-post-thumbnail","6":"pwb-brand-forlled","7":"product_cat-kermena-kopsana","9":"first","10":"instock","11":"taxable","12":"shipping-taxable","13":"purchasable","14":"product-type-simple"},"acf":[],"brands":[{"id":776,"name":"Forlled","slug":"forlled"}],"_links":{"self":[{"href":"https:\/\/skinstudio.ee\/lv\/wp-json\/wp\/v2\/product\/78699","targetHints":{"allow":["GET"]}}],"collection":[{"href":"https:\/\/skinstudio.ee\/lv\/wp-json\/wp\/v2\/product"}],"about":[{"href":"https:\/\/skinstudio.ee\/lv\/wp-json\/wp\/v2\/types\/product"}],"version-history":[{"count":1,"href":"https:\/\/skinstudio.ee\/lv\/wp-json\/wp\/v2\/product\/78699\/revisions"}],"predecessor-version":[{"id":78701,"href":"https:\/\/skinstudio.ee\/lv\/wp-json\/wp\/v2\/product\/78699\/revisions\/78701"}],"wp:featuredmedia":[{"embeddable":true,"href":"https:\/\/skinstudio.ee\/lv\/wp-json\/wp\/v2\/media\/78700"}],"wp:attachment":[{"href":"https:\/\/skinstudio.ee\/lv\/wp-json\/wp\/v2\/media?parent=78699"}],"wp:term":[{"taxonomy":"pwb-brand","embeddable":true,"href":"https:\/\/skinstudio.ee\/lv\/wp-json\/wp\/v2\/pwb-brand?post=78699"},{"taxonomy":"product_brand","embeddable":true,"href":"https:\/\/skinstudio.ee\/lv\/wp-json\/wp\/v2\/product_brand?post=78699"},{"taxonomy":"product_cat","embeddable":true,"href":"https:\/\/skinstudio.ee\/lv\/wp-json\/wp\/v2\/product_cat?post=78699"},{"taxonomy":"product_tag","embeddable":true,"href":"https:\/\/skinstudio.ee\/lv\/wp-json\/wp\/v2\/product_tag?post=78699"},{"taxonomy":"giftcard-category","embeddable":true,"href":"https:\/\/skinstudio.ee\/lv\/wp-json\/wp\/v2\/giftcard-category?post=78699"}],"curies":[{"name":"wp","href":"https:\/\/api.w.org\/{rel}","templated":true}]}}