{"id":78710,"date":"2024-04-03T13:53:33","date_gmt":"2024-04-03T13:53:33","guid":{"rendered":"https:\/\/skinstudio.ee\/?post_type=product&#038;p=78710"},"modified":"2026-02-13T15:27:30","modified_gmt":"2026-02-13T15:27:30","slug":"hyalogy-p-effect-sheet-for-eyes","status":"publish","type":"product","link":"https:\/\/skinstudio.ee\/lv\/catalog\/forlled\/hyalogy-p-effect-sheet-for-eyes\/","title":{"rendered":"Hyalogy P-effect Sheet For Eyes"},"content":{"rendered":"<div class=\"page\" title=\"Page 57\">\n<div class=\"layoutArea\">\n<div class=\"column\">\n<p data-start=\"4439\" data-end=\"4726\"><strong data-start=\"4439\" data-end=\"4485\">Hyalogy P-Effect Sheet For Eyes no Forlled<\/strong> ir t\u016bl\u012bt\u0113jas iedarb\u012bbas kosm\u0113tisk\u0101 maska, kas paredz\u0113ta intens\u012bvai \u0101das ap ac\u012bm kop\u0161anai un atjauno\u0161anai. G\u0113la masku pl\u0101ksteri \u0101tri uzlabo periorbit\u0101l\u0101s zonas izskatu, nodro\u0161inot izteiktu mitrin\u0101\u0161anu un veicinot \u0101das elast\u012bbas atjauno\u0161anos.<\/p>\n<p data-start=\"4728\" data-end=\"4997\">Produkts pal\u012bdz mazin\u0101t \u201ev\u0101rnu k\u0101ji\u0146u\u201c, tum\u0161o loku zem ac\u012bm un plaksti\u0146u t\u016bskas izpausmes, k\u0101 ar\u012b veicina pigment\u0101cijas, tostarp etnisk\u0101s pigment\u0101cijas, mazin\u0101\u0161anu. Regul\u0101ri lietojot, \u0101da ap ac\u012bm k\u013c\u016bst glud\u0101ka, bl\u012bv\u0101ka un svaig\u0101ka, bet skatiens \u2013 atv\u0113rt\u0101ks un atp\u016bties.<\/p>\n<p data-start=\"4999\" data-end=\"5219\">Masku var izmantot ikdienas kop\u0161an\u0101 \u0101das ap ac\u012bm st\u0101vok\u013ca uztur\u0113\u0161anai, k\u0101 ar\u012b k\u0101 ekspress proced\u016bru \u0101tram vizu\u0101lam efektam pirms svar\u012bga notikuma. Produkts labi sader ar acu serumiem un kr\u0113miem, pastiprinot to iedarb\u012bbu.<\/p>\n<p data-start=\"5221\" data-end=\"5463\"><strong data-start=\"5221\" data-end=\"5271\">Kam piem\u0113rots Hyalogy P-Effect Sheet For Eyes:<\/strong> \u0101dai ap ac\u012bm ar noguruma paz\u012bm\u0113m, dehidrat\u0101ciju, samazin\u0101tu elast\u012bbu, m\u012bmikas krunci\u0146\u0101m, t\u016bsku, tum\u0161iem lokiem un nevienm\u0113r\u012bgu toni. Piem\u0113rots visiem \u0101das tipiem un fototipiem jebkur\u0101 vecum\u0101.<\/p>\n<p data-start=\"5465\" data-end=\"5523\"><strong data-start=\"5465\" data-end=\"5477\">Tilpums:<\/strong> 8 gab. (2 pl\u0101ksteri vienai lieto\u0161anas reizei)<\/p>\n<\/div>\n<\/div>\n<\/div>\n","protected":false},"excerpt":{"rendered":"<div class=\"page\" title=\"Page 57\">\n<div class=\"layoutArea\">\n<div class=\"column\">\n<p data-start=\"5920\" data-end=\"5952\">T\u016bl\u012bt\u0113jas iedarb\u012bbas acu maska<\/p>\n<h2 data-start=\"5954\" data-end=\"6008\"><strong data-start=\"5954\" data-end=\"6008\">\u012apa\u0161\u012bbas Forlled &#8211; Hyalogy P-Effect Sheet For Eyes<\/strong><\/h2>\n<p data-start=\"6010\" data-end=\"6237\">\u2714\ufe0f Sniedz liftinga efektu un mazina t\u016bsku<br data-start=\"6051\" data-end=\"6054\" \/>\u2714\ufe0f Pal\u012bdz izl\u012bdzin\u0101t krunci\u0146as un \u201ev\u0101rnu k\u0101ji\u0146as\u201c<br data-start=\"6103\" data-end=\"6106\" \/>\u2714\ufe0f Atbalsta detoksik\u0101ciju un antioksidantu aizsardz\u012bbu<br data-start=\"6160\" data-end=\"6163\" \/>\u2714\ufe0f Pastiprina serumu un kr\u0113mu iedarb\u012bbu<br data-start=\"6202\" data-end=\"6205\" \/>\u2714\ufe0f Pal\u012bdz saglab\u0101t mitrumu \u0101d\u0101<\/p>\n<\/div>\n<\/div>\n<\/div>\n","protected":false},"featured_media":64667,"template":"","meta":[],"pwb-brand":[776],"product_brand":[],"product_cat":[733,725],"product_tag":[],"giftcard-category":[],"class_list":{"0":"post-78710","1":"product","2":"type-product","3":"status-publish","4":"has-post-thumbnail","6":"pwb-brand-forlled","7":"product_cat-ada-ap-acim","8":"product_cat-maskas","10":"first","11":"instock","12":"taxable","13":"shipping-taxable","14":"purchasable","15":"product-type-simple"},"acf":[],"brands":[{"id":776,"name":"Forlled","slug":"forlled"}],"_links":{"self":[{"href":"https:\/\/skinstudio.ee\/lv\/wp-json\/wp\/v2\/product\/78710","targetHints":{"allow":["GET"]}}],"collection":[{"href":"https:\/\/skinstudio.ee\/lv\/wp-json\/wp\/v2\/product"}],"about":[{"href":"https:\/\/skinstudio.ee\/lv\/wp-json\/wp\/v2\/types\/product"}],"version-history":[{"count":1,"href":"https:\/\/skinstudio.ee\/lv\/wp-json\/wp\/v2\/product\/78710\/revisions"}],"predecessor-version":[{"id":78712,"href":"https:\/\/skinstudio.ee\/lv\/wp-json\/wp\/v2\/product\/78710\/revisions\/78712"}],"wp:featuredmedia":[{"embeddable":true,"href":"https:\/\/skinstudio.ee\/lv\/wp-json\/wp\/v2\/media\/64667"}],"wp:attachment":[{"href":"https:\/\/skinstudio.ee\/lv\/wp-json\/wp\/v2\/media?parent=78710"}],"wp:term":[{"taxonomy":"pwb-brand","embeddable":true,"href":"https:\/\/skinstudio.ee\/lv\/wp-json\/wp\/v2\/pwb-brand?post=78710"},{"taxonomy":"product_brand","embeddable":true,"href":"https:\/\/skinstudio.ee\/lv\/wp-json\/wp\/v2\/product_brand?post=78710"},{"taxonomy":"product_cat","embeddable":true,"href":"https:\/\/skinstudio.ee\/lv\/wp-json\/wp\/v2\/product_cat?post=78710"},{"taxonomy":"product_tag","embeddable":true,"href":"https:\/\/skinstudio.ee\/lv\/wp-json\/wp\/v2\/product_tag?post=78710"},{"taxonomy":"giftcard-category","embeddable":true,"href":"https:\/\/skinstudio.ee\/lv\/wp-json\/wp\/v2\/giftcard-category?post=78710"}],"curies":[{"name":"wp","href":"https:\/\/api.w.org\/{rel}","templated":true}]}}