{"id":78726,"date":"2024-04-03T13:35:36","date_gmt":"2024-04-03T13:35:36","guid":{"rendered":"https:\/\/skinstudio.ee\/?post_type=product&#038;p=78726"},"modified":"2026-02-13T15:27:33","modified_gmt":"2026-02-13T15:27:33","slug":"hyalogy-protective-cream-for-lips","status":"publish","type":"product","link":"https:\/\/skinstudio.ee\/lv\/catalog\/forlled\/hyalogy-protective-cream-for-lips\/","title":{"rendered":"Hyalogy Protective Cream For Lips"},"content":{"rendered":"<div class=\"page\" title=\"Page 61\">\n<div class=\"layoutArea\">\n<div class=\"column\">\n<p data-start=\"3284\" data-end=\"3525\"><strong data-start=\"3284\" data-end=\"3332\">Hyalogy Protective Cream For Lips no Forlled<\/strong> ir atjaunojo\u0161s l\u016bpu kr\u0113ms, kas efekt\u012bvi aizsarg\u0101 l\u016bpu \u0101du no dehidrat\u0101cijas, nodro\u0161ina mitrin\u0101\u0161anu un uzlabo elast\u012bbu. Produkts paredz\u0113ts komforta, maiguma un koptas l\u016bpu izskata atjauno\u0161anai.<\/p>\n<p data-start=\"3527\" data-end=\"3789\">Zemas molekulmasas sast\u0101vda\u013cu un augu ekstraktu kombin\u0101cija pal\u012bdz stiprin\u0101t l\u016bpu \u0101das aizsargfunkcijas, mazina lob\u012b\u0161anos un sausumu, k\u0101 ar\u012b veicina s\u012bku plaisu un mikrokairin\u0101jumu dz\u012b\u0161anu. Kr\u0113ms atbalsta \u0101das fiziolo\u0123isko l\u012bdzsvaru un uzlabo t\u0101s kop\u0113jo izskatu.<\/p>\n<p data-start=\"3791\" data-end=\"3952\">Regul\u0101ri lietojot, tiek saglab\u0101ts l\u016bpu dabiskais pigments un to dabiskais apjoms. Kr\u0113ms pal\u012bdz ar\u012b dekorat\u012bv\u0101s kosm\u0113tikas vienm\u0113r\u012bg\u0101kai un prec\u012bz\u0101kai uzkl\u0101\u0161anai.<\/p>\n<p data-start=\"3954\" data-end=\"4170\"><strong data-start=\"3954\" data-end=\"4006\">Kam piem\u0113rots Hyalogy Protective Cream For Lips:<\/strong> l\u016bpu \u0101dai ar sausumu, lob\u012b\u0161anos, mikroplais\u0101m un diskomfortu, nevienm\u0113r\u012bgu pigment\u0101ciju un izpl\u016bdu\u0161u kont\u016bru, k\u0101 ar\u012b p\u0113c apjoma vai kont\u016bras korekcijas proced\u016br\u0101m.<\/p>\n<p data-start=\"4172\" data-end=\"4188\"><strong data-start=\"4172\" data-end=\"4184\">Tilpums:<\/strong> 9 g<\/p>\n<\/div>\n<\/div>\n<\/div>\n","protected":false},"excerpt":{"rendered":"<div class=\"page\" title=\"Page 61\">\n<div class=\"layoutArea\">\n<div class=\"column\">\n<p data-start=\"4300\" data-end=\"4324\">Atjaunojo\u0161s l\u016bpu kr\u0113ms<\/p>\n<h2 data-start=\"4326\" data-end=\"4382\"><strong data-start=\"4326\" data-end=\"4382\">\u012apa\u0161\u012bbas Forlled &#8211; Hyalogy Protective Cream For Lips<\/strong><\/h2>\n<p data-start=\"4384\" data-end=\"4596\">\u2714\ufe0f Intens\u012bvi mitrina un uztur mitruma l\u012bdzsvaru<br data-start=\"4431\" data-end=\"4434\" \/>\u2714\ufe0f M\u012bkstina l\u016bpas un mazina lob\u012b\u0161anos<br data-start=\"4471\" data-end=\"4474\" \/>\u2714\ufe0f Veicina mikroplaisu dz\u012b\u0161anu<br data-start=\"4504\" data-end=\"4507\" \/>\u2714\ufe0f Pal\u012bdz saglab\u0101t izteiktu l\u016bpu kont\u016bru<br data-start=\"4547\" data-end=\"4550\" \/>\u2714\ufe0f Atbalsta dabisk\u0101 l\u016bpu apjoma atjauno\u0161anos<\/p>\n<\/div>\n<\/div>\n<\/div>\n","protected":false},"featured_media":78727,"template":"","meta":[],"pwb-brand":[776],"product_brand":[],"product_cat":[759],"product_tag":[],"giftcard-category":[],"class_list":{"0":"post-78726","1":"product","2":"type-product","3":"status-publish","4":"has-post-thumbnail","6":"pwb-brand-forlled","7":"product_cat-lupu-kopsana","9":"first","10":"instock","11":"taxable","12":"shipping-taxable","13":"purchasable","14":"product-type-simple"},"acf":[],"brands":[{"id":776,"name":"Forlled","slug":"forlled"}],"_links":{"self":[{"href":"https:\/\/skinstudio.ee\/lv\/wp-json\/wp\/v2\/product\/78726","targetHints":{"allow":["GET"]}}],"collection":[{"href":"https:\/\/skinstudio.ee\/lv\/wp-json\/wp\/v2\/product"}],"about":[{"href":"https:\/\/skinstudio.ee\/lv\/wp-json\/wp\/v2\/types\/product"}],"version-history":[{"count":1,"href":"https:\/\/skinstudio.ee\/lv\/wp-json\/wp\/v2\/product\/78726\/revisions"}],"predecessor-version":[{"id":78728,"href":"https:\/\/skinstudio.ee\/lv\/wp-json\/wp\/v2\/product\/78726\/revisions\/78728"}],"wp:featuredmedia":[{"embeddable":true,"href":"https:\/\/skinstudio.ee\/lv\/wp-json\/wp\/v2\/media\/78727"}],"wp:attachment":[{"href":"https:\/\/skinstudio.ee\/lv\/wp-json\/wp\/v2\/media?parent=78726"}],"wp:term":[{"taxonomy":"pwb-brand","embeddable":true,"href":"https:\/\/skinstudio.ee\/lv\/wp-json\/wp\/v2\/pwb-brand?post=78726"},{"taxonomy":"product_brand","embeddable":true,"href":"https:\/\/skinstudio.ee\/lv\/wp-json\/wp\/v2\/product_brand?post=78726"},{"taxonomy":"product_cat","embeddable":true,"href":"https:\/\/skinstudio.ee\/lv\/wp-json\/wp\/v2\/product_cat?post=78726"},{"taxonomy":"product_tag","embeddable":true,"href":"https:\/\/skinstudio.ee\/lv\/wp-json\/wp\/v2\/product_tag?post=78726"},{"taxonomy":"giftcard-category","embeddable":true,"href":"https:\/\/skinstudio.ee\/lv\/wp-json\/wp\/v2\/giftcard-category?post=78726"}],"curies":[{"name":"wp","href":"https:\/\/api.w.org\/{rel}","templated":true}]}}