{"id":78735,"date":"2024-03-28T09:38:40","date_gmt":"2024-03-28T09:38:40","guid":{"rendered":"https:\/\/skinstudio.ee\/?post_type=product&#038;p=78735"},"modified":"2026-02-13T15:27:28","modified_gmt":"2026-02-13T15:27:28","slug":"hyalogy-p-effect-essence","status":"publish","type":"product","link":"https:\/\/skinstudio.ee\/lv\/catalog\/forlled\/hyalogy-p-effect-essence\/","title":{"rendered":"Hyalogy P-Effect Essence"},"content":{"rendered":"<div class=\"page\" title=\"Page 25\">\n<div class=\"layoutArea\">\n<div class=\"column\">\n<p data-start=\"3363\" data-end=\"3651\"><strong data-start=\"3363\" data-end=\"3402\">Hyalogy P-Effect Essence no Forlled<\/strong> ir daudzfunkcion\u0101ls serums ar augstu patent\u0113tas zemas molekulmasas hialuronsk\u0101bes koncentr\u0101ciju, kas nodro\u0161ina izteiktu mitrino\u0161u un biostimul\u0113jo\u0161u iedarb\u012bbu. Produkts paredz\u0113ts \u0101das mitrin\u0101\u0161anas atjauno\u0161anai un visp\u0101r\u0113j\u0101 \u0101das st\u0101vok\u013ca uzlabo\u0161anai.<\/p>\n<p data-start=\"3653\" data-end=\"3922\">Serums dzi\u013ci pies\u0101tina \u0101du ar mitrumu un veido mitruma rezervi audos, stimul\u0113 kolag\u0113na un elast\u012bna sint\u0113zi, pal\u012bdz normaliz\u0113t \u0101das pH l\u012bmeni un atbalsta \u0101das dabisko im\u016bnaizsardz\u012bbu. Rezult\u0101t\u0101 uzlabojas \u0101das kvalit\u0101te, bl\u012bvums un iztur\u012bba pret \u0101r\u0113jiem stresa faktoriem.<\/p>\n<p data-start=\"3924\" data-end=\"4118\">Regul\u0101ri lietojot, b\u016btiski palielin\u0101s \u0101das tvirtums un elast\u012bba, samazin\u0101s grumbu redzam\u012bba, k\u0101 ar\u012b izz\u016bd sausuma, savilkuma un lob\u012b\u0161an\u0101s saj\u016bta. \u0100da k\u013c\u016bst glud\u0101ka, tvirt\u0101ka un vizu\u0101li svaig\u0101ka.<\/p>\n<p data-start=\"4120\" data-end=\"4292\"><strong data-start=\"4120\" data-end=\"4163\">Kam piem\u0113rots Hyalogy P-Effect Essence:<\/strong> dehidr\u0113tai \u0101dai visu tipu un fototipu gad\u012bjum\u0101 jebkur\u0101 vecum\u0101, tostarp \u0101dai ar sausuma, elast\u012bbas zuduma un diskomforta paz\u012bm\u0113m.<\/p>\n<p data-start=\"4294\" data-end=\"4312\"><strong data-start=\"4294\" data-end=\"4306\">Tilpums:<\/strong> 30 ml<\/p>\n<\/div>\n<\/div>\n<\/div>\n","protected":false},"excerpt":{"rendered":"<div title=\"Page 25\">\n<p data-start=\"4440\" data-end=\"4458\">Mitrino\u0161s serums<\/p>\n<h2 data-start=\"4460\" data-end=\"4507\"><strong data-start=\"4460\" data-end=\"4507\">\u012apa\u0161\u012bbas Forlled &#8211; Hyalogy P-Effect Essence<\/strong><\/h2>\n<p data-start=\"4509\" data-end=\"4751\">\u2714\ufe0f Nodro\u0161ina intens\u012bvu mitrin\u0101\u0161anu un biostimul\u0113jo\u0161u iedarb\u012bbu<br data-start=\"4571\" data-end=\"4574\" \/>\u2714\ufe0f Atjauno un uztur \u0101das mitruma l\u012bdzsvaru<br data-start=\"4616\" data-end=\"4619\" \/>\u2714\ufe0f Stimul\u0113 \u0161\u016bnu re\u0123ener\u0101cijas procesus<br data-start=\"4657\" data-end=\"4660\" \/>\u2714\ufe0f Palielina \u0101das elast\u012bbu un mazina grumbu redzam\u012bbu<br data-start=\"4713\" data-end=\"4716\" \/>\u2714\ufe0f Uzlabo vielmai\u0146as procesus \u0101d\u0101<\/p>\n<\/div>\n","protected":false},"featured_media":64578,"template":"","meta":[],"pwb-brand":[776],"product_brand":[],"product_cat":[737,723],"product_tag":[],"giftcard-category":[],"class_list":{"0":"post-78735","1":"product","2":"type-product","3":"status-publish","4":"has-post-thumbnail","6":"pwb-brand-forlled","7":"product_cat-mitrinasana","8":"product_cat-serumi","10":"first","11":"instock","12":"taxable","13":"shipping-taxable","14":"purchasable","15":"product-type-simple"},"acf":[],"brands":[{"id":776,"name":"Forlled","slug":"forlled"}],"_links":{"self":[{"href":"https:\/\/skinstudio.ee\/lv\/wp-json\/wp\/v2\/product\/78735","targetHints":{"allow":["GET"]}}],"collection":[{"href":"https:\/\/skinstudio.ee\/lv\/wp-json\/wp\/v2\/product"}],"about":[{"href":"https:\/\/skinstudio.ee\/lv\/wp-json\/wp\/v2\/types\/product"}],"version-history":[{"count":1,"href":"https:\/\/skinstudio.ee\/lv\/wp-json\/wp\/v2\/product\/78735\/revisions"}],"predecessor-version":[{"id":78739,"href":"https:\/\/skinstudio.ee\/lv\/wp-json\/wp\/v2\/product\/78735\/revisions\/78739"}],"wp:featuredmedia":[{"embeddable":true,"href":"https:\/\/skinstudio.ee\/lv\/wp-json\/wp\/v2\/media\/64578"}],"wp:attachment":[{"href":"https:\/\/skinstudio.ee\/lv\/wp-json\/wp\/v2\/media?parent=78735"}],"wp:term":[{"taxonomy":"pwb-brand","embeddable":true,"href":"https:\/\/skinstudio.ee\/lv\/wp-json\/wp\/v2\/pwb-brand?post=78735"},{"taxonomy":"product_brand","embeddable":true,"href":"https:\/\/skinstudio.ee\/lv\/wp-json\/wp\/v2\/product_brand?post=78735"},{"taxonomy":"product_cat","embeddable":true,"href":"https:\/\/skinstudio.ee\/lv\/wp-json\/wp\/v2\/product_cat?post=78735"},{"taxonomy":"product_tag","embeddable":true,"href":"https:\/\/skinstudio.ee\/lv\/wp-json\/wp\/v2\/product_tag?post=78735"},{"taxonomy":"giftcard-category","embeddable":true,"href":"https:\/\/skinstudio.ee\/lv\/wp-json\/wp\/v2\/giftcard-category?post=78735"}],"curies":[{"name":"wp","href":"https:\/\/api.w.org\/{rel}","templated":true}]}}