{"id":78748,"date":"2024-03-27T15:36:01","date_gmt":"2024-03-27T15:36:01","guid":{"rendered":"https:\/\/skinstudio.ee\/?post_type=product&#038;p=78748"},"modified":"2026-02-13T15:27:16","modified_gmt":"2026-02-13T15:27:16","slug":"hyalogy-ac-clear-lotion","status":"publish","type":"product","link":"https:\/\/skinstudio.ee\/lv\/catalog\/forlled\/hyalogy-ac-clear-lotion\/","title":{"rendered":"Hyalogy AC Clear Lotion"},"content":{"rendered":"<p data-start=\"3390\" data-end=\"3657\"><strong data-start=\"3390\" data-end=\"3428\">Hyalogy AC Clear Lotion no Forlled<\/strong> ir caursp\u012bd\u012bgs losjons, kas \u012bpa\u0161i izstr\u0101d\u0101ts taukainas un kombin\u0113tas \u0101das kop\u0161anai, kas ir pak\u013cauta izsitumiem. Produkts nodro\u0161ina atsvaidzino\u0161u, nomierino\u0161u un mitrino\u0161u iedarb\u012bbu, vienlaikus sagatavojot \u0101du turpm\u0101kai kop\u0161anai.<\/p>\n<p data-start=\"3659\" data-end=\"3914\">Losjons veicina serumu un kr\u0113mu akt\u012bvo sast\u0101vda\u013cu dzi\u013c\u0101ku ies\u016bk\u0161anos. Formula pal\u012bdz normaliz\u0113t \u0101das mikrofloru un pH l\u012bdzsvaru, neitraliz\u0113 patog\u0113no floru un atbalsta aizsarg\u0101jo\u0161o mikroorganismu vairo\u0161anos, kas ir \u012bpa\u0161i svar\u012bgi iekaisumiem pak\u013cautai \u0101dai.<\/p>\n<p data-start=\"3916\" data-end=\"4098\">Regul\u0101ri lietojot, \u0101da k\u013c\u016bst l\u012bdzsvarot\u0101ka, samazin\u0101s liek\u0101s taukain\u012bbas un diskomforta saj\u016bta, uzlabojas \u0101das kop\u0113j\u0101 kvalit\u0101te un palielin\u0101s t\u0101s notur\u012bba pret \u0101r\u0113jiem kairin\u0101t\u0101jiem.<\/p>\n<p data-start=\"4100\" data-end=\"4299\"><strong data-start=\"4100\" data-end=\"4142\">Kam piem\u0113rots Hyalogy AC Clear Lotion:<\/strong> taukainai un kombin\u0113tai \u0101dai ar noslieci uz iekaisumiem, izsitumiem, pH disbalansu un diskomfortu, k\u0101 ar\u012b k\u0101 sagatavojo\u0161s solis pirms akt\u012bv\u0101s \u0101das kop\u0161anas.<\/p>\n<p data-start=\"4301\" data-end=\"4320\"><strong data-start=\"4301\" data-end=\"4313\">Tilpums:<\/strong> 120 ml<\/p>\n","protected":false},"excerpt":{"rendered":"<p data-start=\"4557\" data-end=\"4592\">Att\u012bro\u0161s un l\u012bdzsvarojo\u0161s losjons<\/p>\n<h2 data-start=\"4594\" data-end=\"4640\"><strong data-start=\"4594\" data-end=\"4640\">\u012apa\u0161\u012bbas Forlled &#8211; Hyalogy AC Clear Lotion<\/strong><\/h2>\n<p data-start=\"4642\" data-end=\"4836\">\u2714\ufe0f Atjauno optim\u0101lu \u0101das mitruma l\u012bmeni<br data-start=\"4681\" data-end=\"4684\" \/>\u2714\ufe0f Normaliz\u0113 \u0101das bakt\u0113riju mikrofloru<br data-start=\"4722\" data-end=\"4725\" \/>\u2714\ufe0f Uztur fiziolo\u0123isku \u0101das pH l\u012bmeni<br data-start=\"4761\" data-end=\"4764\" \/>\u2714\ufe0f Regul\u0113 \u0101das sebuma izdal\u012b\u0161anos<br data-start=\"4797\" data-end=\"4800\" \/>\u2714\ufe0f Sagatavo \u0101du turpm\u0101kai kop\u0161anai<\/p>\n","protected":false},"featured_media":64583,"template":"","meta":[],"pwb-brand":[776],"product_brand":[],"product_cat":[741,747,721],"product_tag":[],"giftcard-category":[],"class_list":{"0":"post-78748","1":"product","2":"type-product","3":"status-publish","4":"has-post-thumbnail","6":"pwb-brand-forlled","7":"product_cat-izsitumi","8":"product_cat-taukainai-adai","9":"product_cat-toniki-lv","11":"first","12":"instock","13":"taxable","14":"shipping-taxable","15":"purchasable","16":"product-type-simple"},"acf":[],"brands":[{"id":776,"name":"Forlled","slug":"forlled"}],"_links":{"self":[{"href":"https:\/\/skinstudio.ee\/lv\/wp-json\/wp\/v2\/product\/78748","targetHints":{"allow":["GET"]}}],"collection":[{"href":"https:\/\/skinstudio.ee\/lv\/wp-json\/wp\/v2\/product"}],"about":[{"href":"https:\/\/skinstudio.ee\/lv\/wp-json\/wp\/v2\/types\/product"}],"version-history":[{"count":1,"href":"https:\/\/skinstudio.ee\/lv\/wp-json\/wp\/v2\/product\/78748\/revisions"}],"predecessor-version":[{"id":78750,"href":"https:\/\/skinstudio.ee\/lv\/wp-json\/wp\/v2\/product\/78748\/revisions\/78750"}],"wp:featuredmedia":[{"embeddable":true,"href":"https:\/\/skinstudio.ee\/lv\/wp-json\/wp\/v2\/media\/64583"}],"wp:attachment":[{"href":"https:\/\/skinstudio.ee\/lv\/wp-json\/wp\/v2\/media?parent=78748"}],"wp:term":[{"taxonomy":"pwb-brand","embeddable":true,"href":"https:\/\/skinstudio.ee\/lv\/wp-json\/wp\/v2\/pwb-brand?post=78748"},{"taxonomy":"product_brand","embeddable":true,"href":"https:\/\/skinstudio.ee\/lv\/wp-json\/wp\/v2\/product_brand?post=78748"},{"taxonomy":"product_cat","embeddable":true,"href":"https:\/\/skinstudio.ee\/lv\/wp-json\/wp\/v2\/product_cat?post=78748"},{"taxonomy":"product_tag","embeddable":true,"href":"https:\/\/skinstudio.ee\/lv\/wp-json\/wp\/v2\/product_tag?post=78748"},{"taxonomy":"giftcard-category","embeddable":true,"href":"https:\/\/skinstudio.ee\/lv\/wp-json\/wp\/v2\/giftcard-category?post=78748"}],"curies":[{"name":"wp","href":"https:\/\/api.w.org\/{rel}","templated":true}]}}