{"id":78758,"date":"2024-03-27T15:13:55","date_gmt":"2024-03-27T15:13:55","guid":{"rendered":"https:\/\/skinstudio.ee\/?post_type=product&#038;p=78758"},"modified":"2026-02-13T15:27:35","modified_gmt":"2026-02-13T15:27:35","slug":"hyalogy-re-dify-lotion","status":"publish","type":"product","link":"https:\/\/skinstudio.ee\/lv\/catalog\/forlled\/hyalogy-re-dify-lotion\/","title":{"rendered":"Hyalogy Re-Dify Lotion"},"content":{"rendered":"<div class=\"page\" title=\"Page 1\">\n<div class=\"layoutArea\">\n<div class=\"column\">\n<p data-start=\"3109\" data-end=\"3384\"><strong data-start=\"3109\" data-end=\"3146\">Hyalogy Re-Dify Lotion no Forlled<\/strong> ir bag\u0101t\u012bgs un intens\u012bvs pretnoveco\u0161an\u0101s losjons ar izteiktu mitrino\u0161u, detoksik\u0113jo\u0161u un biostimul\u0113jo\u0161u iedarb\u012bbu. Produkts pal\u012bdz atjaunot \u0101das l\u012bdzsvaru, nomierin\u0101t kairin\u0101jumu un palielin\u0101t \u0101das notur\u012bbu pret \u0101r\u0113jiem stresa faktoriem.<\/p>\n<p data-start=\"3386\" data-end=\"3602\">Losjons ne tikai sagatavo \u0101du turpm\u0101kajai kop\u0161anai, bet darbojas ar\u012b k\u0101 akt\u012bvs pastiprin\u0101t\u0101js, uzlabojot kr\u0113mu, serumu un masku efektivit\u0101ti. Formula veicina \u0101das atjauno\u0161an\u0101s procesus un uzlabo t\u0101s kop\u0113jo kvalit\u0101ti.<\/p>\n<p data-start=\"3604\" data-end=\"3740\">Produkts nomierina \u0101du, mazina diskomfortu un atbalsta t\u0101s funkcion\u0101lo st\u0101vokli, \u012bpa\u0161i iekaisumiem un taukainam sp\u012bdumam pak\u013cautai \u0101dai.<\/p>\n<p data-start=\"3742\" data-end=\"3967\"><strong data-start=\"3742\" data-end=\"3783\">Kam piem\u0113rots Hyalogy Re-Dify Lotion:<\/strong> taukainai un kombin\u0113tai \u0101dai, iekaisumiem un pastiprin\u0101tam sp\u012bdumam pak\u013cautai \u0101dai, k\u0101 ar\u012b \u0101dai, kurai nepiecie\u0161ama intens\u012bva mitrin\u0101\u0161ana un pastiprin\u0101ta turpm\u0101k\u0101s kop\u0161anas iedarb\u012bba.<\/p>\n<p data-start=\"3969\" data-end=\"3987\"><strong data-start=\"3969\" data-end=\"3981\">Tilpums:<\/strong> 120 g<\/p>\n<\/div>\n<\/div>\n<\/div>\n","protected":false},"excerpt":{"rendered":"<div class=\"page\" title=\"Page 1\">\n<div class=\"layoutArea\">\n<div class=\"column\">\n<p data-start=\"4134\" data-end=\"4159\">Pretnoveco\u0161an\u0101s losjons<\/p>\n<h2 data-start=\"4161\" data-end=\"4206\"><strong data-start=\"4161\" data-end=\"4206\">\u012apa\u0161\u012bbas Forlled &#8211; Hyalogy Re-Dify Lotion<\/strong><\/h2>\n<p data-start=\"4208\" data-end=\"4409\">\u2714\ufe0f Intens\u012bvi mitrina \u0101du<br data-start=\"4232\" data-end=\"4235\" \/>\u2714\ufe0f Veicina kolag\u0113na un \u0101rpus\u0161\u016bnu matricas sint\u0113zi<br data-start=\"4284\" data-end=\"4287\" \/>\u2714\ufe0f Atbalsta \u0101das detoksik\u0101ciju<br data-start=\"4317\" data-end=\"4320\" \/>\u2714\ufe0f Nomierina \u0101du un mazina kairin\u0101jumu<br data-start=\"4358\" data-end=\"4361\" \/>\u2714\ufe0f Pastiprina kr\u0113mu, serumu un masku iedarb\u012bbu<\/p>\n<\/div>\n<\/div>\n<\/div>\n","protected":false},"featured_media":64655,"template":"","meta":[],"pwb-brand":[776],"product_brand":[],"product_cat":[749,747,721],"product_tag":[],"giftcard-category":[],"class_list":{"0":"post-78758","1":"product","2":"type-product","3":"status-publish","4":"has-post-thumbnail","6":"pwb-brand-forlled","7":"product_cat-novecojosa-ada","8":"product_cat-taukainai-adai","9":"product_cat-toniki-lv","11":"first","12":"instock","13":"taxable","14":"shipping-taxable","15":"purchasable","16":"product-type-simple"},"acf":[],"brands":[{"id":776,"name":"Forlled","slug":"forlled"}],"_links":{"self":[{"href":"https:\/\/skinstudio.ee\/lv\/wp-json\/wp\/v2\/product\/78758","targetHints":{"allow":["GET"]}}],"collection":[{"href":"https:\/\/skinstudio.ee\/lv\/wp-json\/wp\/v2\/product"}],"about":[{"href":"https:\/\/skinstudio.ee\/lv\/wp-json\/wp\/v2\/types\/product"}],"version-history":[{"count":1,"href":"https:\/\/skinstudio.ee\/lv\/wp-json\/wp\/v2\/product\/78758\/revisions"}],"predecessor-version":[{"id":78763,"href":"https:\/\/skinstudio.ee\/lv\/wp-json\/wp\/v2\/product\/78758\/revisions\/78763"}],"wp:featuredmedia":[{"embeddable":true,"href":"https:\/\/skinstudio.ee\/lv\/wp-json\/wp\/v2\/media\/64655"}],"wp:attachment":[{"href":"https:\/\/skinstudio.ee\/lv\/wp-json\/wp\/v2\/media?parent=78758"}],"wp:term":[{"taxonomy":"pwb-brand","embeddable":true,"href":"https:\/\/skinstudio.ee\/lv\/wp-json\/wp\/v2\/pwb-brand?post=78758"},{"taxonomy":"product_brand","embeddable":true,"href":"https:\/\/skinstudio.ee\/lv\/wp-json\/wp\/v2\/product_brand?post=78758"},{"taxonomy":"product_cat","embeddable":true,"href":"https:\/\/skinstudio.ee\/lv\/wp-json\/wp\/v2\/product_cat?post=78758"},{"taxonomy":"product_tag","embeddable":true,"href":"https:\/\/skinstudio.ee\/lv\/wp-json\/wp\/v2\/product_tag?post=78758"},{"taxonomy":"giftcard-category","embeddable":true,"href":"https:\/\/skinstudio.ee\/lv\/wp-json\/wp\/v2\/giftcard-category?post=78758"}],"curies":[{"name":"wp","href":"https:\/\/api.w.org\/{rel}","templated":true}]}}