{"id":78773,"date":"2024-03-27T13:06:48","date_gmt":"2024-03-27T13:06:48","guid":{"rendered":"https:\/\/skinstudio.ee\/?post_type=product&#038;p=78773"},"modified":"2026-02-13T15:27:29","modified_gmt":"2026-02-13T15:27:29","slug":"hyalogy-p-effect-refining-lotion","status":"publish","type":"product","link":"https:\/\/skinstudio.ee\/lv\/catalog\/forlled\/hyalogy-p-effect-refining-lotion\/","title":{"rendered":"Hyalogy P-effect Refining Lotion"},"content":{"rendered":"<div class=\"page\" title=\"Page 21\">\n<div class=\"layoutArea\">\n<div class=\"column\">\n<p data-start=\"3865\" data-end=\"4152\"><strong data-start=\"3865\" data-end=\"3912\">Hyalogy P-effect Refining Lotion no Forlled<\/strong> ir mitrino\u0161s losjons ar augstu patent\u0113tas zemas molekulmasas hialuronsk\u0101bes koncentr\u0101ciju, kas nodro\u0161ina t\u016bl\u012bt\u0113ju un dzi\u013cu mitrin\u0101\u0161anu pat \u013coti sausai un dehidr\u0113tai \u0101dai. Formula iedarbojas dzi\u013c\u0101kajos \u0101das sl\u0101\u0146os, \u0101tri mazinot diskomfortu.<\/p>\n<p data-start=\"4154\" data-end=\"4360\">Papildus intens\u012bvai mitrin\u0101\u0161anai losjons pal\u012bdz \u0101dai pretoties iekaisuma procesiem, veicina \u0161\u016bnu re\u0123ener\u0101ciju, izl\u012bdzina grumbi\u0146as un uzlabo \u0101das tvirtumu. \u0100da k\u013c\u016bst bl\u012bv\u0101ka, elast\u012bg\u0101ka un vizu\u0101li svaig\u0101ka.<\/p>\n<p data-start=\"4362\" data-end=\"4615\">Regul\u0101ra lieto\u0161ana uzlabo vielmai\u0146as un atjauno\u0161an\u0101s procesus, stiprina \u0101das dabisko im\u016bnaizsardz\u012bbu un palielina notur\u012bbu pret \u0101r\u0113jiem stresa faktoriem. Piem\u0113rots ikdienas lieto\u0161anai gan k\u0101 atsevi\u0161\u0137s kop\u0161anas solis, gan profesion\u0101lu proced\u016bru ietvaros.<\/p>\n<p data-start=\"4617\" data-end=\"4980\"><strong data-start=\"4617\" data-end=\"4668\">Kam piem\u0113rots Hyalogy P-effect Refining Lotion:<\/strong> dehidr\u0113tai \u0101dai ar elast\u012bbas zudumu un gravit\u0101cijas ptozes paz\u012bm\u0113m, \u0101dai ar aps\u0101rtumu un kuperozi, \u0101dai ar s\u012bk\u0101m un dzi\u013c\u0101m grumb\u0101m, noguru\u0161ai un stresa ietekm\u0113tai \u0101dai, k\u0101 ar\u012b mezoterapijas, derm\u0101lo filleru un p\u0113cest\u0113tisko proced\u016bru efektivit\u0101tes uzlabo\u0161anai. Piem\u0113rots visiem \u0101das tipiem, tostarp jut\u012bgai \u0101dai.<\/p>\n<p data-start=\"4982\" data-end=\"5001\"><strong data-start=\"4982\" data-end=\"4994\">Tilpums:<\/strong> 150 ml<\/p>\n<\/div>\n<\/div>\n<\/div>\n","protected":false},"excerpt":{"rendered":"<div class=\"page\" title=\"Page 21\">\n<div class=\"layoutArea\">\n<div class=\"column\">\n<p data-start=\"5003\" data-end=\"5168\">\n<p data-start=\"5170\" data-end=\"5189\">Mitrino\u0161s losjons<\/p>\n<h2 data-start=\"5191\" data-end=\"5246\"><strong data-start=\"5191\" data-end=\"5246\">\u012apa\u0161\u012bbas Forlled &#8211; Hyalogy P-effect Refining Lotion<\/strong><\/h2>\n<p data-start=\"5248\" data-end=\"5484\">\u2714\ufe0f Intens\u012bvi un dzi\u013ci mitrina \u0101du<br data-start=\"5281\" data-end=\"5284\" \/>\u2714\ufe0f Pal\u012bdz aizsarg\u0101t \u0101du no priek\u0161laic\u012bgas noveco\u0161an\u0101s<br data-start=\"5337\" data-end=\"5340\" \/>\u2714\ufe0f Uzlabo \u0101das tvirtumu un nodro\u0161ina vieglu liftinga efektu<br data-start=\"5399\" data-end=\"5402\" \/>\u2714\ufe0f Pastiprina sekojo\u0161o serumu iedarb\u012bbu<br data-start=\"5441\" data-end=\"5444\" \/>\u2714\ufe0f Nodro\u0161ina antioksidantu aizsardz\u012bbu<\/p>\n<\/div>\n<\/div>\n<\/div>\n","protected":false},"featured_media":64674,"template":"","meta":[],"pwb-brand":[776],"product_brand":[],"product_cat":[745,737,739,747,721],"product_tag":[],"giftcard-category":[],"class_list":{"0":"post-78773","1":"product","2":"type-product","3":"status-publish","4":"has-post-thumbnail","6":"pwb-brand-forlled","7":"product_cat-jutigai-adai","8":"product_cat-mitrinasana","9":"product_cat-sausai-adai","10":"product_cat-taukainai-adai","11":"product_cat-toniki-lv","13":"first","14":"instock","15":"taxable","16":"shipping-taxable","17":"purchasable","18":"product-type-simple"},"acf":[],"brands":[{"id":776,"name":"Forlled","slug":"forlled"}],"_links":{"self":[{"href":"https:\/\/skinstudio.ee\/lv\/wp-json\/wp\/v2\/product\/78773","targetHints":{"allow":["GET"]}}],"collection":[{"href":"https:\/\/skinstudio.ee\/lv\/wp-json\/wp\/v2\/product"}],"about":[{"href":"https:\/\/skinstudio.ee\/lv\/wp-json\/wp\/v2\/types\/product"}],"version-history":[{"count":1,"href":"https:\/\/skinstudio.ee\/lv\/wp-json\/wp\/v2\/product\/78773\/revisions"}],"predecessor-version":[{"id":78776,"href":"https:\/\/skinstudio.ee\/lv\/wp-json\/wp\/v2\/product\/78773\/revisions\/78776"}],"wp:featuredmedia":[{"embeddable":true,"href":"https:\/\/skinstudio.ee\/lv\/wp-json\/wp\/v2\/media\/64674"}],"wp:attachment":[{"href":"https:\/\/skinstudio.ee\/lv\/wp-json\/wp\/v2\/media?parent=78773"}],"wp:term":[{"taxonomy":"pwb-brand","embeddable":true,"href":"https:\/\/skinstudio.ee\/lv\/wp-json\/wp\/v2\/pwb-brand?post=78773"},{"taxonomy":"product_brand","embeddable":true,"href":"https:\/\/skinstudio.ee\/lv\/wp-json\/wp\/v2\/product_brand?post=78773"},{"taxonomy":"product_cat","embeddable":true,"href":"https:\/\/skinstudio.ee\/lv\/wp-json\/wp\/v2\/product_cat?post=78773"},{"taxonomy":"product_tag","embeddable":true,"href":"https:\/\/skinstudio.ee\/lv\/wp-json\/wp\/v2\/product_tag?post=78773"},{"taxonomy":"giftcard-category","embeddable":true,"href":"https:\/\/skinstudio.ee\/lv\/wp-json\/wp\/v2\/giftcard-category?post=78773"}],"curies":[{"name":"wp","href":"https:\/\/api.w.org\/{rel}","templated":true}]}}