{"id":78785,"date":"2024-03-27T12:28:27","date_gmt":"2024-03-27T12:28:27","guid":{"rendered":"https:\/\/skinstudio.ee\/?post_type=product&#038;p=78785"},"modified":"2026-02-13T15:27:36","modified_gmt":"2026-02-13T15:27:36","slug":"hyalogy-remover-for-point-make-up","status":"publish","type":"product","link":"https:\/\/skinstudio.ee\/lv\/catalog\/forlled\/hyalogy-remover-for-point-make-up\/","title":{"rendered":"Hyalogy Remover For Point Make-Up"},"content":{"rendered":"<p data-start=\"3708\" data-end=\"3969\"><strong data-start=\"3708\" data-end=\"3756\">Hyalogy Remover For Point Make-Up no Forlled<\/strong> ir divf\u0101\u017eu l\u012bdzeklis, kas paredz\u0113ts saudz\u012bgai un efekt\u012bvai acu un l\u016bpu kosm\u0113tikas no\u0146em\u0161anai. Augu ekstraktu un dab\u012bgo e\u013c\u013cu kombin\u0101cija maigi \u0161\u0137\u012bdina kosm\u0113tiku un net\u012brumus, neboj\u0101jot \u0101das dabisko aizsargbarjeru.<\/p>\n<p data-start=\"3971\" data-end=\"4209\">L\u012bdzeklis nodro\u0161ina dzi\u013cu att\u012br\u012b\u0161anu, pal\u012bdz izvad\u012bt toks\u012bnus, nomierina kairin\u0101jumu un veicina \u0101das aizsargfunkciju atjauno\u0161anu. Antioksidanti uzlabo mikrocirkul\u0101ciju un pal\u012bdz izl\u012bdzin\u0101t \u0101das toni, saglab\u0101jot komfortu pat jut\u012bg\u0101s zon\u0101s.<\/p>\n<p data-start=\"4211\" data-end=\"4347\">Formula ir hipoaler\u0123iska, neizraisa sausumu vai savilkuma saj\u016btu un ir piem\u0113rota regul\u0101rai lieto\u0161anai, tostarp jut\u012bgai acu un l\u016bpu \u0101dai.<\/p>\n<p data-start=\"4349\" data-end=\"4539\"><strong data-start=\"4349\" data-end=\"4401\">Kam piem\u0113rots Hyalogy Remover For Point Make-Up:<\/strong> visiem \u0101das tipiem, tostarp jut\u012bgai \u0101dai, k\u0101 ar\u012b acu un l\u016bpu kosm\u0113tikas, ar\u012b \u016bdensnotur\u012bgas, no\u0146em\u0161anai bez kairin\u0101juma un \u0101das boj\u0101juma.<\/p>\n<p data-start=\"4541\" data-end=\"4560\"><strong data-start=\"4541\" data-end=\"4553\">Tilpums:<\/strong> 150 ml<\/p>\n","protected":false},"excerpt":{"rendered":"<div class=\"page\" title=\"Page 17\">\n<div class=\"layoutArea\">\n<div class=\"column\">\n<p data-start=\"4892\" data-end=\"4925\">Kosm\u0113tikas no\u0146em\u0161anas l\u012bdzeklis<\/p>\n<h2 data-start=\"4927\" data-end=\"4983\"><strong data-start=\"4927\" data-end=\"4983\">\u012apa\u0161\u012bbas Forlled &#8211; Hyalogy Remover For Point Make-Up<\/strong><\/h2>\n<p data-start=\"4985\" data-end=\"5249\">\u2714\ufe0f Efekt\u012bvi no\u0146em acu un l\u016bpu kosm\u0113tiku, ar\u012b \u016bdensnotur\u012bgu<br data-start=\"5043\" data-end=\"5046\" \/>\u2714\ufe0f Saudz\u012bgi att\u012bra \u0101du, neboj\u0101jot aizsargbarjeru<br data-start=\"5094\" data-end=\"5097\" \/>\u2714\ufe0f Nomierina \u0101du un mazina kairin\u0101juma risku<br data-start=\"5141\" data-end=\"5144\" \/>\u2714\ufe0f Atbalsta mikrocirkul\u0101ciju un vienm\u0113r\u012bgu \u0101das toni<br data-start=\"5196\" data-end=\"5199\" \/>\u2714\ufe0f Piem\u0113rots jut\u012bgai \u0101dai un ikdienas lieto\u0161anai<\/p>\n<\/div>\n<\/div>\n<\/div>\n","protected":false},"featured_media":64599,"template":"","meta":[],"pwb-brand":[776],"product_brand":[],"product_cat":[715],"product_tag":[],"giftcard-category":[],"class_list":{"0":"post-78785","1":"product","2":"type-product","3":"status-publish","4":"has-post-thumbnail","6":"pwb-brand-forlled","7":"product_cat-attirisana","9":"first","10":"instock","11":"taxable","12":"shipping-taxable","13":"purchasable","14":"product-type-simple"},"acf":[],"brands":[{"id":776,"name":"Forlled","slug":"forlled"}],"_links":{"self":[{"href":"https:\/\/skinstudio.ee\/lv\/wp-json\/wp\/v2\/product\/78785","targetHints":{"allow":["GET"]}}],"collection":[{"href":"https:\/\/skinstudio.ee\/lv\/wp-json\/wp\/v2\/product"}],"about":[{"href":"https:\/\/skinstudio.ee\/lv\/wp-json\/wp\/v2\/types\/product"}],"version-history":[{"count":1,"href":"https:\/\/skinstudio.ee\/lv\/wp-json\/wp\/v2\/product\/78785\/revisions"}],"predecessor-version":[{"id":78789,"href":"https:\/\/skinstudio.ee\/lv\/wp-json\/wp\/v2\/product\/78785\/revisions\/78789"}],"wp:featuredmedia":[{"embeddable":true,"href":"https:\/\/skinstudio.ee\/lv\/wp-json\/wp\/v2\/media\/64599"}],"wp:attachment":[{"href":"https:\/\/skinstudio.ee\/lv\/wp-json\/wp\/v2\/media?parent=78785"}],"wp:term":[{"taxonomy":"pwb-brand","embeddable":true,"href":"https:\/\/skinstudio.ee\/lv\/wp-json\/wp\/v2\/pwb-brand?post=78785"},{"taxonomy":"product_brand","embeddable":true,"href":"https:\/\/skinstudio.ee\/lv\/wp-json\/wp\/v2\/product_brand?post=78785"},{"taxonomy":"product_cat","embeddable":true,"href":"https:\/\/skinstudio.ee\/lv\/wp-json\/wp\/v2\/product_cat?post=78785"},{"taxonomy":"product_tag","embeddable":true,"href":"https:\/\/skinstudio.ee\/lv\/wp-json\/wp\/v2\/product_tag?post=78785"},{"taxonomy":"giftcard-category","embeddable":true,"href":"https:\/\/skinstudio.ee\/lv\/wp-json\/wp\/v2\/giftcard-category?post=78785"}],"curies":[{"name":"wp","href":"https:\/\/api.w.org\/{rel}","templated":true}]}}