{"id":78798,"date":"2024-01-17T14:17:20","date_gmt":"2024-01-17T14:17:20","guid":{"rendered":"https:\/\/skinstudio.ee\/?post_type=product&#038;p=78798"},"modified":"2026-02-13T15:27:31","modified_gmt":"2026-02-13T15:27:31","slug":"hyalogy-platinum-essence","status":"publish","type":"product","link":"https:\/\/skinstudio.ee\/lv\/catalog\/forlled\/hyalogy-platinum-essence\/","title":{"rendered":"Hyalogy Platinum Essence"},"content":{"rendered":"<div class=\"page\" title=\"Page 23\">\n<div class=\"layoutArea\">\n<div class=\"column\">\n<p data-start=\"3767\" data-end=\"4047\"><strong data-start=\"3767\" data-end=\"3806\">Hyalogy Platinum Essence no Forlled<\/strong> ir unik\u0101ls antioksidanta serums, kura pamat\u0101 ir joniz\u0113ts zemas molekulmasas plat\u012bna un hialuronsk\u0101bes \u016bdens \u0161\u0137\u012bdums. Serums nodro\u0161ina izteiktu antioksidantu aizsardz\u012bbu, pal\u012bdz izl\u012bdzin\u0101t \u0101das toni un samazin\u0101t hiperpigment\u0101cijas izpausmes.<\/p>\n<p data-start=\"4049\" data-end=\"4299\">Formula efekt\u012bvi c\u012bn\u0101s pret priek\u0161laic\u012bgu \u0101das noveco\u0161anos, pal\u012bdz saglab\u0101t \u0101das tvirtumu un elast\u012bbu, k\u0101 ar\u012b samazina krunci\u0146u dzi\u013cumu un redzam\u012bbu. Serums paredz\u0113ts oksidat\u012bv\u0101 stresa skartas \u0101das atjauno\u0161anai un kop\u0113j\u0101s \u0101das kvalit\u0101tes uzlabo\u0161anai.<\/p>\n<p data-start=\"4301\" data-end=\"4561\">Zemas molekulmasas plat\u012bna pretiekaisuma \u012bpa\u0161\u012bbu d\u0113\u013c serums ir piem\u0113rots ne tikai nobriedu\u0161ai \u0101dai, bet ar\u012b taukainai, problem\u0101tiskai \u0101dai ar noslieci uz iekaisumiem. Tas palielina \u0101das notur\u012bbu pret \u0101r\u0113jiem stresa faktoriem un atbalsta re\u0123ener\u0101cijas procesus.<\/p>\n<p data-start=\"4563\" data-end=\"4936\"><strong data-start=\"4563\" data-end=\"4606\">Kam piem\u0113rots Hyalogy Platinum Essence:<\/strong> \u0101dai ar fotonoveco\u0161an\u0101s un oksidat\u012bv\u0101 stresa paz\u012bm\u0113m, hiperpigment\u0101cijas gad\u012bjum\u0101, samazin\u0101ta tonusa un elast\u012bbas, \u0101das nosl\u012bd\u0113\u0161anas, noguru\u0161ai un stresam pak\u013cautai \u0101dai, k\u0101 ar\u012b iekaisumiem pak\u013cautai \u0101dai. Ieteicams mezoterapijas, derm\u0101lo filleru un p\u0113cest\u0113tisko proced\u016bru efektivit\u0101tes uzlabo\u0161anai. Piem\u0113rots visiem \u0101das tipiem.<\/p>\n<p data-start=\"4938\" data-end=\"4956\"><strong data-start=\"4938\" data-end=\"4950\">Tilpums:<\/strong> 15 ml<\/p>\n<\/div>\n<\/div>\n<\/div>\n","protected":false},"excerpt":{"rendered":"<div class=\"page\" title=\"Page 23\">\n<div class=\"layoutArea\">\n<div class=\"column\">\n<p data-start=\"5147\" data-end=\"5169\">Antioksidanta serums<\/p>\n<h2 data-start=\"5171\" data-end=\"5218\"><strong data-start=\"5171\" data-end=\"5218\">\u012apa\u0161\u012bbas Forlled &#8211; Hyalogy Platinum Essence<\/strong><\/h2>\n<p data-start=\"5220\" data-end=\"5467\">\u2714\ufe0f Nodro\u0161ina intens\u012bvu antioksidantu aizsardz\u012bbu<br data-start=\"5268\" data-end=\"5271\" \/>\u2714\ufe0f Veicina \u0101das re\u0123ener\u0101ciju un strukt\u016bras atjauno\u0161anu<br data-start=\"5325\" data-end=\"5328\" \/>\u2714\ufe0f Atbalsta detoksik\u0101cijas procesus<br data-start=\"5363\" data-end=\"5366\" \/>\u2714\ufe0f Pal\u012bdz izgaismot \u0101du un samazin\u0101t pigment\u0101ciju<br data-start=\"5415\" data-end=\"5418\" \/>\u2714\ufe0f Uzlabo \u0101das tvirtumu un notur\u012bbu pret stresu<\/p>\n<\/div>\n<\/div>\n<\/div>\n","protected":false},"featured_media":64604,"template":"","meta":[],"pwb-brand":[776],"product_brand":[],"product_cat":[741,749,743,751,723],"product_tag":[],"giftcard-category":[],"class_list":{"0":"post-78798","1":"product","2":"type-product","3":"status-publish","4":"has-post-thumbnail","6":"pwb-brand-forlled","7":"product_cat-izsitumi","8":"product_cat-novecojosa-ada","9":"product_cat-paplasinatas-poras","10":"product_cat-pigmentacija","11":"product_cat-serumi","13":"first","14":"instock","15":"sale","16":"taxable","17":"shipping-taxable","18":"purchasable","19":"product-type-simple"},"acf":[],"brands":[{"id":776,"name":"Forlled","slug":"forlled"}],"_links":{"self":[{"href":"https:\/\/skinstudio.ee\/lv\/wp-json\/wp\/v2\/product\/78798","targetHints":{"allow":["GET"]}}],"collection":[{"href":"https:\/\/skinstudio.ee\/lv\/wp-json\/wp\/v2\/product"}],"about":[{"href":"https:\/\/skinstudio.ee\/lv\/wp-json\/wp\/v2\/types\/product"}],"version-history":[{"count":1,"href":"https:\/\/skinstudio.ee\/lv\/wp-json\/wp\/v2\/product\/78798\/revisions"}],"predecessor-version":[{"id":78800,"href":"https:\/\/skinstudio.ee\/lv\/wp-json\/wp\/v2\/product\/78798\/revisions\/78800"}],"wp:featuredmedia":[{"embeddable":true,"href":"https:\/\/skinstudio.ee\/lv\/wp-json\/wp\/v2\/media\/64604"}],"wp:attachment":[{"href":"https:\/\/skinstudio.ee\/lv\/wp-json\/wp\/v2\/media?parent=78798"}],"wp:term":[{"taxonomy":"pwb-brand","embeddable":true,"href":"https:\/\/skinstudio.ee\/lv\/wp-json\/wp\/v2\/pwb-brand?post=78798"},{"taxonomy":"product_brand","embeddable":true,"href":"https:\/\/skinstudio.ee\/lv\/wp-json\/wp\/v2\/product_brand?post=78798"},{"taxonomy":"product_cat","embeddable":true,"href":"https:\/\/skinstudio.ee\/lv\/wp-json\/wp\/v2\/product_cat?post=78798"},{"taxonomy":"product_tag","embeddable":true,"href":"https:\/\/skinstudio.ee\/lv\/wp-json\/wp\/v2\/product_tag?post=78798"},{"taxonomy":"giftcard-category","embeddable":true,"href":"https:\/\/skinstudio.ee\/lv\/wp-json\/wp\/v2\/giftcard-category?post=78798"}],"curies":[{"name":"wp","href":"https:\/\/api.w.org\/{rel}","templated":true}]}}