{"id":78807,"date":"2024-01-17T12:42:47","date_gmt":"2024-01-17T12:42:47","guid":{"rendered":"https:\/\/skinstudio.ee\/?post_type=product&#038;p=78807"},"modified":"2026-02-13T15:27:44","modified_gmt":"2026-02-13T15:27:44","slug":"hyalogy-%ce%b2","status":"publish","type":"product","link":"https:\/\/skinstudio.ee\/lv\/catalog\/forlled\/hyalogy-%ce%b2\/","title":{"rendered":"Hyalogy \u03b2"},"content":{"rendered":"<div class=\"page\" title=\"Page 30\">\n<div class=\"layoutArea\">\n<div class=\"column\">\n<p data-start=\"3425\" data-end=\"3675\"><strong data-start=\"3425\" data-end=\"3449\">Hyalogy \u03b2 no Forlled<\/strong> ir zemas molekulmasas serums, kas izstr\u0101d\u0101ts, izmantojot nanotehnolo\u0123ijas, un darbojas k\u0101 neinjekciju botul\u012bna toks\u012bna A analogs. Produkts paredz\u0113ts m\u012bmikas krunci\u0146u un pastiprin\u0101tas sejas musku\u013cu aktivit\u0101tes zonu korekcijai.<\/p>\n<p data-start=\"3677\" data-end=\"3893\">Serums efekt\u012bvi izl\u012bdzina m\u012bmikas krunci\u0146as, nodro\u0161ina izteiktu miorelaks\u0113jo\u0161u un liftinga efektu, veicina kolag\u0113na \u0161\u0137iedru sint\u0113zi un uzlabo dermas matricas strukt\u016bru. \u0100da k\u013c\u016bst glud\u0101ka, tvirt\u0101ka un vizu\u0101li kopt\u0101ka.<\/p>\n<p data-start=\"3895\" data-end=\"4072\">Produkts paredz\u0113ts punktveida lieto\u0161anai problem\u0101tiskaj\u0101s zon\u0101s un piem\u0113rots gan k\u0101 patst\u0101v\u012bgs korekcijas l\u012bdzeklis, gan profesion\u0101lu proced\u016bru un est\u0113tisko oper\u0101ciju p\u0113capr\u016bp\u0113.<\/p>\n<p data-start=\"4074\" data-end=\"4324\"><strong data-start=\"4074\" data-end=\"4102\">Kam piem\u0113rots Hyalogy \u03b2:<\/strong> \u0101dai ar m\u012bmikas krunci\u0146\u0101m, \u201ev\u0101rnu k\u0101ji\u0146\u0101m\u201c, izteiktu sejas musku\u013cu aktivit\u0101ti, k\u0101 ar\u012b botul\u012bna toks\u012bna injekciju efektivit\u0101tes uzlabo\u0161anai un kop\u0161anai p\u0113c est\u0113tisk\u0101m proced\u016br\u0101m. Piem\u0113rots visiem \u0101das tipiem un fototipiem.<\/p>\n<p data-start=\"4326\" data-end=\"4344\"><strong data-start=\"4326\" data-end=\"4338\">Tilpums:<\/strong> 30 ml<\/p>\n<\/div>\n<\/div>\n<\/div>\n","protected":false},"excerpt":{"rendered":"<div class=\"page\" title=\"Page 30\">\n<div class=\"layoutArea\">\n<div class=\"column\">\n<p data-start=\"4576\" data-end=\"4612\">Serums m\u012bmikas krunci\u0146u korekcijai<\/p>\n<h2 data-start=\"4614\" data-end=\"4646\"><strong data-start=\"4614\" data-end=\"4646\">\u012apa\u0161\u012bbas Forlled &#8211; Hyalogy \u03b2<\/strong><\/h2>\n<p data-start=\"4648\" data-end=\"4866\">\u2714\ufe0f Samazina m\u012bmikas krunci\u0146as un \u201ev\u0101rnu k\u0101ji\u0146as\u201c<br data-start=\"4696\" data-end=\"4699\" \/>\u2714\ufe0f Nodro\u0161ina izteiktu miorelaks\u0113jo\u0161u efektu<br data-start=\"4742\" data-end=\"4745\" \/>\u2714\ufe0f Sniedz liftinga efektu un vizu\u0101lu atjauno\u0161anu<br data-start=\"4793\" data-end=\"4796\" \/>\u2714\ufe0f Veicina \u0101das re\u0123ener\u0101ciju<br data-start=\"4824\" data-end=\"4827\" \/>\u2714\ufe0f Uzlabo dermas bl\u012bvumu un strukt\u016bru<\/p>\n<\/div>\n<\/div>\n<\/div>\n","protected":false},"featured_media":78808,"template":"","meta":[],"pwb-brand":[776],"product_brand":[],"product_cat":[749,723],"product_tag":[],"giftcard-category":[],"class_list":{"0":"post-78807","1":"product","2":"type-product","3":"status-publish","4":"has-post-thumbnail","6":"pwb-brand-forlled","7":"product_cat-novecojosa-ada","8":"product_cat-serumi","10":"first","11":"instock","12":"taxable","13":"shipping-taxable","14":"purchasable","15":"product-type-simple"},"acf":[],"brands":[{"id":776,"name":"Forlled","slug":"forlled"}],"_links":{"self":[{"href":"https:\/\/skinstudio.ee\/lv\/wp-json\/wp\/v2\/product\/78807","targetHints":{"allow":["GET"]}}],"collection":[{"href":"https:\/\/skinstudio.ee\/lv\/wp-json\/wp\/v2\/product"}],"about":[{"href":"https:\/\/skinstudio.ee\/lv\/wp-json\/wp\/v2\/types\/product"}],"version-history":[{"count":1,"href":"https:\/\/skinstudio.ee\/lv\/wp-json\/wp\/v2\/product\/78807\/revisions"}],"predecessor-version":[{"id":78809,"href":"https:\/\/skinstudio.ee\/lv\/wp-json\/wp\/v2\/product\/78807\/revisions\/78809"}],"wp:featuredmedia":[{"embeddable":true,"href":"https:\/\/skinstudio.ee\/lv\/wp-json\/wp\/v2\/media\/78808"}],"wp:attachment":[{"href":"https:\/\/skinstudio.ee\/lv\/wp-json\/wp\/v2\/media?parent=78807"}],"wp:term":[{"taxonomy":"pwb-brand","embeddable":true,"href":"https:\/\/skinstudio.ee\/lv\/wp-json\/wp\/v2\/pwb-brand?post=78807"},{"taxonomy":"product_brand","embeddable":true,"href":"https:\/\/skinstudio.ee\/lv\/wp-json\/wp\/v2\/product_brand?post=78807"},{"taxonomy":"product_cat","embeddable":true,"href":"https:\/\/skinstudio.ee\/lv\/wp-json\/wp\/v2\/product_cat?post=78807"},{"taxonomy":"product_tag","embeddable":true,"href":"https:\/\/skinstudio.ee\/lv\/wp-json\/wp\/v2\/product_tag?post=78807"},{"taxonomy":"giftcard-category","embeddable":true,"href":"https:\/\/skinstudio.ee\/lv\/wp-json\/wp\/v2\/giftcard-category?post=78807"}],"curies":[{"name":"wp","href":"https:\/\/api.w.org\/{rel}","templated":true}]}}