{"id":78816,"date":"2024-01-17T12:13:30","date_gmt":"2024-01-17T12:13:30","guid":{"rendered":"https:\/\/skinstudio.ee\/?post_type=product&#038;p=78816"},"modified":"2026-02-13T15:27:43","modified_gmt":"2026-02-13T15:27:43","slug":"hyalogy-%ce%b1","status":"publish","type":"product","link":"https:\/\/skinstudio.ee\/lv\/catalog\/forlled\/hyalogy-%ce%b1\/","title":{"rendered":"Hyalogy \u03b1"},"content":{"rendered":"<div class=\"page\" title=\"Page 28\">\n<div class=\"layoutArea\">\n<div class=\"column\">\n<p data-start=\"3515\" data-end=\"3802\"><strong data-start=\"3515\" data-end=\"3539\">Hyalogy \u03b1 no Forlled<\/strong> ir zemas molekulmasas serums ar biomim\u0113tiskiem pept\u012bdiem, kas paredz\u0113ts \u013cenganas un bl\u0101vas \u0101das kop\u0161anai ar hronolo\u0123iskas un priek\u0161laic\u012bgas noveco\u0161an\u0101s paz\u012bm\u0113m, elast\u012bbas un tvirtuma zudumu. Formula ir v\u0113rsta uz \u0101das strukt\u016bras atjauno\u0161anu un bl\u012bvuma uzlabo\u0161anu.<\/p>\n<p data-start=\"3804\" data-end=\"4063\">Serums nodro\u0161ina izteiktu atjaunojo\u0161u un biostimul\u0113jo\u0161u iedarb\u012bbu, akt\u012bvi stimul\u0113 fibroblastus, veicina \u0101das atjauno\u0161anos no iek\u0161puses, intens\u012bvi mitrina un optimiz\u0113 sint\u0113tiskos procesus. Tas pal\u012bdz normaliz\u0113t vielmai\u0146u un uztur\u0113t \u0101das fiziolo\u0123isko l\u012bdzsvaru.<\/p>\n<p data-start=\"4065\" data-end=\"4295\">Regul\u0101ri lietojot, \u0101da k\u013c\u016bst tvirt\u0101ka, elast\u012bg\u0101ka un vizu\u0101li kopt\u0101ka, uzlabojas \u0101das tekst\u016bra un kop\u0113jais izskats. Serums ir piem\u0113rots visiem \u0101das tipiem un fototipiem no 42\u201345 gadu vecuma un \u012bpa\u0161i ieteicams pl\u0101nai un sausai \u0101dai.<\/p>\n<p data-start=\"4297\" data-end=\"4568\"><strong data-start=\"4297\" data-end=\"4325\">Kam piem\u0113rots Hyalogy \u03b1:<\/strong> \u0101dai ar nosl\u012bd\u0113\u0161anu, tvirtuma un elast\u012bbas zudumu, s\u012bk\u0101m un dzi\u013c\u0101m krunci\u0146\u0101m, noveco\u0161an\u0101s paz\u012bm\u0113m, k\u0101 ar\u012b mezoterapijas un derm\u0101lo filleru efektivit\u0101tes uzlabo\u0161anai un kop\u0161anai pirms un p\u0113c est\u0113tisk\u0101m proced\u016br\u0101m. Piem\u0113rots visiem \u0101das tipiem.<\/p>\n<p data-start=\"4570\" data-end=\"4588\"><strong data-start=\"4570\" data-end=\"4582\">Tilpums:<\/strong> 30 ml<\/p>\n<\/div>\n<\/div>\n<\/div>\n","protected":false},"excerpt":{"rendered":"<div class=\"page\" title=\"Page 28\">\n<div class=\"layoutArea\">\n<div class=\"column\">\n<p data-start=\"4716\" data-end=\"4750\">Atjaunojo\u0161s serums \u013cenganai \u0101dai<\/p>\n<h2 data-start=\"4752\" data-end=\"4784\"><strong data-start=\"4752\" data-end=\"4784\">\u012apa\u0161\u012bbas Forlled &#8211; Hyalogy \u03b1<\/strong><\/h2>\n<p data-start=\"4786\" data-end=\"5028\">\u2714\ufe0f Veicina \u0101das re\u0123ener\u0101ciju un strukt\u016bras atjauno\u0161anu<br data-start=\"4840\" data-end=\"4843\" \/>\u2714\ufe0f Nodro\u0161ina izteiktu atjaunojo\u0161u un biostimul\u0113jo\u0161u efektu<br data-start=\"4901\" data-end=\"4904\" \/>\u2714\ufe0f Samazina krunci\u0146u redzam\u012bbu<br data-start=\"4934\" data-end=\"4937\" \/>\u2714\ufe0f Uzlabo \u0101das bl\u012bvumu un elast\u012bbu<br data-start=\"4971\" data-end=\"4974\" \/>\u2714\ufe0f Sniedz liftinga efektu un skaidr\u0101ku sejas kont\u016bru<\/p>\n<\/div>\n<\/div>\n<\/div>\n","protected":false},"featured_media":78817,"template":"","meta":[],"pwb-brand":[776],"product_brand":[],"product_cat":[749,723],"product_tag":[],"giftcard-category":[],"class_list":{"0":"post-78816","1":"product","2":"type-product","3":"status-publish","4":"has-post-thumbnail","6":"pwb-brand-forlled","7":"product_cat-novecojosa-ada","8":"product_cat-serumi","10":"first","11":"instock","12":"taxable","13":"shipping-taxable","14":"purchasable","15":"product-type-simple"},"acf":[],"brands":[{"id":776,"name":"Forlled","slug":"forlled"}],"_links":{"self":[{"href":"https:\/\/skinstudio.ee\/lv\/wp-json\/wp\/v2\/product\/78816","targetHints":{"allow":["GET"]}}],"collection":[{"href":"https:\/\/skinstudio.ee\/lv\/wp-json\/wp\/v2\/product"}],"about":[{"href":"https:\/\/skinstudio.ee\/lv\/wp-json\/wp\/v2\/types\/product"}],"version-history":[{"count":1,"href":"https:\/\/skinstudio.ee\/lv\/wp-json\/wp\/v2\/product\/78816\/revisions"}],"predecessor-version":[{"id":78818,"href":"https:\/\/skinstudio.ee\/lv\/wp-json\/wp\/v2\/product\/78816\/revisions\/78818"}],"wp:featuredmedia":[{"embeddable":true,"href":"https:\/\/skinstudio.ee\/lv\/wp-json\/wp\/v2\/media\/78817"}],"wp:attachment":[{"href":"https:\/\/skinstudio.ee\/lv\/wp-json\/wp\/v2\/media?parent=78816"}],"wp:term":[{"taxonomy":"pwb-brand","embeddable":true,"href":"https:\/\/skinstudio.ee\/lv\/wp-json\/wp\/v2\/pwb-brand?post=78816"},{"taxonomy":"product_brand","embeddable":true,"href":"https:\/\/skinstudio.ee\/lv\/wp-json\/wp\/v2\/product_brand?post=78816"},{"taxonomy":"product_cat","embeddable":true,"href":"https:\/\/skinstudio.ee\/lv\/wp-json\/wp\/v2\/product_cat?post=78816"},{"taxonomy":"product_tag","embeddable":true,"href":"https:\/\/skinstudio.ee\/lv\/wp-json\/wp\/v2\/product_tag?post=78816"},{"taxonomy":"giftcard-category","embeddable":true,"href":"https:\/\/skinstudio.ee\/lv\/wp-json\/wp\/v2\/giftcard-category?post=78816"}],"curies":[{"name":"wp","href":"https:\/\/api.w.org\/{rel}","templated":true}]}}