{"id":78825,"date":"2024-01-15T16:27:26","date_gmt":"2024-01-15T16:27:26","guid":{"rendered":"https:\/\/skinstudio.ee\/?post_type=product&#038;p=78825"},"modified":"2026-02-13T15:27:29","modified_gmt":"2026-02-13T15:27:29","slug":"hyalogy-p-effect-peeling-lotion","status":"publish","type":"product","link":"https:\/\/skinstudio.ee\/lv\/catalog\/forlled\/hyalogy-p-effect-peeling-lotion\/","title":{"rendered":"Hyalogy P-effect Peeling Lotion"},"content":{"rendered":"<div class=\"page\" title=\"Page 67\">\n<div class=\"layoutArea\">\n<div class=\"column\">\n<p data-start=\"3904\" data-end=\"4205\"><strong data-start=\"3904\" data-end=\"3950\">Hyalogy P-effect Peeling Lotion no Forlled<\/strong> ir \u012bpa\u0161s losjons uz piensk\u0101bes un piena s\u016bkalu aminosk\u0101bju b\u0101zes, kas paredz\u0113ts maigai \u0101das atjauno\u0161anai un biostimul\u0101cijai. Formula satur ar\u012b laktobakt\u0113riju filtr\u0101tu, kas ferment\u0113ts, izmantojot v\u012bnogu sulas enz\u012bmus, pastiprinot t\u0101 atjaunojo\u0161o iedarb\u012bbu.<\/p>\n<p data-start=\"4207\" data-end=\"4541\">Losjons nodro\u0161ina izteiktu biostimul\u0113jo\u0161u un \u012bpa\u0161i maigu eksfoli\u0113jo\u0161u iedarb\u012bbu, aktiviz\u0113jot vielmai\u0146as un atjauno\u0161an\u0101s procesus \u0101das \u0161\u016bn\u0101s. Tas delik\u0101ti noloba raga sl\u0101\u0146a \u0161\u016bnas, pal\u012bdz mazin\u0101t hiperkeratozes izpausmes, samazina poru redzam\u012bbu un uzlabo \u0101das reljefu, izl\u012bdzinot s\u012bk\u0101s grumbi\u0146as un padarot \u0101du glud\u0101ku un vienm\u0113r\u012bg\u0101ku.<\/p>\n<p data-start=\"4543\" data-end=\"4881\">Piensk\u0101be piedal\u0101s dab\u012bgo keram\u012bdu sint\u0113z\u0113, t\u0101d\u0113\u013c losjons ir \u012bpa\u0161i piem\u0113rots jut\u012bgai, dehidr\u0113tai un nov\u0101jin\u0101tai \u0101dai. Regul\u0101ra lieto\u0161ana veicina \u0101das aizsargbarjeras atjauno\u0161anos un uzlabo t\u0101s visp\u0101r\u0113jo st\u0101vokli. Losjons labi kombin\u0113jas ar placentas serumiem, pastiprinot to biostimul\u0113jo\u0161o, atjaunojo\u0161o un \u0101das toni izl\u012bdzino\u0161o iedarb\u012bbu.<\/p>\n<p data-start=\"4883\" data-end=\"5181\"><strong data-start=\"4883\" data-end=\"4933\">Kam piem\u0113rots Hyalogy P-effect Peeling Lotion:<\/strong> visiem \u0101das tipiem un fototipiem, tostarp jut\u012bgai, kairin\u0101tai un aler\u0123iskai \u0101dai, hiperkeratozes, nevienm\u0113r\u012bga reljefa, bl\u0101va \u0101das to\u0146a, papla\u0161in\u0101tu poru un pal\u0113nin\u0101tas \u0101das atjauno\u0161an\u0101s paz\u012bmju gad\u012bjum\u0101. Piem\u0113rots ikdienas lieto\u0161anai kursa veid\u0101.<\/p>\n<p data-start=\"5183\" data-end=\"5201\"><strong data-start=\"5183\" data-end=\"5194\">Tilpums:<\/strong> 100 ml<\/p>\n<\/div>\n<\/div>\n<\/div>\n","protected":false},"excerpt":{"rendered":"<div class=\"page\" title=\"Page 67\">\n<div class=\"layoutArea\">\n<div class=\"column\">\n<p data-start=\"5415\" data-end=\"5441\">Maigs eksfoli\u0113jo\u0161s losjons<\/p>\n<h2 data-start=\"5443\" data-end=\"5497\"><strong data-start=\"5443\" data-end=\"5497\">\u012apa\u0161\u012bbas Forlled &#8211; Hyalogy P-effect Peeling Lotion<\/strong><\/h2>\n<p data-start=\"5499\" data-end=\"5709\">\u2714\ufe0f Veicina keram\u012bdu un kolag\u0113na sint\u0113zi<br data-start=\"5538\" data-end=\"5541\" \/>\u2714\ufe0f Maigi atjauno \u0101du ikdienas lieto\u0161an\u0101<br data-start=\"5580\" data-end=\"5583\" \/>\u2714\ufe0f Pal\u012bdz mazin\u0101t iekaisumu un bakt\u0113riju aktivit\u0101ti<br data-start=\"5634\" data-end=\"5637\" \/>\u2714\ufe0f Atbalsta \u0101das im\u016bno aizsardz\u012bbu<br data-start=\"5671\" data-end=\"5674\" \/>\u2714\ufe0f Mitrina un izl\u012bdzina \u0101das toni<\/p>\n<\/div>\n<\/div>\n<\/div>\n","protected":false},"featured_media":78826,"template":"","meta":[],"pwb-brand":[776],"product_brand":[],"product_cat":[745,749,743,739,747,721],"product_tag":[],"giftcard-category":[],"class_list":{"0":"post-78825","1":"product","2":"type-product","3":"status-publish","4":"has-post-thumbnail","6":"pwb-brand-forlled","7":"product_cat-jutiga-ada","8":"product_cat-novecojosa-ada","9":"product_cat-paplasinatas-poras","10":"product_cat-sausa-ada","11":"product_cat-taukaina-ada","12":"product_cat-toniki","14":"first","15":"instock","16":"sale","17":"taxable","18":"shipping-taxable","19":"purchasable","20":"product-type-simple"},"acf":[],"brands":[{"id":776,"name":"Forlled","slug":"forlled"}],"_links":{"self":[{"href":"https:\/\/skinstudio.ee\/lv\/wp-json\/wp\/v2\/product\/78825","targetHints":{"allow":["GET"]}}],"collection":[{"href":"https:\/\/skinstudio.ee\/lv\/wp-json\/wp\/v2\/product"}],"about":[{"href":"https:\/\/skinstudio.ee\/lv\/wp-json\/wp\/v2\/types\/product"}],"version-history":[{"count":1,"href":"https:\/\/skinstudio.ee\/lv\/wp-json\/wp\/v2\/product\/78825\/revisions"}],"predecessor-version":[{"id":78827,"href":"https:\/\/skinstudio.ee\/lv\/wp-json\/wp\/v2\/product\/78825\/revisions\/78827"}],"wp:featuredmedia":[{"embeddable":true,"href":"https:\/\/skinstudio.ee\/lv\/wp-json\/wp\/v2\/media\/78826"}],"wp:attachment":[{"href":"https:\/\/skinstudio.ee\/lv\/wp-json\/wp\/v2\/media?parent=78825"}],"wp:term":[{"taxonomy":"pwb-brand","embeddable":true,"href":"https:\/\/skinstudio.ee\/lv\/wp-json\/wp\/v2\/pwb-brand?post=78825"},{"taxonomy":"product_brand","embeddable":true,"href":"https:\/\/skinstudio.ee\/lv\/wp-json\/wp\/v2\/product_brand?post=78825"},{"taxonomy":"product_cat","embeddable":true,"href":"https:\/\/skinstudio.ee\/lv\/wp-json\/wp\/v2\/product_cat?post=78825"},{"taxonomy":"product_tag","embeddable":true,"href":"https:\/\/skinstudio.ee\/lv\/wp-json\/wp\/v2\/product_tag?post=78825"},{"taxonomy":"giftcard-category","embeddable":true,"href":"https:\/\/skinstudio.ee\/lv\/wp-json\/wp\/v2\/giftcard-category?post=78825"}],"curies":[{"name":"wp","href":"https:\/\/api.w.org\/{rel}","templated":true}]}}