{"id":78835,"date":"2024-01-15T15:19:09","date_gmt":"2024-01-15T15:19:09","guid":{"rendered":"https:\/\/skinstudio.ee\/?post_type=product&#038;p=78835"},"modified":"2026-02-13T15:27:19","modified_gmt":"2026-02-13T15:27:19","slug":"hyalogy-creamy-wash","status":"publish","type":"product","link":"https:\/\/skinstudio.ee\/lv\/catalog\/forlled\/hyalogy-creamy-wash\/","title":{"rendered":"Hyalogy Creamy Wash"},"content":{"rendered":"<div class=\"page\" title=\"Page 20\">\n<div class=\"layoutArea\">\n<div class=\"column\">\n<p data-start=\"5673\" data-end=\"6033\"><strong data-start=\"5673\" data-end=\"5707\">Hyalogy Creamy Wash no Forlled<\/strong> ir viegls, kr\u0113mveida att\u012bro\u0161s putu l\u012bdzeklis uz maigu kokosriekstu e\u013c\u013cas atvasin\u0101jumu b\u0101zes, paredz\u0113ts \u012bpa\u0161i jut\u012bgas, sausas, kairin\u0101tas un uz aps\u0101rtumu tend\u0113tas sejas \u0101das kop\u0161anai. L\u012bdzeklis nodro\u0161ina fiziolo\u0123iski pareizu att\u012br\u012b\u0161anu, neboj\u0101jot hidrolip\u012bdu barjeru un neradot savilkuma saj\u016btu pat izteiktas sausuma gad\u012bjum\u0101.<\/p>\n<p data-start=\"6035\" data-end=\"6378\">Putu l\u012bdzeklis efekt\u012bvi no\u0146em \u016bden\u012b \u0161\u0137\u012bsto\u0161us net\u012brumus un kop\u0161anas l\u012bdzek\u013cu atliekas, vienlaikus samazinot iekaisumu un \u0101das reaktivit\u0101ti. Formula veicina \u0101das atjauno\u0161anos, stimul\u0113 epidermas re\u0123ener\u0101ciju, uzlabo mikrocirkul\u0101ciju, stiprina kapil\u0101ru sieni\u0146as un mazina erit\u0113mu. Att\u012br\u012b\u0161ana nomierina \u0101du un pal\u012bdz atjaunot t\u0101s aizsargfunkcijas.<\/p>\n<p data-start=\"6380\" data-end=\"6591\">Produktu var izmantot k\u0101 vien\u012bgo att\u012br\u012b\u0161anas l\u012bdzekli \u013coti sausas un reakt\u012bvas \u0101das m\u0101jas kop\u0161an\u0101 vai k\u0101 otro att\u012br\u012b\u0161anas posmu p\u0113c dekorat\u012bv\u0101s kosm\u0113tikas no\u0146em\u0161anas. Piem\u0113rots regul\u0101rai un ilgsto\u0161ai lieto\u0161anai.<\/p>\n<p data-start=\"6593\" data-end=\"6832\"><strong data-start=\"6593\" data-end=\"6631\">Kam piem\u0113rots Hyalogy Creamy Wash:<\/strong> sausai, dehidr\u0113tai, paaugstin\u0101ti jut\u012bgai un uz aps\u0101rtumu tend\u0113tai \u0101dai, tostarp \u0101dai ar kuperozi un roz\u0101ciju, boj\u0101tas \u0101das barjeras, dedzin\u0101\u0161anas, niezes un pastiprin\u0101tas asinsvadu reakcijas gad\u012bjum\u0101.<\/p>\n<p data-start=\"6834\" data-end=\"6853\"><strong data-start=\"6834\" data-end=\"6846\">Tilpums:<\/strong> 150 ml<\/p>\n<\/div>\n<\/div>\n<\/div>\n","protected":false},"excerpt":{"rendered":"<div class=\"page\" title=\"Page 20\">\n<div class=\"layoutArea\">\n<div class=\"column\">\n<p data-start=\"7118\" data-end=\"7143\">Kr\u0113mveida att\u012bro\u0161as putas<\/p>\n<h2 data-start=\"7145\" data-end=\"7187\"><strong data-start=\"7145\" data-end=\"7187\">\u012apa\u0161\u012bbas Forlled &#8211; Hyalogy Creamy Wash<\/strong><\/h2>\n<p data-start=\"7189\" data-end=\"7384\">\u2714\ufe0f Atjauno \u0101das hidrolip\u012bdu barjeru<br data-start=\"7224\" data-end=\"7227\" \/>\u2714\ufe0f Samazina aps\u0101rtumu un asinsvadu reaktivit\u0101ti<br data-start=\"7274\" data-end=\"7277\" \/>\u2714\ufe0f Mazina iekaisumu un jut\u012bgumu<br data-start=\"7308\" data-end=\"7311\" \/>\u2714\ufe0f Veicina epidermas re\u0123ener\u0101ciju<br data-start=\"7344\" data-end=\"7347\" \/>\u2714\ufe0f Piem\u0113rots kuperozei un roz\u0101cijai<\/p>\n<\/div>\n<\/div>\n<\/div>\n","protected":false},"featured_media":78836,"template":"","meta":[],"pwb-brand":[776],"product_brand":[],"product_cat":[715,745,739],"product_tag":[],"giftcard-category":[],"class_list":{"0":"post-78835","1":"product","2":"type-product","3":"status-publish","4":"has-post-thumbnail","6":"pwb-brand-forlled","7":"product_cat-attirisana","8":"product_cat-jutiga-ada","9":"product_cat-sausa-ada","11":"first","12":"instock","13":"sale","14":"taxable","15":"shipping-taxable","16":"purchasable","17":"product-type-simple"},"acf":[],"brands":[{"id":776,"name":"Forlled","slug":"forlled"}],"_links":{"self":[{"href":"https:\/\/skinstudio.ee\/lv\/wp-json\/wp\/v2\/product\/78835","targetHints":{"allow":["GET"]}}],"collection":[{"href":"https:\/\/skinstudio.ee\/lv\/wp-json\/wp\/v2\/product"}],"about":[{"href":"https:\/\/skinstudio.ee\/lv\/wp-json\/wp\/v2\/types\/product"}],"version-history":[{"count":1,"href":"https:\/\/skinstudio.ee\/lv\/wp-json\/wp\/v2\/product\/78835\/revisions"}],"predecessor-version":[{"id":78837,"href":"https:\/\/skinstudio.ee\/lv\/wp-json\/wp\/v2\/product\/78835\/revisions\/78837"}],"wp:featuredmedia":[{"embeddable":true,"href":"https:\/\/skinstudio.ee\/lv\/wp-json\/wp\/v2\/media\/78836"}],"wp:attachment":[{"href":"https:\/\/skinstudio.ee\/lv\/wp-json\/wp\/v2\/media?parent=78835"}],"wp:term":[{"taxonomy":"pwb-brand","embeddable":true,"href":"https:\/\/skinstudio.ee\/lv\/wp-json\/wp\/v2\/pwb-brand?post=78835"},{"taxonomy":"product_brand","embeddable":true,"href":"https:\/\/skinstudio.ee\/lv\/wp-json\/wp\/v2\/product_brand?post=78835"},{"taxonomy":"product_cat","embeddable":true,"href":"https:\/\/skinstudio.ee\/lv\/wp-json\/wp\/v2\/product_cat?post=78835"},{"taxonomy":"product_tag","embeddable":true,"href":"https:\/\/skinstudio.ee\/lv\/wp-json\/wp\/v2\/product_tag?post=78835"},{"taxonomy":"giftcard-category","embeddable":true,"href":"https:\/\/skinstudio.ee\/lv\/wp-json\/wp\/v2\/giftcard-category?post=78835"}],"curies":[{"name":"wp","href":"https:\/\/api.w.org\/{rel}","templated":true}]}}