{"id":78844,"date":"2024-01-15T15:05:16","date_gmt":"2024-01-15T15:05:16","guid":{"rendered":"https:\/\/skinstudio.ee\/?post_type=product&#038;p=78844"},"modified":"2026-02-13T15:27:26","modified_gmt":"2026-02-13T15:27:26","slug":"hyalogy-p-effect-clearance-cleansing","status":"publish","type":"product","link":"https:\/\/skinstudio.ee\/lv\/catalog\/forlled\/hyalogy-p-effect-clearance-cleansing\/","title":{"rendered":"Hyalogy P-effect Clearance Cleansing"},"content":{"rendered":"<div class=\"page\" title=\"Page 18\">\n<div class=\"layoutArea\">\n<div class=\"column\">\n<p data-start=\"4322\" data-end=\"4609\"><strong data-start=\"4322\" data-end=\"4373\">Hyalogy P-effect Clearance Cleansing no Forlled<\/strong> ir pirm\u0101 posma att\u012bro\u0161a emulsija, kas paredz\u0113ta visu taukos \u0161\u0137\u012bsto\u0161o net\u012brumu efekt\u012bvai no\u0146em\u0161anai no \u0101das. L\u012bdzeklis att\u012bra sebumu, \u0101das vielmai\u0146as produktus, dekorat\u012bvo kosm\u0113tiku, saules aizsargfiltrus un pils\u0113tas vides pies\u0101r\u0146ojumu.<\/p>\n<p data-start=\"4611\" data-end=\"4851\">Emulsija darbojas p\u0113c principa \u201etauki \u0161\u0137\u012bdina taukus\u201c, iek\u013c\u016bstot dzi\u013ci por\u0101s un att\u012brot t\u0101s no iek\u0161puses. Tas pal\u012bdz nov\u0113rst poru nosprosto\u0161anos un komedonu veido\u0161anos, k\u0101 ar\u012b sagatavo \u0101du otrajam att\u012br\u012b\u0161anas posmam un turpm\u0101kajai kop\u0161anai.<\/p>\n<p data-start=\"4853\" data-end=\"5198\">L\u012bdzeklis maigi no\u0146em atmiru\u0161\u0101s \u0161\u016bnas, mazina lob\u012b\u0161anos un atjauno \u0101das hidrolip\u012bdu aizsargk\u0101rtu, stiprinot t\u0101s aizsargfunkcijas. Atjaunots \u0101das barjers samazina jut\u012bbu pret \u0101r\u0113j\u0101s vides ietekmi un bakt\u0113riju iedarb\u012bbu. Profesion\u0101l\u0101s proced\u016br\u0101s l\u012bdzeklis piem\u0113rots visiem \u0101das tipiem; m\u0101jas kop\u0161an\u0101 nav ieteicams taukainai, uz akni tend\u0113tai \u0101dai.<\/p>\n<p data-start=\"5200\" data-end=\"5459\"><strong data-start=\"5200\" data-end=\"5255\">Kam piem\u0113rots Hyalogy P-effect Clearance Cleansing:<\/strong> visiem \u0101das tipiem lob\u012b\u0161an\u0101s, hiperkeratozes un komedonu gad\u012bjum\u0101, k\u0101 ar\u012b ikdienas taukos \u0161\u0137\u012bsto\u0161o net\u012brumu no\u0146em\u0161anai. Ieteicams profesion\u0101lai lieto\u0161anai un m\u0101jas kop\u0161anai, iz\u0146emot taukainu aknisku \u0101du.<\/p>\n<p data-start=\"5461\" data-end=\"5479\"><strong data-start=\"5461\" data-end=\"5473\">Tilpums:<\/strong> 125 g<\/p>\n<\/div>\n<\/div>\n<\/div>\n","protected":false},"excerpt":{"rendered":"<div class=\"page\" title=\"Page 18\">\n<div class=\"layoutArea\">\n<div class=\"column\">\n<p data-start=\"5906\" data-end=\"5935\">Pirm\u0101 posma att\u012bro\u0161a emulsija<\/p>\n<h2 data-start=\"5937\" data-end=\"5996\"><strong data-start=\"5937\" data-end=\"5996\">\u012apa\u0161\u012bbas Forlled &#8211; Hyalogy P-effect Clearance Cleansing<\/strong><\/h2>\n<p data-start=\"5998\" data-end=\"6213\">\u2714\ufe0f \u0160\u0137\u012bdina taukos \u0161\u0137\u012bsto\u0161us net\u012brumus un sebumu<br data-start=\"6045\" data-end=\"6048\" \/>\u2714\ufe0f Dzi\u013ci att\u012bra poras un nov\u0113r\u0161 komedonus<br data-start=\"6089\" data-end=\"6092\" \/>\u2714\ufe0f No\u0146em notur\u012bgu kosm\u0113tiku un SPF filtrus<br data-start=\"6134\" data-end=\"6137\" \/>\u2714\ufe0f Atjauno \u0101das hidrolip\u012bdu barjeru<br data-start=\"6172\" data-end=\"6175\" \/>\u2714\ufe0f Mazina lob\u012b\u0161anos un hiperkeratozi<\/p>\n<\/div>\n<\/div>\n<\/div>\n","protected":false},"featured_media":78845,"template":"","meta":[],"pwb-brand":[776],"product_brand":[],"product_cat":[715],"product_tag":[],"giftcard-category":[],"class_list":{"0":"post-78844","1":"product","2":"type-product","3":"status-publish","4":"has-post-thumbnail","6":"pwb-brand-forlled","7":"product_cat-attirisana","9":"first","10":"instock","11":"taxable","12":"shipping-taxable","13":"purchasable","14":"product-type-simple"},"acf":[],"brands":[{"id":776,"name":"Forlled","slug":"forlled"}],"_links":{"self":[{"href":"https:\/\/skinstudio.ee\/lv\/wp-json\/wp\/v2\/product\/78844","targetHints":{"allow":["GET"]}}],"collection":[{"href":"https:\/\/skinstudio.ee\/lv\/wp-json\/wp\/v2\/product"}],"about":[{"href":"https:\/\/skinstudio.ee\/lv\/wp-json\/wp\/v2\/types\/product"}],"version-history":[{"count":1,"href":"https:\/\/skinstudio.ee\/lv\/wp-json\/wp\/v2\/product\/78844\/revisions"}],"predecessor-version":[{"id":78848,"href":"https:\/\/skinstudio.ee\/lv\/wp-json\/wp\/v2\/product\/78844\/revisions\/78848"}],"wp:featuredmedia":[{"embeddable":true,"href":"https:\/\/skinstudio.ee\/lv\/wp-json\/wp\/v2\/media\/78845"}],"wp:attachment":[{"href":"https:\/\/skinstudio.ee\/lv\/wp-json\/wp\/v2\/media?parent=78844"}],"wp:term":[{"taxonomy":"pwb-brand","embeddable":true,"href":"https:\/\/skinstudio.ee\/lv\/wp-json\/wp\/v2\/pwb-brand?post=78844"},{"taxonomy":"product_brand","embeddable":true,"href":"https:\/\/skinstudio.ee\/lv\/wp-json\/wp\/v2\/product_brand?post=78844"},{"taxonomy":"product_cat","embeddable":true,"href":"https:\/\/skinstudio.ee\/lv\/wp-json\/wp\/v2\/product_cat?post=78844"},{"taxonomy":"product_tag","embeddable":true,"href":"https:\/\/skinstudio.ee\/lv\/wp-json\/wp\/v2\/product_tag?post=78844"},{"taxonomy":"giftcard-category","embeddable":true,"href":"https:\/\/skinstudio.ee\/lv\/wp-json\/wp\/v2\/giftcard-category?post=78844"}],"curies":[{"name":"wp","href":"https:\/\/api.w.org\/{rel}","templated":true}]}}