{"id":78858,"date":"2024-01-12T15:02:40","date_gmt":"2024-01-12T15:02:40","guid":{"rendered":"https:\/\/skinstudio.ee\/?post_type=product&#038;p=78858"},"modified":"2026-02-13T15:27:32","modified_gmt":"2026-02-13T15:27:32","slug":"hyalogy-platinum-lotion","status":"publish","type":"product","link":"https:\/\/skinstudio.ee\/lv\/catalog\/forlled\/hyalogy-platinum-lotion\/","title":{"rendered":"Hyalogy Platinum Lotion"},"content":{"rendered":"<div class=\"page\" title=\"Page 22\">\n<div class=\"layoutArea\">\n<div class=\"column\">\n<p data-start=\"3614\" data-end=\"3924\"><strong data-start=\"3614\" data-end=\"3652\">Hyalogy Platinum Lotion no Forlled<\/strong> ir antioksidanta losjons uz zemas molekulmasas plat\u012bna b\u0101zes, kas paredz\u0113ts \u0101das aizsardz\u012bbai pret oksidat\u012bvo stresu un br\u012bvo radik\u0101\u013cu kait\u012bgo ietekmi. Formula neitraliz\u0113 liel\u0101ko da\u013cu zin\u0101mo akt\u012bvo sk\u0101bek\u013ca formu, nov\u0113r\u0161ot \u0161\u016bnu boj\u0101jumus un priek\u0161laic\u012bgu fotonoveco\u0161anos.<\/p>\n<p data-start=\"3926\" data-end=\"4152\">Losjons aizsarg\u0101 \u0101du no br\u012bvajiem radik\u0101\u013ciem, kav\u0113 hiperpigment\u0101cijas un iekaisuma elementu att\u012bst\u012bbu, samazina poru redzam\u012bbu un tendenci uz komedonu veido\u0161anos, vienlaikus mitrinot \u0101du un mazinot sausuma un savilkuma saj\u016btu.<\/p>\n<p data-start=\"4154\" data-end=\"4498\">Piem\u0113rots ikdienas lieto\u0161anai visiem \u0101das tipiem un fototipiem jebkur\u0101 vecum\u0101. \u012apa\u0161i ieteicams taukainai un uz iekaisumu tend\u0113tai \u0101dai, k\u0101 ar\u012b \u0101dai ar hiperpigment\u0101ciju, sagatavo\u0161anas un atjauno\u0161an\u0101s period\u0101 p\u0113c intens\u012bvas saules iedarb\u012bbas. Ide\u0101li piem\u0113rots lieto\u0161anai akt\u012bv\u0101s saules iedarb\u012bbas laik\u0101, veicinot vienm\u0113r\u012bgu un notur\u012bgu iedegumu.<\/p>\n<p data-start=\"4500\" data-end=\"4792\"><strong data-start=\"4500\" data-end=\"4542\">Kam piem\u0113rots Hyalogy Platinum Lotion:<\/strong> visiem \u0101das tipiem, tostarp jut\u012bgai un trauslai \u0101dai, hiperpigment\u0101cijas, oksidat\u012bv\u0101 stresa, elast\u012bbas zuduma, paaugstin\u0101tas taukain\u012bbas un iekaisuma gad\u012bjum\u0101, k\u0101 ar\u012b mezoterapijas, derm\u0101lo filleru un p\u0113cproced\u016bru kop\u0161anas efektivit\u0101tes uzlabo\u0161anai.<\/p>\n<p data-start=\"4794\" data-end=\"4813\"><strong data-start=\"4794\" data-end=\"4806\">Tilpums:<\/strong> 120 ml<\/p>\n<\/div>\n<\/div>\n<\/div>\n","protected":false},"excerpt":{"rendered":"<div class=\"page\" title=\"Page 22\">\n<div class=\"layoutArea\">\n<div class=\"column\">\n<p data-start=\"4957\" data-end=\"4978\">Antioksidanta losjons<\/p>\n<h2 data-start=\"4980\" data-end=\"5026\"><strong data-start=\"4980\" data-end=\"5026\">\u012apa\u0161\u012bbas Forlled &#8211; Hyalogy Platinum Lotion<\/strong><\/h2>\n<p data-start=\"5028\" data-end=\"5195\">\u2714\ufe0f Blo\u0137\u0113 oksidat\u012bvo stresu<br data-start=\"5054\" data-end=\"5057\" \/>\u2714\ufe0f Aizsarg\u0101 no fotoboj\u0101jumiem<br data-start=\"5086\" data-end=\"5089\" \/>\u2714\ufe0f Nom\u0101c iekaisuma reakcijas<br data-start=\"5117\" data-end=\"5120\" \/>\u2714\ufe0f Kontrol\u0113 poras un komedonus<br data-start=\"5150\" data-end=\"5153\" \/>\u2714\ufe0f Uztur vienm\u0113r\u012bgu un notur\u012bgu iedegumu<\/p>\n<\/div>\n<\/div>\n<\/div>\n","protected":false},"featured_media":64610,"template":"","meta":[],"pwb-brand":[776],"product_brand":[],"product_cat":[745,749,739,747,721],"product_tag":[],"giftcard-category":[],"class_list":{"0":"post-78858","1":"product","2":"type-product","3":"status-publish","4":"has-post-thumbnail","6":"pwb-brand-forlled","7":"product_cat-jutiga-ada","8":"product_cat-novecojosa-ada","9":"product_cat-sausa-ada","10":"product_cat-taukaina-ada","11":"product_cat-toniki","13":"first","14":"instock","15":"sale","16":"taxable","17":"shipping-taxable","18":"purchasable","19":"product-type-simple"},"acf":[],"brands":[{"id":776,"name":"Forlled","slug":"forlled"}],"_links":{"self":[{"href":"https:\/\/skinstudio.ee\/lv\/wp-json\/wp\/v2\/product\/78858","targetHints":{"allow":["GET"]}}],"collection":[{"href":"https:\/\/skinstudio.ee\/lv\/wp-json\/wp\/v2\/product"}],"about":[{"href":"https:\/\/skinstudio.ee\/lv\/wp-json\/wp\/v2\/types\/product"}],"version-history":[{"count":1,"href":"https:\/\/skinstudio.ee\/lv\/wp-json\/wp\/v2\/product\/78858\/revisions"}],"predecessor-version":[{"id":78862,"href":"https:\/\/skinstudio.ee\/lv\/wp-json\/wp\/v2\/product\/78858\/revisions\/78862"}],"wp:featuredmedia":[{"embeddable":true,"href":"https:\/\/skinstudio.ee\/lv\/wp-json\/wp\/v2\/media\/64610"}],"wp:attachment":[{"href":"https:\/\/skinstudio.ee\/lv\/wp-json\/wp\/v2\/media?parent=78858"}],"wp:term":[{"taxonomy":"pwb-brand","embeddable":true,"href":"https:\/\/skinstudio.ee\/lv\/wp-json\/wp\/v2\/pwb-brand?post=78858"},{"taxonomy":"product_brand","embeddable":true,"href":"https:\/\/skinstudio.ee\/lv\/wp-json\/wp\/v2\/product_brand?post=78858"},{"taxonomy":"product_cat","embeddable":true,"href":"https:\/\/skinstudio.ee\/lv\/wp-json\/wp\/v2\/product_cat?post=78858"},{"taxonomy":"product_tag","embeddable":true,"href":"https:\/\/skinstudio.ee\/lv\/wp-json\/wp\/v2\/product_tag?post=78858"},{"taxonomy":"giftcard-category","embeddable":true,"href":"https:\/\/skinstudio.ee\/lv\/wp-json\/wp\/v2\/giftcard-category?post=78858"}],"curies":[{"name":"wp","href":"https:\/\/api.w.org\/{rel}","templated":true}]}}