{"id":78871,"date":"2024-01-12T14:53:34","date_gmt":"2024-01-12T14:53:34","guid":{"rendered":"https:\/\/skinstudio.ee\/?post_type=product&#038;p=78871"},"modified":"2026-02-13T15:27:29","modified_gmt":"2026-02-13T15:27:29","slug":"hyalogy-p-effect-re-purerance-wash","status":"publish","type":"product","link":"https:\/\/skinstudio.ee\/lv\/catalog\/forlled\/hyalogy-p-effect-re-purerance-wash\/","title":{"rendered":"Hyalogy P-effect Re-purerance Wash"},"content":{"rendered":"<div class=\"page\" title=\"Page 19\">\n<div class=\"layoutArea\">\n<div class=\"column\">\n<p data-start=\"3943\" data-end=\"4316\"><strong data-start=\"3943\" data-end=\"3992\">Hyalogy P-effect Re-purerance Wash no Forlled<\/strong> ir otr\u0101 posma att\u012bro\u0161s l\u012bdzeklis uz kokosriekstu un palmu e\u013c\u013cas atvasin\u0101jumu kompleksa b\u0101zes, paredz\u0113ts \u016bden\u012b \u0161\u0137\u012bsto\u0161u net\u012brumu saudz\u012bgai no\u0146em\u0161anai un dzi\u013c\u0101s att\u012br\u012b\u0161anas proced\u016bras pabeig\u0161anai. Putas efekt\u012bvi no\u0146em pirm\u0101 att\u012br\u012b\u0161anas posma atlikumus, sviedrus, putek\u013cus un vides pies\u0101r\u0146ojumu, neboj\u0101jot \u0101das aizsargbarjeru.<\/p>\n<p data-start=\"4318\" data-end=\"4588\">Att\u012bro\u0161\u0101s putas nodro\u0161ina izteiktu pretiekaisuma un dzied\u0113jo\u0161u iedarb\u012bbu, aktiviz\u0113 mikrocirkul\u0101ciju un pa\u0101trina \u0101das atjauno\u0161anos p\u0113c iekaisuma elementiem. Piem\u0113rotas ikdienas lieto\u0161anai, tostarp acu zonas kop\u0161anai, un sagatavo \u0101du turpm\u0101ko kop\u0161anas l\u012bdzek\u013cu uzkl\u0101\u0161anai.<\/p>\n<p data-start=\"4590\" data-end=\"4807\">M\u0101jas kop\u0161an\u0101 produktu var izmantot k\u0101 vien\u012bgo att\u012br\u012b\u0161anas l\u012bdzekli taukainai un kombin\u0113tai \u0101dai ar noslieci uz iekaisumiem. Profesion\u0101l\u0101s proced\u016br\u0101s tas tiek izmantots k\u0101 oblig\u0101tais otrais ikdienas att\u012br\u012b\u0161anas posms.<\/p>\n<p data-start=\"4809\" data-end=\"5023\"><strong data-start=\"4809\" data-end=\"4862\">Kam piem\u0113rots Hyalogy P-effect Re-purerance Wash:<\/strong> visiem \u0101das tipiem komedonu, hiperkeratozes, lob\u012b\u0161an\u0101s un iekaisuma gad\u012bjum\u0101; \u012bpa\u0161i ieteicams taukainai un kombin\u0113tai \u0101dai k\u0101 ikdienas otrais att\u012br\u012b\u0161anas posms.<\/p>\n<p data-start=\"5025\" data-end=\"5043\"><strong data-start=\"5025\" data-end=\"5037\">Tilpums:<\/strong> 110 g<\/p>\n<\/div>\n<\/div>\n<\/div>\n","protected":false},"excerpt":{"rendered":"<div class=\"page\" title=\"Page 19\">\n<div class=\"layoutArea\">\n<div class=\"column\">\n<p data-start=\"5444\" data-end=\"5470\">Otr\u0101 posma att\u012bro\u0161\u0101s putas<\/p>\n<h2 data-start=\"5472\" data-end=\"5529\"><strong data-start=\"5472\" data-end=\"5529\">\u012apa\u0161\u012bbas Forlled &#8211; Hyalogy P-effect Re-purerance Wash<\/strong><\/h2>\n<p data-start=\"5531\" data-end=\"5739\">\u2714\ufe0f Pabeidz att\u012br\u012b\u0161anu un no\u0146em \u016bden\u012b \u0161\u0137\u012bsto\u0161us net\u012brumus<br data-start=\"5587\" data-end=\"5590\" \/>\u2714\ufe0f Nom\u0101c iekaisumu un veicina dz\u012b\u0161anu<br data-start=\"5627\" data-end=\"5630\" \/>\u2714\ufe0f Aktiviz\u0113 mikrocirkul\u0101ciju<br data-start=\"5658\" data-end=\"5661\" \/>\u2714\ufe0f Samazina komedonu veido\u0161an\u0101s risku<br data-start=\"5698\" data-end=\"5701\" \/>\u2714\ufe0f Sagatavo \u0101du turpm\u0101kajai kop\u0161anai<\/p>\n<\/div>\n<\/div>\n<\/div>\n","protected":false},"featured_media":78872,"template":"","meta":[],"pwb-brand":[776],"product_brand":[],"product_cat":[715,745,739,747],"product_tag":[],"giftcard-category":[],"class_list":{"0":"post-78871","1":"product","2":"type-product","3":"status-publish","4":"has-post-thumbnail","6":"pwb-brand-forlled","7":"product_cat-attirisana","8":"product_cat-jutigai-adai","9":"product_cat-sausai-adai","10":"product_cat-taukainai-adai","11":"pa_suurus-100g-lv","12":"pa_suurus-200g-lv","14":"first","15":"instock","16":"taxable","17":"shipping-taxable","18":"purchasable","19":"product-type-variable"},"acf":[],"brands":[{"id":776,"name":"Forlled","slug":"forlled"}],"_links":{"self":[{"href":"https:\/\/skinstudio.ee\/lv\/wp-json\/wp\/v2\/product\/78871","targetHints":{"allow":["GET"]}}],"collection":[{"href":"https:\/\/skinstudio.ee\/lv\/wp-json\/wp\/v2\/product"}],"about":[{"href":"https:\/\/skinstudio.ee\/lv\/wp-json\/wp\/v2\/types\/product"}],"version-history":[{"count":1,"href":"https:\/\/skinstudio.ee\/lv\/wp-json\/wp\/v2\/product\/78871\/revisions"}],"predecessor-version":[{"id":78875,"href":"https:\/\/skinstudio.ee\/lv\/wp-json\/wp\/v2\/product\/78871\/revisions\/78875"}],"wp:featuredmedia":[{"embeddable":true,"href":"https:\/\/skinstudio.ee\/lv\/wp-json\/wp\/v2\/media\/78872"}],"wp:attachment":[{"href":"https:\/\/skinstudio.ee\/lv\/wp-json\/wp\/v2\/media?parent=78871"}],"wp:term":[{"taxonomy":"pwb-brand","embeddable":true,"href":"https:\/\/skinstudio.ee\/lv\/wp-json\/wp\/v2\/pwb-brand?post=78871"},{"taxonomy":"product_brand","embeddable":true,"href":"https:\/\/skinstudio.ee\/lv\/wp-json\/wp\/v2\/product_brand?post=78871"},{"taxonomy":"product_cat","embeddable":true,"href":"https:\/\/skinstudio.ee\/lv\/wp-json\/wp\/v2\/product_cat?post=78871"},{"taxonomy":"product_tag","embeddable":true,"href":"https:\/\/skinstudio.ee\/lv\/wp-json\/wp\/v2\/product_tag?post=78871"},{"taxonomy":"giftcard-category","embeddable":true,"href":"https:\/\/skinstudio.ee\/lv\/wp-json\/wp\/v2\/giftcard-category?post=78871"}],"curies":[{"name":"wp","href":"https:\/\/api.w.org\/{rel}","templated":true}]}}