{"id":78937,"date":"2025-02-20T14:58:02","date_gmt":"2025-02-20T14:58:02","guid":{"rendered":"https:\/\/skinstudio.ee\/?post_type=product&#038;p=78937"},"modified":"2026-02-13T15:28:01","modified_gmt":"2026-02-13T15:28:01","slug":"sheer-tint-broad-spectrum-spf-45","status":"publish","type":"product","link":"https:\/\/skinstudio.ee\/lv\/catalog\/pca-skin-lv\/sheer-tint-broad-spectrum-spf-45\/","title":{"rendered":"Sheer Tint Broad Spectrum SPF 45"},"content":{"rendered":"<p data-start=\"3775\" data-end=\"4076\"><strong data-start=\"3775\" data-end=\"3823\">Sheer Tint Broad Spectrum SPF 45 no PCA SKIN<\/strong> ir ton\u0113ts pla\u0161a spektra SPF 45 saules aizsargkr\u0113ms, kas paredz\u0113ts ikdienas aizsardz\u012bbai pret UVA un UVB starojumu pils\u0113tvid\u0113. Fizisko filtru formula ar vieglu toni pal\u012bdz vizu\u0101li izl\u012bdzin\u0101t \u0101das toni un nodro\u0161ina dabisku p\u0101rkl\u0101jumu bez smaguma saj\u016btas.<\/p>\n<p data-start=\"4078\" data-end=\"4290\">Produkts rada vienm\u0113r\u012bgu un dabisku fini\u0161u un var tikt izmantots k\u0101 patst\u0101v\u012bgs l\u012bdzeklis viegla ton\u0101l\u0101 viet\u0101 vai k\u0101 grima b\u0101ze. Viegl\u0101 tekst\u016bra vienm\u0113r\u012bgi kl\u0101jas uz \u0101das un nodro\u0161ina komfortu visas dienas garum\u0101.<\/p>\n<p data-start=\"4292\" data-end=\"4477\">Sheer Tint Broad Spectrum SPF 45 apvieno ikdienas saules aizsardz\u012bbu ar maigu to\u0146a korekciju, pal\u012bdzot saglab\u0101t koptu \u0101das izskatu. Kr\u0113ms padara SPF lieto\u0161anu vienk\u0101r\u0161u un \u0113rtu ikdien\u0101.<\/p>\n<p data-start=\"4479\" data-end=\"4511\"><strong data-start=\"4479\" data-end=\"4511\">Akt\u012bvo sast\u0101vda\u013cu iedarb\u012bba:<\/strong><\/p>\n<ul data-start=\"4513\" data-end=\"4768\">\n<li data-start=\"4513\" data-end=\"4597\">\n<p data-start=\"4515\" data-end=\"4597\">Titanium Dioxide (7.6%) &#8211; nodro\u0161ina fizisku pla\u0161a spektra UVA un UVB aizsardz\u012bbu<\/p>\n<\/li>\n<li data-start=\"4598\" data-end=\"4691\">\n<p data-start=\"4600\" data-end=\"4691\">Zinc Oxide (8.0%) &#8211; pastiprina pla\u0161a spektra aizsardz\u012bbu un piem\u0113rots ikdienas lieto\u0161anai<\/p>\n<\/li>\n<li data-start=\"4692\" data-end=\"4768\">\n<p data-start=\"4694\" data-end=\"4768\">Iron Oxides &#8211; pie\u0161\u0137ir vieglu toni un pal\u012bdz vizu\u0101li izl\u012bdzin\u0101t \u0101das toni<\/p>\n<\/li>\n<\/ul>\n<p data-start=\"4770\" data-end=\"4951\">Kam piem\u0113rots \u0161is kr\u0113ms: visiem \u0101das tipiem un vecumiem, ikdienas aizsardz\u012bbai pils\u0113t\u0101, tiem, kuri v\u0113las vieglu to\u0146a izl\u012bdzin\u0101\u0161anu bez smaga grima, k\u0101 ar\u012b lieto\u0161anai k\u0101 grima b\u0101zei.<\/p>\n<p data-start=\"4953\" data-end=\"4971\"><strong data-start=\"4953\" data-end=\"4965\">Tilpums:<\/strong> 50 ml<\/p>\n","protected":false},"excerpt":{"rendered":"<p data-start=\"5229\" data-end=\"5255\">Ton\u0113ts saules aizsargkr\u0113ms<\/p>\n<h2 data-start=\"5257\" data-end=\"5313\"><strong data-start=\"5257\" data-end=\"5313\">\u012apa\u0161\u012bbas PCA SKIN &#8211; Sheer Tint Broad Spectrum SPF 45<\/strong><\/h2>\n<p data-start=\"5315\" data-end=\"5535\">\u2714\ufe0f Pla\u0161a spektra fiziska SPF 45 aizsardz\u012bba<br data-start=\"5358\" data-end=\"5361\" \/>\u2714\ufe0f Viegls tonis dabiskam \u0101das izskatam<br data-start=\"5399\" data-end=\"5402\" \/>\u2714\ufe0f Var aizst\u0101t vieglu ton\u0101lo l\u012bdzekli<br data-start=\"5439\" data-end=\"5442\" \/>\u2714\ufe0f Komfortabla tekst\u016bra bez smaguma saj\u016btas<br data-start=\"5485\" data-end=\"5488\" \/>\u2714\ufe0f Ide\u0101li piem\u0113rots ikdienas lieto\u0161anai pils\u0113t\u0101<\/p>\n","protected":false},"featured_media":64144,"template":"","meta":[],"pwb-brand":[1249],"product_brand":[],"product_cat":[731,747],"product_tag":[],"giftcard-category":[],"class_list":{"0":"post-78937","1":"product","2":"type-product","3":"status-publish","4":"has-post-thumbnail","6":"pwb-brand-pca-skin-lv","7":"product_cat-spf-aizsardziba","8":"product_cat-taukainai-adai","10":"first","11":"instock","12":"taxable","13":"shipping-taxable","14":"purchasable","15":"product-type-simple"},"acf":[],"brands":[{"id":1249,"name":"PCA Skin","slug":"pca-skin-lv"}],"_links":{"self":[{"href":"https:\/\/skinstudio.ee\/lv\/wp-json\/wp\/v2\/product\/78937","targetHints":{"allow":["GET"]}}],"collection":[{"href":"https:\/\/skinstudio.ee\/lv\/wp-json\/wp\/v2\/product"}],"about":[{"href":"https:\/\/skinstudio.ee\/lv\/wp-json\/wp\/v2\/types\/product"}],"version-history":[{"count":1,"href":"https:\/\/skinstudio.ee\/lv\/wp-json\/wp\/v2\/product\/78937\/revisions"}],"predecessor-version":[{"id":78938,"href":"https:\/\/skinstudio.ee\/lv\/wp-json\/wp\/v2\/product\/78937\/revisions\/78938"}],"wp:featuredmedia":[{"embeddable":true,"href":"https:\/\/skinstudio.ee\/lv\/wp-json\/wp\/v2\/media\/64144"}],"wp:attachment":[{"href":"https:\/\/skinstudio.ee\/lv\/wp-json\/wp\/v2\/media?parent=78937"}],"wp:term":[{"taxonomy":"pwb-brand","embeddable":true,"href":"https:\/\/skinstudio.ee\/lv\/wp-json\/wp\/v2\/pwb-brand?post=78937"},{"taxonomy":"product_brand","embeddable":true,"href":"https:\/\/skinstudio.ee\/lv\/wp-json\/wp\/v2\/product_brand?post=78937"},{"taxonomy":"product_cat","embeddable":true,"href":"https:\/\/skinstudio.ee\/lv\/wp-json\/wp\/v2\/product_cat?post=78937"},{"taxonomy":"product_tag","embeddable":true,"href":"https:\/\/skinstudio.ee\/lv\/wp-json\/wp\/v2\/product_tag?post=78937"},{"taxonomy":"giftcard-category","embeddable":true,"href":"https:\/\/skinstudio.ee\/lv\/wp-json\/wp\/v2\/giftcard-category?post=78937"}],"curies":[{"name":"wp","href":"https:\/\/api.w.org\/{rel}","templated":true}]}}