{"id":78954,"date":"2024-09-20T09:44:12","date_gmt":"2024-09-20T09:44:12","guid":{"rendered":"https:\/\/skinstudio.ee\/?post_type=product&#038;p=78954"},"modified":"2026-02-13T15:27:58","modified_gmt":"2026-02-13T15:27:58","slug":"microneedling-eye-patches","status":"publish","type":"product","link":"https:\/\/skinstudio.ee\/lv\/catalog\/pca-skin\/microneedling-eye-patches\/","title":{"rendered":"Microneedling Eye Patches"},"content":{"rendered":"<p data-start=\"4108\" data-end=\"4428\"><strong data-start=\"4108\" data-end=\"4149\">Microneedling Eye Patches no PCA SKIN<\/strong> ir profesion\u0101li mikroadata acu zonas pl\u0101ksteri, kas paredz\u0113ti intens\u012bvai mitrin\u0101\u0161anai un redzamai \u0101das atjauno\u0161anai acu zon\u0101. Formula satur pa\u0161\u0161\u0137\u012bsto\u0161as mikroadata strukt\u016bras, kas veido mikrokan\u0101lus akt\u012bvo vielu efekt\u012bv\u0101kai pieg\u0101dei, pastiprinot mitrino\u0161o un izl\u012bdzino\u0161o efektu.<\/p>\n<p data-start=\"4430\" data-end=\"4692\">Pl\u0101ksteri pal\u012bdz samazin\u0101t grumbu redzam\u012bbu, veicina glud\u0101ku un svaig\u0101ku acu zonas izskatu un pal\u012bdz mazin\u0101t noguruma paz\u012bmes. Kontrol\u0113ta un maiga iedarb\u012bba nodro\u0161ina intens\u012bvu kop\u0161anu bez sare\u017e\u0123\u012bt\u0101m proced\u016br\u0101m ar redzamiem rezult\u0101tiem jau p\u0113c pirm\u0101s lieto\u0161anas.<\/p>\n<p data-start=\"4694\" data-end=\"4852\">Microneedling Eye Patches nodro\u0161ina profesion\u0101la l\u012bme\u0146a kop\u0161anas pieredzi un pal\u012bdz \u0101tri uzlabot acu zonas izskatu, veicinot vienm\u0113r\u012bg\u0101ku un svaig\u0101ku izskatu.<\/p>\n<p data-start=\"4854\" data-end=\"4886\"><strong data-start=\"4854\" data-end=\"4886\">Akt\u012bvo sast\u0101vda\u013cu iedarb\u012bba:<\/strong><\/p>\n<ul data-start=\"4888\" data-end=\"5135\">\n<li data-start=\"4888\" data-end=\"4985\">\n<p data-start=\"4890\" data-end=\"4985\"><strong data-start=\"4890\" data-end=\"4914\">4-D Hyaluronic Acid:<\/strong> nodro\u0161ina daudzl\u012bme\u0146u intens\u012bvu mitrin\u0101\u0161anu un pal\u012bdz izl\u012bdzin\u0101t \u0101du<\/p>\n<\/li>\n<li data-start=\"4986\" data-end=\"5067\">\n<p data-start=\"4988\" data-end=\"5067\"><strong data-start=\"4988\" data-end=\"5013\">Acetyl Octapeptide-3:<\/strong> pal\u012bdz samazin\u0101t m\u012bmikas l\u012bniju un grumbu redzam\u012bbu<\/p>\n<\/li>\n<li data-start=\"5068\" data-end=\"5135\">\n<p data-start=\"5070\" data-end=\"5135\"><strong data-start=\"5070\" data-end=\"5089\">Copper Peptide:<\/strong> veicina \u0101das elast\u012bbu un visp\u0101r\u0113jo st\u0101vokli<\/p>\n<\/li>\n<\/ul>\n<p data-start=\"5137\" data-end=\"5292\">Kam \u0161ie pl\u0101ksteri piem\u0113roti: acu zonai ar sausumu, smalk\u0101m l\u012bnij\u0101m, tum\u0161ajiem lokiem un noguruma paz\u012bm\u0113m, intens\u012bvai m\u0101jas kop\u0161anai ar profesion\u0101lu efektu.<\/p>\n<p data-start=\"5294\" data-end=\"5323\"><strong data-start=\"5294\" data-end=\"5306\">Tilpums:<\/strong> 1 p\u0101ris (2 gab.)<\/p>\n","protected":false},"excerpt":{"rendered":"<p data-start=\"5688\" data-end=\"5735\">Mikroadatu acu zonas pl\u0101ksteri ar hialuronsk\u0101bi<\/p>\n<h2 data-start=\"5737\" data-end=\"5786\"><strong data-start=\"5737\" data-end=\"5786\">\u012apa\u0161\u012bbas PCA SKIN &#8211; Microneedling Eye Patches<\/strong><\/h2>\n<p data-start=\"5788\" data-end=\"6017\">\u2714\ufe0f Intens\u012bvi mitrina un papildina \u0101du ar mitrumu<br data-start=\"5836\" data-end=\"5839\" \/>\u2714\ufe0f Pal\u012bdz samazin\u0101t smalko l\u012bniju redzam\u012bbu<br data-start=\"5882\" data-end=\"5885\" \/>\u2714\ufe0f Izgaismo acu zonu un atsvaidzina skatienu<br data-start=\"5929\" data-end=\"5932\" \/>\u2714\ufe0f Veicina glud\u0101ku un elast\u012bg\u0101ku \u0101du<br data-start=\"5968\" data-end=\"5971\" \/>\u2714\ufe0f Nodro\u0161ina profesion\u0101la l\u012bme\u0146a kop\u0161anu m\u0101j\u0101s<\/p>\n","protected":false},"featured_media":78955,"template":"","meta":[],"pwb-brand":[1249],"product_brand":[],"product_cat":[733,725],"product_tag":[],"giftcard-category":[],"class_list":{"0":"post-78954","1":"product","2":"type-product","3":"status-publish","4":"has-post-thumbnail","6":"pwb-brand-pca-skin","7":"product_cat-ada-ap-acim","8":"product_cat-maskas","10":"first","11":"instock","12":"taxable","13":"shipping-taxable","14":"purchasable","15":"product-type-simple"},"acf":[],"brands":[{"id":1249,"name":"PCA Skin","slug":"pca-skin"}],"_links":{"self":[{"href":"https:\/\/skinstudio.ee\/lv\/wp-json\/wp\/v2\/product\/78954","targetHints":{"allow":["GET"]}}],"collection":[{"href":"https:\/\/skinstudio.ee\/lv\/wp-json\/wp\/v2\/product"}],"about":[{"href":"https:\/\/skinstudio.ee\/lv\/wp-json\/wp\/v2\/types\/product"}],"version-history":[{"count":1,"href":"https:\/\/skinstudio.ee\/lv\/wp-json\/wp\/v2\/product\/78954\/revisions"}],"predecessor-version":[{"id":78956,"href":"https:\/\/skinstudio.ee\/lv\/wp-json\/wp\/v2\/product\/78954\/revisions\/78956"}],"wp:featuredmedia":[{"embeddable":true,"href":"https:\/\/skinstudio.ee\/lv\/wp-json\/wp\/v2\/media\/78955"}],"wp:attachment":[{"href":"https:\/\/skinstudio.ee\/lv\/wp-json\/wp\/v2\/media?parent=78954"}],"wp:term":[{"taxonomy":"pwb-brand","embeddable":true,"href":"https:\/\/skinstudio.ee\/lv\/wp-json\/wp\/v2\/pwb-brand?post=78954"},{"taxonomy":"product_brand","embeddable":true,"href":"https:\/\/skinstudio.ee\/lv\/wp-json\/wp\/v2\/product_brand?post=78954"},{"taxonomy":"product_cat","embeddable":true,"href":"https:\/\/skinstudio.ee\/lv\/wp-json\/wp\/v2\/product_cat?post=78954"},{"taxonomy":"product_tag","embeddable":true,"href":"https:\/\/skinstudio.ee\/lv\/wp-json\/wp\/v2\/product_tag?post=78954"},{"taxonomy":"giftcard-category","embeddable":true,"href":"https:\/\/skinstudio.ee\/lv\/wp-json\/wp\/v2\/giftcard-category?post=78954"}],"curies":[{"name":"wp","href":"https:\/\/api.w.org\/{rel}","templated":true}]}}