{"id":78965,"date":"2024-05-16T09:23:45","date_gmt":"2024-05-16T09:23:45","guid":{"rendered":"https:\/\/skinstudio.ee\/?post_type=product&#038;p=78965"},"modified":"2026-02-13T15:27:54","modified_gmt":"2026-02-13T15:27:54","slug":"hydrabright","status":"publish","type":"product","link":"https:\/\/skinstudio.ee\/lv\/catalog\/pca-skin\/hydrabright\/","title":{"rendered":"HydraBright"},"content":{"rendered":"<p data-start=\"3490\" data-end=\"3797\"><strong data-start=\"3490\" data-end=\"3517\">HydraBright no PCA SKIN<\/strong> ir viegls ikdienas mitrino\u0161s kr\u0113ms, kas paredz\u0113ts \u0101das mirdzuma atjauno\u0161anai un bl\u0101vas, dehidr\u0113tas \u0101das izskata uzlabo\u0161anai. Formula ir v\u0113rsta uz galvenajiem bl\u0101vuma c\u0113lo\u0146iem &#8211; sausumu, raupju tekst\u016bru un nevienm\u0113r\u012bgu \u0101das toni -, pal\u012bdzot \u0101dai izskat\u012bties glud\u0101kai un svaig\u0101kai.<\/p>\n<p data-start=\"3799\" data-end=\"4084\">Viegl\u0101 tekst\u016bra nodro\u0161ina intens\u012bvu mitrin\u0101\u0161anu bez smaguma saj\u016btas, veicina komfortu un pal\u012bdz pan\u0101kt vienm\u0113r\u012bg\u0101ku \u0101das izskatu. Kr\u0113ms apvieno mitrino\u0161as un izgaismojo\u0161as sast\u0101vda\u013cas, kas pal\u012bdz vizu\u0101li uzlabot \u0101das st\u0101vokli un pie\u0161\u0137irt tai dabisku mirdzumu bez agres\u012bvas balin\u0101\u0161anas.<\/p>\n<p data-start=\"4086\" data-end=\"4196\">HydraBright pal\u012bdz uztur\u0113t mitruma l\u012bdzsvaru un uzlabo kop\u0113jo \u0101das izskatu, padarot to glud\u0101ku un starojo\u0161\u0101ku.<\/p>\n<p data-start=\"4198\" data-end=\"4230\"><strong data-start=\"4198\" data-end=\"4230\">Akt\u012bvo sast\u0101vda\u013cu iedarb\u012bba:<\/strong><\/p>\n<ul data-start=\"4232\" data-end=\"4498\">\n<li data-start=\"4232\" data-end=\"4336\">\n<p data-start=\"4234\" data-end=\"4336\"><strong data-start=\"4234\" data-end=\"4250\">Niacinamide:<\/strong> pal\u012bdz izl\u012bdzin\u0101t \u0101das toni, uzlabo tekst\u016bru un nodro\u0161ina antioksidantu aizsardz\u012bbu<\/p>\n<\/li>\n<li data-start=\"4337\" data-end=\"4425\">\n<p data-start=\"4339\" data-end=\"4425\"><strong data-start=\"4339\" data-end=\"4366\">Bio-stable Gallic Acid:<\/strong> veicina \u0101das izgaismo\u0161anu un pal\u012bdz uztur\u0113t \u0101das barjeru<\/p>\n<\/li>\n<li data-start=\"4426\" data-end=\"4498\">\n<p data-start=\"4428\" data-end=\"4498\"><strong data-start=\"4428\" data-end=\"4441\">Squalane:<\/strong> nodro\u0161ina dzi\u013cu mitrin\u0101\u0161anu un samazina mitruma zudumu<\/p>\n<\/li>\n<\/ul>\n<p data-start=\"4500\" data-end=\"4656\">Kam \u0161is kr\u0113ms piem\u0113rots: bl\u0101vai, dehidr\u0113tai \u0101dai ar nevienm\u0113r\u012bgu toni, sausumu un mirdzuma tr\u016bkumu, ikdienas kop\u0161anai, lai uzlabotu \u0101das gludumu un izskatu.<\/p>\n<p data-start=\"4658\" data-end=\"4676\"><strong data-start=\"4658\" data-end=\"4670\">Tilpums:<\/strong> 50 ml<\/p>\n","protected":false},"excerpt":{"rendered":"<p data-start=\"4852\" data-end=\"4876\">Ikdienas mitrino\u0161s kr\u0113ms<\/p>\n<h2 data-start=\"4878\" data-end=\"4913\"><strong data-start=\"4878\" data-end=\"4913\">\u012apa\u0161\u012bbas PCA SKIN &#8211; HydraBright<\/strong><\/h2>\n<p data-start=\"4915\" data-end=\"5136\">\u2714\ufe0f Vizu\u0101li izgaismo bl\u0101vu un nevienm\u0113r\u012bgu \u0101du<br data-start=\"4960\" data-end=\"4963\" \/>\u2714\ufe0f Intens\u012bvi mitrina bez smaguma saj\u016btas<br data-start=\"5003\" data-end=\"5006\" \/>\u2714\ufe0f Izl\u012bdzina tekst\u016bru un uzlabo \u0101das maigumu<br data-start=\"5050\" data-end=\"5053\" \/>\u2714\ufe0f Veicina dabisku \u0101das mirdzumu<br data-start=\"5085\" data-end=\"5088\" \/>\u2714\ufe0f Pal\u012bdz ieg\u016bt svaig\u0101ku un vienm\u0113r\u012bg\u0101ku izskatu<\/p>\n","protected":false},"featured_media":64169,"template":"","meta":[],"pwb-brand":[1249],"product_brand":[],"product_cat":[745,737,739,747],"product_tag":[],"giftcard-category":[],"class_list":{"0":"post-78965","1":"product","2":"type-product","3":"status-publish","4":"has-post-thumbnail","6":"pwb-brand-pca-skin","7":"product_cat-jutigai-adai","8":"product_cat-mitrinasana","9":"product_cat-sausai-adai","10":"product_cat-taukainai-adai","12":"first","13":"instock","14":"taxable","15":"shipping-taxable","16":"purchasable","17":"product-type-simple"},"acf":[],"brands":[{"id":1249,"name":"PCA Skin","slug":"pca-skin"}],"_links":{"self":[{"href":"https:\/\/skinstudio.ee\/lv\/wp-json\/wp\/v2\/product\/78965","targetHints":{"allow":["GET"]}}],"collection":[{"href":"https:\/\/skinstudio.ee\/lv\/wp-json\/wp\/v2\/product"}],"about":[{"href":"https:\/\/skinstudio.ee\/lv\/wp-json\/wp\/v2\/types\/product"}],"version-history":[{"count":1,"href":"https:\/\/skinstudio.ee\/lv\/wp-json\/wp\/v2\/product\/78965\/revisions"}],"predecessor-version":[{"id":78967,"href":"https:\/\/skinstudio.ee\/lv\/wp-json\/wp\/v2\/product\/78965\/revisions\/78967"}],"wp:featuredmedia":[{"embeddable":true,"href":"https:\/\/skinstudio.ee\/lv\/wp-json\/wp\/v2\/media\/64169"}],"wp:attachment":[{"href":"https:\/\/skinstudio.ee\/lv\/wp-json\/wp\/v2\/media?parent=78965"}],"wp:term":[{"taxonomy":"pwb-brand","embeddable":true,"href":"https:\/\/skinstudio.ee\/lv\/wp-json\/wp\/v2\/pwb-brand?post=78965"},{"taxonomy":"product_brand","embeddable":true,"href":"https:\/\/skinstudio.ee\/lv\/wp-json\/wp\/v2\/product_brand?post=78965"},{"taxonomy":"product_cat","embeddable":true,"href":"https:\/\/skinstudio.ee\/lv\/wp-json\/wp\/v2\/product_cat?post=78965"},{"taxonomy":"product_tag","embeddable":true,"href":"https:\/\/skinstudio.ee\/lv\/wp-json\/wp\/v2\/product_tag?post=78965"},{"taxonomy":"giftcard-category","embeddable":true,"href":"https:\/\/skinstudio.ee\/lv\/wp-json\/wp\/v2\/giftcard-category?post=78965"}],"curies":[{"name":"wp","href":"https:\/\/api.w.org\/{rel}","templated":true}]}}