{"id":78977,"date":"2024-01-02T14:17:18","date_gmt":"2024-01-02T14:17:18","guid":{"rendered":"https:\/\/skinstudio.ee\/?post_type=product&#038;p=78977"},"modified":"2026-02-13T15:27:59","modified_gmt":"2026-02-13T15:27:59","slug":"pro-max-age-renewal","status":"publish","type":"product","link":"https:\/\/skinstudio.ee\/lv\/catalog\/pca-skin-lv\/pro-max-age-renewal\/","title":{"rendered":"Pro-Max Age Renewal"},"content":{"rendered":"<p data-start=\"3537\" data-end=\"3868\"><strong data-start=\"3537\" data-end=\"3572\">Pro-Max Age Renewal no PCA SKIN<\/strong> ir uzlabots pretnoveco\u0161an\u0101s serums ar aug\u0161anas faktoriem, kas paredz\u0113ts \u0101das nostiprin\u0101\u0161anai, bl\u012bvuma uzlabo\u0161anai un redzamu noveco\u0161an\u0101s paz\u012bmju samazin\u0101\u0161anai. Formula atbalsta kolag\u0113na sint\u0113zi un \u0101das strukt\u016bras atjauno\u0161anu, samazinot grumbu, elast\u012bbas zuduma un apjoma samazin\u0101\u0161an\u0101s redzam\u012bbu.<\/p>\n<p data-start=\"3870\" data-end=\"4092\">Patent\u0113t\u0101 Micro Growth Factor Technology nodro\u0161ina dzi\u013c\u0101ku akt\u012bvo vielu pieg\u0101di, uzlabojot \u0101das strukt\u016bru un radot vizu\u0101li liftinga efektu. Serums palielina \u0101das bl\u012bvumu, izl\u012bdzina tekst\u016bru un pie\u0161\u0137ir jaunekl\u012bg\u0101ku izskatu.<\/p>\n<p data-start=\"4094\" data-end=\"4188\">Pro-Max Age Renewal pal\u012bdz stiprin\u0101t \u0101das kop\u0113jo izskatu un padara sejas kont\u016bras izteikt\u0101kas.<\/p>\n<p data-start=\"4190\" data-end=\"4222\"><strong data-start=\"4190\" data-end=\"4222\">Akt\u012bvo sast\u0101vda\u013cu iedarb\u012bba:<\/strong><\/p>\n<ul data-start=\"4224\" data-end=\"4498\">\n<li data-start=\"4224\" data-end=\"4318\">\n<p data-start=\"4226\" data-end=\"4318\"><strong data-start=\"4226\" data-end=\"4261\">Micro Growth Factor Technology:<\/strong> stimul\u0113 kolag\u0113na veido\u0161anos un palielina \u0101das elast\u012bbu<\/p>\n<\/li>\n<li data-start=\"4319\" data-end=\"4410\">\n<p data-start=\"4321\" data-end=\"4410\"><strong data-start=\"4321\" data-end=\"4343\">Biopolymer Matrix:<\/strong> nodro\u0161ina t\u016bl\u012bt\u0113ju savelko\u0161u efektu un samazina grumbu redzam\u012bbu<\/p>\n<\/li>\n<li data-start=\"4411\" data-end=\"4498\">\n<p data-start=\"4413\" data-end=\"4498\"><strong data-start=\"4413\" data-end=\"4445\">Kangaroo Paw Flower Extract:<\/strong> uzlabo \u0101das bl\u012bvumu un samazina nokarenuma paz\u012bmes<\/p>\n<\/li>\n<\/ul>\n<p data-start=\"4500\" data-end=\"4652\">Kam \u0161is serums piem\u0113rots: \u0101dai ar izteikt\u0101m noveco\u0161an\u0101s paz\u012bm\u0113m, elast\u012bbas zudumu, apjoma samazin\u0101\u0161anos un grumb\u0101m, intens\u012bvai pretnoveco\u0161an\u0101s kop\u0161anai.<\/p>\n<p data-start=\"4654\" data-end=\"4672\"><strong data-start=\"4654\" data-end=\"4666\">Tilpums:<\/strong> 29 ml<\/p>\n","protected":false},"excerpt":{"rendered":"<p data-start=\"4911\" data-end=\"4955\">Pretnoveco\u0161an\u0101s serums ar aug\u0161anas faktoriem<\/p>\n<h2 data-start=\"4957\" data-end=\"5000\"><strong data-start=\"4957\" data-end=\"5000\">\u012apa\u0161\u012bbas PCA SKIN &#8211; Pro-Max Age Renewal<\/strong><\/h2>\n<p data-start=\"5002\" data-end=\"5177\">\u2714\ufe0f Izl\u012bdzina pat izteiktas grumbas<br data-start=\"5036\" data-end=\"5039\" \/>\u2714\ufe0f Atjauno \u0101das bl\u012bvumu un apjomu<br data-start=\"5072\" data-end=\"5075\" \/>\u2714\ufe0f Vizu\u0101li pace\u013c sejas kont\u016bras<br data-start=\"5106\" data-end=\"5109\" \/>\u2714\ufe0f Palielina \u0101das elast\u012bbu<br data-start=\"5135\" data-end=\"5138\" \/>\u2714\ufe0f Pie\u0161\u0137ir atjaunotu jaunekl\u012bgu izskatu<\/p>\n","protected":false},"featured_media":64189,"template":"","meta":[],"pwb-brand":[1249],"product_brand":[],"product_cat":[745,749,739,723,747],"product_tag":[],"giftcard-category":[],"class_list":{"0":"post-78977","1":"product","2":"type-product","3":"status-publish","4":"has-post-thumbnail","6":"pwb-brand-pca-skin-lv","7":"product_cat-jutigai-adai","8":"product_cat-novecojosa-ada","9":"product_cat-sausai-adai","10":"product_cat-serumi","11":"product_cat-taukainai-adai","13":"first","14":"instock","15":"taxable","16":"shipping-taxable","17":"purchasable","18":"product-type-simple"},"acf":[],"brands":[{"id":1249,"name":"PCA Skin","slug":"pca-skin-lv"}],"_links":{"self":[{"href":"https:\/\/skinstudio.ee\/lv\/wp-json\/wp\/v2\/product\/78977","targetHints":{"allow":["GET"]}}],"collection":[{"href":"https:\/\/skinstudio.ee\/lv\/wp-json\/wp\/v2\/product"}],"about":[{"href":"https:\/\/skinstudio.ee\/lv\/wp-json\/wp\/v2\/types\/product"}],"version-history":[{"count":1,"href":"https:\/\/skinstudio.ee\/lv\/wp-json\/wp\/v2\/product\/78977\/revisions"}],"predecessor-version":[{"id":78979,"href":"https:\/\/skinstudio.ee\/lv\/wp-json\/wp\/v2\/product\/78977\/revisions\/78979"}],"wp:featuredmedia":[{"embeddable":true,"href":"https:\/\/skinstudio.ee\/lv\/wp-json\/wp\/v2\/media\/64189"}],"wp:attachment":[{"href":"https:\/\/skinstudio.ee\/lv\/wp-json\/wp\/v2\/media?parent=78977"}],"wp:term":[{"taxonomy":"pwb-brand","embeddable":true,"href":"https:\/\/skinstudio.ee\/lv\/wp-json\/wp\/v2\/pwb-brand?post=78977"},{"taxonomy":"product_brand","embeddable":true,"href":"https:\/\/skinstudio.ee\/lv\/wp-json\/wp\/v2\/product_brand?post=78977"},{"taxonomy":"product_cat","embeddable":true,"href":"https:\/\/skinstudio.ee\/lv\/wp-json\/wp\/v2\/product_cat?post=78977"},{"taxonomy":"product_tag","embeddable":true,"href":"https:\/\/skinstudio.ee\/lv\/wp-json\/wp\/v2\/product_tag?post=78977"},{"taxonomy":"giftcard-category","embeddable":true,"href":"https:\/\/skinstudio.ee\/lv\/wp-json\/wp\/v2\/giftcard-category?post=78977"}],"curies":[{"name":"wp","href":"https:\/\/api.w.org\/{rel}","templated":true}]}}