{"id":78986,"date":"2024-01-02T14:02:34","date_gmt":"2024-01-02T14:02:34","guid":{"rendered":"https:\/\/skinstudio.ee\/?post_type=product&#038;p=78986"},"modified":"2026-03-16T14:33:21","modified_gmt":"2026-03-16T14:33:21","slug":"resurfacing-serum","status":"publish","type":"product","link":"https:\/\/skinstudio.ee\/lv\/catalog\/pca-skin-lv\/resurfacing-serum\/","title":{"rendered":"Resurfacing Serum"},"content":{"rendered":"<p data-start=\"3225\" data-end=\"3508\"><strong data-start=\"3225\" data-end=\"3258\">Resurfacing Serum no PCA SKIN<\/strong> ir atjaunojo\u0161s antioksidantu serums, kas paredz\u0113ts oksidat\u012bv\u0101 stresa ietekmes mazin\u0101\u0161anai un jaunekl\u012bga \u0101das izskata uztur\u0113\u0161anai. Formula pal\u012bdz aizsarg\u0101t kolag\u0113na un elast\u012bna \u0161\u0137iedras, uzlabo \u0101das tekst\u016bru un pie\u0161\u0137ir glud\u0101ku un starojo\u0161\u0101ku izskatu.<\/p>\n<p data-start=\"3510\" data-end=\"3731\">Serums veicina \u0101das atjauno\u0161anos, stiprina aizsardz\u012bbu pret \u0101r\u0113jiem faktoriem un pal\u012bdz izl\u012bdzin\u0101t \u0101das toni. Piem\u0113rots profilaktiskai pretnoveco\u0161an\u0101s kop\u0161anai visiem \u0101das tipiem un vecumiem, gan sieviet\u0113m, gan v\u012brie\u0161iem.<\/p>\n<p data-start=\"3733\" data-end=\"3836\">Resurfacing Serum stiprina \u0101das dabisk\u0101s aizsargfunkcijas un pal\u012bdz ieg\u016bt svaigu un vienm\u0113r\u012bgu izskatu.<\/p>\n<p data-start=\"3838\" data-end=\"3870\"><strong data-start=\"3838\" data-end=\"3870\">Akt\u012bvo sast\u0101vda\u013cu iedarb\u012bba:<\/strong><\/p>\n<ul data-start=\"3872\" data-end=\"4145\">\n<li data-start=\"3872\" data-end=\"3984\">\n<p data-start=\"3874\" data-end=\"3984\"><strong data-start=\"3874\" data-end=\"3892\">Grape Extract:<\/strong> sp\u0113c\u012bgs antioksidants, kas samazina br\u012bvo radik\u0101\u013cu ietekmi un aizsarg\u0101 kolag\u0113na strukt\u016bru<\/p>\n<\/li>\n<li data-start=\"3985\" data-end=\"4061\">\n<p data-start=\"3987\" data-end=\"4061\"><strong data-start=\"3987\" data-end=\"4003\">Niacinamide:<\/strong> izl\u012bdzina \u0101das toni un samazina pigment\u0101cijas redzam\u012bbu<\/p>\n<\/li>\n<li data-start=\"4062\" data-end=\"4145\">\n<p data-start=\"4064\" data-end=\"4145\"><strong data-start=\"4064\" data-end=\"4091\">Natural Growth Factors:<\/strong> stimul\u0113 kolag\u0113na sint\u0113zi un palielina \u0101das elast\u012bbu<\/p>\n<\/li>\n<\/ul>\n<p data-start=\"4147\" data-end=\"4292\">Kam \u0161is serums piem\u0113rots: profilaktiskai pretnoveco\u0161an\u0101s kop\u0161anai, bl\u0101vai \u0101dai ar nevienm\u0113r\u012bgu toni, fotonoveco\u0161an\u0101s un elast\u012bbas zuduma paz\u012bm\u0113m.<\/p>\n<p data-start=\"4294\" data-end=\"4312\"><strong data-start=\"4294\" data-end=\"4306\">Tilpums:<\/strong> 7,4 ml \/ 30 ml<\/p>\n","protected":false},"excerpt":{"rendered":"<p data-start=\"4521\" data-end=\"4539\">Atjaunojo\u0161s serums<\/p>\n<h2 data-start=\"4541\" data-end=\"4582\"><strong data-start=\"4541\" data-end=\"4582\">\u012apa\u0161\u012bbas PCA SKIN &#8211; Resurfacing Serum<\/strong><\/h2>\n<p data-start=\"4584\" data-end=\"4780\">\u2714\ufe0f Veicina \u0101das atjauno\u0161anos bez agres\u012bvas iedarb\u012bbas<br data-start=\"4637\" data-end=\"4640\" \/>\u2714\ufe0f Izl\u012bdzina \u0101das virsmu<br data-start=\"4664\" data-end=\"4667\" \/>\u2714\ufe0f Izl\u012bdzina toni un pie\u0161\u0137ir mirdzumu<br data-start=\"4704\" data-end=\"4707\" \/>\u2714\ufe0f Samazina noguru\u0161as \u0101das izskatu<br data-start=\"4741\" data-end=\"4744\" \/>\u2714\ufe0f Veicina jaunekl\u012bg\u0101ku \u0101das izskatu<\/p>\n","protected":false},"featured_media":64194,"template":"","meta":[],"pwb-brand":[1249],"product_brand":[],"product_cat":[745,749,739,723,747,753],"product_tag":[],"giftcard-category":[],"class_list":{"0":"post-78986","1":"product","2":"type-product","3":"status-publish","4":"has-post-thumbnail","6":"pwb-brand-pca-skin-lv","7":"product_cat-jutigai-adai","8":"product_cat-novecojosa-ada","9":"product_cat-sausai-adai","10":"product_cat-serumi","11":"product_cat-taukainai-adai","12":"product_cat-travel-size-lv","13":"pa_suurus-30ml-lv","14":"pa_suurus-7-4ml-lv","16":"first","17":"instock","18":"taxable","19":"shipping-taxable","20":"purchasable","21":"product-type-variable"},"acf":[],"brands":[{"id":1249,"name":"PCA Skin","slug":"pca-skin-lv"}],"_links":{"self":[{"href":"https:\/\/skinstudio.ee\/lv\/wp-json\/wp\/v2\/product\/78986","targetHints":{"allow":["GET"]}}],"collection":[{"href":"https:\/\/skinstudio.ee\/lv\/wp-json\/wp\/v2\/product"}],"about":[{"href":"https:\/\/skinstudio.ee\/lv\/wp-json\/wp\/v2\/types\/product"}],"version-history":[{"count":2,"href":"https:\/\/skinstudio.ee\/lv\/wp-json\/wp\/v2\/product\/78986\/revisions"}],"predecessor-version":[{"id":86255,"href":"https:\/\/skinstudio.ee\/lv\/wp-json\/wp\/v2\/product\/78986\/revisions\/86255"}],"wp:featuredmedia":[{"embeddable":true,"href":"https:\/\/skinstudio.ee\/lv\/wp-json\/wp\/v2\/media\/64194"}],"wp:attachment":[{"href":"https:\/\/skinstudio.ee\/lv\/wp-json\/wp\/v2\/media?parent=78986"}],"wp:term":[{"taxonomy":"pwb-brand","embeddable":true,"href":"https:\/\/skinstudio.ee\/lv\/wp-json\/wp\/v2\/pwb-brand?post=78986"},{"taxonomy":"product_brand","embeddable":true,"href":"https:\/\/skinstudio.ee\/lv\/wp-json\/wp\/v2\/product_brand?post=78986"},{"taxonomy":"product_cat","embeddable":true,"href":"https:\/\/skinstudio.ee\/lv\/wp-json\/wp\/v2\/product_cat?post=78986"},{"taxonomy":"product_tag","embeddable":true,"href":"https:\/\/skinstudio.ee\/lv\/wp-json\/wp\/v2\/product_tag?post=78986"},{"taxonomy":"giftcard-category","embeddable":true,"href":"https:\/\/skinstudio.ee\/lv\/wp-json\/wp\/v2\/giftcard-category?post=78986"}],"curies":[{"name":"wp","href":"https:\/\/api.w.org\/{rel}","templated":true}]}}