{"id":78995,"date":"2024-01-02T13:49:51","date_gmt":"2024-01-02T13:49:51","guid":{"rendered":"https:\/\/skinstudio.ee\/?post_type=product&#038;p=78995"},"modified":"2026-02-13T15:27:55","modified_gmt":"2026-02-13T15:27:55","slug":"hydramatte","status":"publish","type":"product","link":"https:\/\/skinstudio.ee\/lv\/catalog\/pca-skin-lv\/hydramatte\/","title":{"rendered":"HydraMatte"},"content":{"rendered":"<p data-start=\"3336\" data-end=\"3597\"><strong data-start=\"3336\" data-end=\"3362\">HydraMatte no PCA SKIN<\/strong> ir viegls mat\u0113jo\u0161s g\u0113la mitrin\u0101t\u0101js ar maigu p\u016bdera efektu, kas \u0101tri ies\u016bcas \u0101d\u0101, uzlabo tekst\u016bru un atst\u0101j \u0101du svaigu un gludu. Formula apvieno efekt\u012bvu mitrin\u0101\u0161anu ar sebuma kontroli, pal\u012bdzot uztur\u0113t \u0101du l\u012bdzsvarotu un komfortablu.<\/p>\n<p data-start=\"3599\" data-end=\"3762\">G\u0113ls nodro\u0161ina t\u016bl\u012bt\u0113ju komfortu, samazina lieko sp\u012bdumu un saglab\u0101 nepiecie\u0161amo mitruma l\u012bmeni. Viegl\u0101 tekst\u016bra piem\u0113rota ikdienas lieto\u0161anai bez smaguma saj\u016btas.<\/p>\n<p data-start=\"3764\" data-end=\"3846\">HydraMatte uzlabo kop\u0113jo \u0101das izskatu un pie\u0161\u0137ir svaigu mat\u0113tu fini\u0161u bez sausuma.<\/p>\n<p data-start=\"3848\" data-end=\"3880\"><strong data-start=\"3848\" data-end=\"3880\">Akt\u012bvo sast\u0101vda\u013cu iedarb\u012bba:<\/strong><\/p>\n<ul data-start=\"3882\" data-end=\"4135\">\n<li data-start=\"3882\" data-end=\"3958\">\n<p data-start=\"3884\" data-end=\"3958\"><strong data-start=\"3884\" data-end=\"3913\">Pink Pepper Leaf Extract:<\/strong> samazina lieko sebuma izdal\u012b\u0161anos un poras<\/p>\n<\/li>\n<li data-start=\"3959\" data-end=\"4054\">\n<p data-start=\"3961\" data-end=\"4054\"><strong data-start=\"3961\" data-end=\"3996\">Rosa Centifolia Flower Extract:<\/strong> nodro\u0161ina ilgsto\u0161u mitrin\u0101\u0161anu un atbalsta \u0101das barjeru<\/p>\n<\/li>\n<li data-start=\"4055\" data-end=\"4135\">\n<p data-start=\"4057\" data-end=\"4135\"><strong data-start=\"4057\" data-end=\"4085\">Hydrolyzed Rice Extract:<\/strong> pastiprina mitrin\u0101\u0161anu un uzlabo barjerfunkciju<\/p>\n<\/li>\n<\/ul>\n<p data-start=\"4137\" data-end=\"4283\">Kam \u0161is g\u0113ls piem\u0113rots: kombin\u0113tai un taukainai \u0101dai ar sp\u012bdumu, papla\u0161in\u0101t\u0101m por\u0101m un nevienm\u0113r\u012bgu tekst\u016bru, vieglai mat\u0113jo\u0161ai ikdienas kop\u0161anai.<\/p>\n<p data-start=\"4285\" data-end=\"4303\"><strong data-start=\"4285\" data-end=\"4297\">Tilpums:<\/strong> 50 ml<\/p>\n","protected":false},"excerpt":{"rendered":"<div class=\"o_not_editable\">\n<p data-start=\"4452\" data-end=\"4485\">Mat\u0113jo\u0161s g\u0113ls problem\u0101tiskai \u0101dai<\/p>\n<h2 data-start=\"4487\" data-end=\"4521\"><strong data-start=\"4487\" data-end=\"4521\">\u012apa\u0161\u012bbas PCA SKIN &#8211; HydraMatte<\/strong><\/h2>\n<p data-start=\"4523\" data-end=\"4734\">\u2714\ufe0f Kontrol\u0113 sebuma izdal\u012b\u0161anos bez sausuma<br data-start=\"4565\" data-end=\"4568\" \/>\u2714\ufe0f Samazina poras un izl\u012bdzina tekst\u016bru<br data-start=\"4607\" data-end=\"4610\" \/>\u2714\ufe0f Nov\u0113r\u0161 lieko sp\u012bdumu un saglab\u0101 komfortu<br data-start=\"4653\" data-end=\"4656\" \/>\u2714\ufe0f Intens\u012bvi mitrina ar vieglu g\u0113la tekst\u016bru<br data-start=\"4700\" data-end=\"4703\" \/>\u2714\ufe0f Nodro\u0161ina t\u012bru mat\u0113tu fini\u0161u<\/p>\n<p class=\"t_prod_desc\">\n<\/div>\n","protected":false},"featured_media":64199,"template":"","meta":[],"pwb-brand":[1249],"product_brand":[],"product_cat":[741,737,743,747],"product_tag":[],"giftcard-category":[],"class_list":{"0":"post-78995","1":"product","2":"type-product","3":"status-publish","4":"has-post-thumbnail","6":"pwb-brand-pca-skin-lv","7":"product_cat-izsitumi","8":"product_cat-mitrinasana","9":"product_cat-paplasinatas-poras","10":"product_cat-taukainai-adai","11":"pa_suurus-50ml-lv","12":"pa_suurus-7-4ml-lv","14":"first","15":"instock","16":"taxable","17":"shipping-taxable","18":"purchasable","19":"product-type-simple"},"acf":[],"brands":[{"id":1249,"name":"PCA Skin","slug":"pca-skin-lv"}],"_links":{"self":[{"href":"https:\/\/skinstudio.ee\/lv\/wp-json\/wp\/v2\/product\/78995","targetHints":{"allow":["GET"]}}],"collection":[{"href":"https:\/\/skinstudio.ee\/lv\/wp-json\/wp\/v2\/product"}],"about":[{"href":"https:\/\/skinstudio.ee\/lv\/wp-json\/wp\/v2\/types\/product"}],"version-history":[{"count":1,"href":"https:\/\/skinstudio.ee\/lv\/wp-json\/wp\/v2\/product\/78995\/revisions"}],"predecessor-version":[{"id":78998,"href":"https:\/\/skinstudio.ee\/lv\/wp-json\/wp\/v2\/product\/78995\/revisions\/78998"}],"wp:featuredmedia":[{"embeddable":true,"href":"https:\/\/skinstudio.ee\/lv\/wp-json\/wp\/v2\/media\/64199"}],"wp:attachment":[{"href":"https:\/\/skinstudio.ee\/lv\/wp-json\/wp\/v2\/media?parent=78995"}],"wp:term":[{"taxonomy":"pwb-brand","embeddable":true,"href":"https:\/\/skinstudio.ee\/lv\/wp-json\/wp\/v2\/pwb-brand?post=78995"},{"taxonomy":"product_brand","embeddable":true,"href":"https:\/\/skinstudio.ee\/lv\/wp-json\/wp\/v2\/product_brand?post=78995"},{"taxonomy":"product_cat","embeddable":true,"href":"https:\/\/skinstudio.ee\/lv\/wp-json\/wp\/v2\/product_cat?post=78995"},{"taxonomy":"product_tag","embeddable":true,"href":"https:\/\/skinstudio.ee\/lv\/wp-json\/wp\/v2\/product_tag?post=78995"},{"taxonomy":"giftcard-category","embeddable":true,"href":"https:\/\/skinstudio.ee\/lv\/wp-json\/wp\/v2\/giftcard-category?post=78995"}],"curies":[{"name":"wp","href":"https:\/\/api.w.org\/{rel}","templated":true}]}}