{"id":79149,"date":"2024-01-02T12:22:44","date_gmt":"2024-01-02T12:22:44","guid":{"rendered":"https:\/\/skinstudio.ee\/?post_type=product&#038;p=79149"},"modified":"2026-02-13T15:27:58","modified_gmt":"2026-02-13T15:27:58","slug":"pigment-gel-pro","status":"publish","type":"product","link":"https:\/\/skinstudio.ee\/lv\/catalog\/pca-skin-lv\/pigment-gel-pro\/","title":{"rendered":"Pigment Gel Pro"},"content":{"rendered":"<p data-start=\"3435\" data-end=\"3766\"><strong data-start=\"3435\" data-end=\"3466\">Pigment Gel Pro no PCA SKIN<\/strong> ir uzlabots korekcijas l\u012bdzeklis notur\u012bgas hiperpigment\u0101cijas mazin\u0101\u0161anai un jaunu pigment\u0101cijas plankumu veido\u0161an\u0101s nov\u0113r\u0161anai. Formula bez hidrohinona balst\u012bta uz patent\u0113to SynerPro kompleksu, kas iedarbojas uz vair\u0101kiem pigment\u0101cijas meh\u0101nismiem, pal\u012bdzot pan\u0101kt vienm\u0113r\u012bg\u0101ku un t\u012br\u0101ku \u0101das toni.<\/p>\n<p data-start=\"3768\" data-end=\"4007\">G\u0113ls samazina diskolor\u0101ciju un uzlabo kop\u0113jo \u0101das izskatu, veicinot gai\u0161\u0101ku un vienm\u0113r\u012bg\u0101ku toni. Akt\u012bvo sast\u0101vda\u013cu kombin\u0101cija darbojas da\u017e\u0101dos pigment\u0101cijas posmos, pal\u012bdzot kontrol\u0113t eso\u0161os plankumus un samazin\u0101t jaunu veido\u0161an\u0101s risku.<\/p>\n<p data-start=\"4009\" data-end=\"4111\">Pigment Gel Pro piem\u0113rots da\u017e\u0101diem \u0101das tipiem un to\u0146iem k\u0101 da\u013ca no intens\u012bvas pigment\u0101cijas kop\u0161anas.<\/p>\n<p data-start=\"4113\" data-end=\"4145\"><strong data-start=\"4113\" data-end=\"4145\">Akt\u012bvo sast\u0101vda\u013cu iedarb\u012bba:<\/strong><\/p>\n<ul data-start=\"4147\" data-end=\"4430\">\n<li data-start=\"4147\" data-end=\"4264\">\n<p data-start=\"4149\" data-end=\"4264\"><strong data-start=\"4149\" data-end=\"4170\">SynerPro Complex:<\/strong> iedarbojas uz galvenajiem pigment\u0101cijas meh\u0101nismiem un samazina notur\u012bgu plankumu redzam\u012bbu<\/p>\n<\/li>\n<li data-start=\"4265\" data-end=\"4337\">\n<p data-start=\"4267\" data-end=\"4337\"><strong data-start=\"4267\" data-end=\"4287\">Tranexamic Acid:<\/strong> mazina hiperpigment\u0101ciju un izl\u012bdzina \u0101das toni<\/p>\n<\/li>\n<li data-start=\"4338\" data-end=\"4430\">\n<p data-start=\"4340\" data-end=\"4430\"><strong data-start=\"4340\" data-end=\"4360\">Hexylresorcinol:<\/strong> kav\u0113 nev\u0113lama pigmenta veido\u0161anos un pastiprina izgaismojo\u0161o efektu<\/p>\n<\/li>\n<\/ul>\n<p data-start=\"4432\" data-end=\"4571\">Kam piem\u0113rots Pigment Gel Pro: \u0101dai ar hiperpigment\u0101ciju, p\u0113ciekaisuma plankumiem, nevienm\u0113r\u012bgu toni un noslieci uz pigment\u0101cijas izmai\u0146\u0101m.<\/p>\n<p data-start=\"4573\" data-end=\"4591\"><strong data-start=\"4573\" data-end=\"4585\">Tilpums:<\/strong> 29 ml<\/p>\n","protected":false},"excerpt":{"rendered":"<p data-start=\"4746\" data-end=\"4775\">Pigment\u0101cijas korekcijas g\u0113ls<\/p>\n<h2 data-start=\"4777\" data-end=\"4816\"><strong data-start=\"4777\" data-end=\"4816\">\u012apa\u0161\u012bbas PCA SKIN &#8211; Pigment Gel Pro<\/strong><\/h2>\n<p data-start=\"4818\" data-end=\"5015\">\u2714\ufe0f Izgaismo notur\u012bgus pigment\u0101cijas plankumus<br data-start=\"4863\" data-end=\"4866\" \/>\u2714\ufe0f Izl\u012bdzina \u0101das toni<br data-start=\"4888\" data-end=\"4891\" \/>\u2714\ufe0f Nov\u0113r\u0161 jaunu plankumu veido\u0161anos<br data-start=\"4926\" data-end=\"4929\" \/>\u2714\ufe0f Uzlabo \u0101das skaidr\u012bbu un mirdzumu<br data-start=\"4965\" data-end=\"4968\" \/>\u2714\ufe0f Pastiprina profesion\u0101lo proced\u016bru rezult\u0101tus<\/p>\n","protected":false},"featured_media":64355,"template":"","meta":[],"pwb-brand":[1249],"product_brand":[],"product_cat":[751,723],"product_tag":[],"giftcard-category":[],"class_list":{"0":"post-79149","1":"product","2":"type-product","3":"status-publish","4":"has-post-thumbnail","6":"pwb-brand-pca-skin-lv","7":"product_cat-pigmentacija-lv","8":"product_cat-serumi","10":"first","11":"instock","12":"taxable","13":"shipping-taxable","14":"purchasable","15":"product-type-simple"},"acf":[],"brands":[{"id":1249,"name":"PCA Skin","slug":"pca-skin-lv"}],"_links":{"self":[{"href":"https:\/\/skinstudio.ee\/lv\/wp-json\/wp\/v2\/product\/79149","targetHints":{"allow":["GET"]}}],"collection":[{"href":"https:\/\/skinstudio.ee\/lv\/wp-json\/wp\/v2\/product"}],"about":[{"href":"https:\/\/skinstudio.ee\/lv\/wp-json\/wp\/v2\/types\/product"}],"version-history":[{"count":1,"href":"https:\/\/skinstudio.ee\/lv\/wp-json\/wp\/v2\/product\/79149\/revisions"}],"predecessor-version":[{"id":79151,"href":"https:\/\/skinstudio.ee\/lv\/wp-json\/wp\/v2\/product\/79149\/revisions\/79151"}],"wp:featuredmedia":[{"embeddable":true,"href":"https:\/\/skinstudio.ee\/lv\/wp-json\/wp\/v2\/media\/64355"}],"wp:attachment":[{"href":"https:\/\/skinstudio.ee\/lv\/wp-json\/wp\/v2\/media?parent=79149"}],"wp:term":[{"taxonomy":"pwb-brand","embeddable":true,"href":"https:\/\/skinstudio.ee\/lv\/wp-json\/wp\/v2\/pwb-brand?post=79149"},{"taxonomy":"product_brand","embeddable":true,"href":"https:\/\/skinstudio.ee\/lv\/wp-json\/wp\/v2\/product_brand?post=79149"},{"taxonomy":"product_cat","embeddable":true,"href":"https:\/\/skinstudio.ee\/lv\/wp-json\/wp\/v2\/product_cat?post=79149"},{"taxonomy":"product_tag","embeddable":true,"href":"https:\/\/skinstudio.ee\/lv\/wp-json\/wp\/v2\/product_tag?post=79149"},{"taxonomy":"giftcard-category","embeddable":true,"href":"https:\/\/skinstudio.ee\/lv\/wp-json\/wp\/v2\/giftcard-category?post=79149"}],"curies":[{"name":"wp","href":"https:\/\/api.w.org\/{rel}","templated":true}]}}