{"id":79158,"date":"2023-07-29T10:19:32","date_gmt":"2023-07-29T10:19:32","guid":{"rendered":"https:\/\/skinstudio.ee\/?post_type=product&#038;p=79158"},"modified":"2026-02-13T15:27:54","modified_gmt":"2026-02-13T15:27:54","slug":"hyaluronic-acid-overnight-mask","status":"publish","type":"product","link":"https:\/\/skinstudio.ee\/lv\/catalog\/pca-skin-lv\/hyaluronic-acid-overnight-mask\/","title":{"rendered":"Hyaluronic Acid Overnight Mask"},"content":{"rendered":"<p data-start=\"3338\" data-end=\"3644\"><strong data-start=\"3338\" data-end=\"3384\">Hyaluronic Acid Overnight Mask no PCA SKIN<\/strong> ir intens\u012bva nakts mitrino\u0161\u0101 maska, kas paredz\u0113ta mitruma l\u012bme\u0146a atjauno\u0161anai un \u0101das izskata uzlabo\u0161anai miega laik\u0101. Formula ar hialuronsk\u0101bi un kori\u0123\u0113jo\u0161\u0101m sast\u0101vda\u013c\u0101m atbalsta dabisko \u0101das re\u0123ener\u0101ciju un pal\u012bdz \u0101dai k\u013c\u016bt glud\u0101kai un svaig\u0101kai l\u012bdz r\u012btam.<\/p>\n<p data-start=\"3646\" data-end=\"3829\">Produkts nodro\u0161ina dzi\u013cu baro\u0161anu un komfortu, uzlabo \u0101das maigumu un tekst\u016bru. Mitrino\u0161o un nomierino\u0161o sast\u0101vda\u013cu kombin\u0101cija samazina noguruma paz\u012bmes un atjauno vesel\u012bgu mirdzumu.<\/p>\n<p data-start=\"3831\" data-end=\"3915\">Formula piem\u0113rota regul\u0101rai nakts kop\u0161anai, veicinot \u0101das atjauno\u0161anos un l\u012bdzsvaru.<\/p>\n<p data-start=\"3917\" data-end=\"3949\"><strong data-start=\"3917\" data-end=\"3949\">Akt\u012bvo sast\u0101vda\u013cu iedarb\u012bba:<\/strong><\/p>\n<ul data-start=\"3951\" data-end=\"4191\">\n<li data-start=\"3951\" data-end=\"4030\">\n<p data-start=\"3953\" data-end=\"4030\"><strong data-start=\"3953\" data-end=\"3973\">Hyaluronic Acid:<\/strong> nodro\u0161ina dzi\u013cu mitrin\u0101\u0161anu un pal\u012bdz saglab\u0101t mitrumu<\/p>\n<\/li>\n<li data-start=\"4031\" data-end=\"4100\">\n<p data-start=\"4033\" data-end=\"4100\"><strong data-start=\"4033\" data-end=\"4049\">Niacinamide:<\/strong> izl\u012bdzina \u0101das toni un stiprina aizsargfunkcijas<\/p>\n<\/li>\n<li data-start=\"4101\" data-end=\"4191\">\n<p data-start=\"4103\" data-end=\"4191\"><strong data-start=\"4103\" data-end=\"4140\">Albizia Julibrissin Bark Extract:<\/strong> samazina noguruma paz\u012bmes un uzlabo \u0101das izskatu<\/p>\n<\/li>\n<\/ul>\n<p data-start=\"4193\" data-end=\"4317\">Kam piem\u0113rota Hyaluronic Acid Overnight Mask: dehidr\u0113tai \u0101dai, bl\u0101vai \u0101dai, noguru\u0161ai \u0101dai un intens\u012bvai nakts atjauno\u0161anai.<\/p>\n<p data-start=\"4319\" data-end=\"4336\"><strong data-start=\"4319\" data-end=\"4331\">Tilpums:<\/strong> 51 g<\/p>\n","protected":false},"excerpt":{"rendered":"<p data-start=\"4548\" data-end=\"4565\">Nakts sejas maska<\/p>\n<h2 data-start=\"4567\" data-end=\"4621\"><strong data-start=\"4567\" data-end=\"4621\">\u012apa\u0161\u012bbas PCA SKIN &#8211; Hyaluronic Acid Overnight Mask<\/strong><\/h2>\n<p data-start=\"4623\" data-end=\"4789\">\u2714\ufe0f Intens\u012bvi mitrina nakts laik\u0101<br data-start=\"4655\" data-end=\"4658\" \/>\u2714\ufe0f Palielina mirdzumu un svaigumu<br data-start=\"4691\" data-end=\"4694\" \/>\u2714\ufe0f Izl\u012bdzina tekst\u016bru l\u012bdz r\u012btam<br data-start=\"4726\" data-end=\"4729\" \/>\u2714\ufe0f Mazina sausuma saj\u016btu<br data-start=\"4753\" data-end=\"4756\" \/>\u2714\ufe0f Padara \u0101du m\u012bkstu un atjaunotu<\/p>\n","protected":false},"featured_media":64210,"template":"","meta":[],"pwb-brand":[1249],"product_brand":[],"product_cat":[725,737,739],"product_tag":[],"giftcard-category":[],"class_list":{"0":"post-79158","1":"product","2":"type-product","3":"status-publish","4":"has-post-thumbnail","6":"pwb-brand-pca-skin-lv","7":"product_cat-maskas","8":"product_cat-mitrinasana","9":"product_cat-sausai-adai","11":"first","12":"instock","13":"taxable","14":"shipping-taxable","15":"purchasable","16":"product-type-simple"},"acf":[],"brands":[{"id":1249,"name":"PCA Skin","slug":"pca-skin-lv"}],"_links":{"self":[{"href":"https:\/\/skinstudio.ee\/lv\/wp-json\/wp\/v2\/product\/79158","targetHints":{"allow":["GET"]}}],"collection":[{"href":"https:\/\/skinstudio.ee\/lv\/wp-json\/wp\/v2\/product"}],"about":[{"href":"https:\/\/skinstudio.ee\/lv\/wp-json\/wp\/v2\/types\/product"}],"version-history":[{"count":1,"href":"https:\/\/skinstudio.ee\/lv\/wp-json\/wp\/v2\/product\/79158\/revisions"}],"predecessor-version":[{"id":79160,"href":"https:\/\/skinstudio.ee\/lv\/wp-json\/wp\/v2\/product\/79158\/revisions\/79160"}],"wp:featuredmedia":[{"embeddable":true,"href":"https:\/\/skinstudio.ee\/lv\/wp-json\/wp\/v2\/media\/64210"}],"wp:attachment":[{"href":"https:\/\/skinstudio.ee\/lv\/wp-json\/wp\/v2\/media?parent=79158"}],"wp:term":[{"taxonomy":"pwb-brand","embeddable":true,"href":"https:\/\/skinstudio.ee\/lv\/wp-json\/wp\/v2\/pwb-brand?post=79158"},{"taxonomy":"product_brand","embeddable":true,"href":"https:\/\/skinstudio.ee\/lv\/wp-json\/wp\/v2\/product_brand?post=79158"},{"taxonomy":"product_cat","embeddable":true,"href":"https:\/\/skinstudio.ee\/lv\/wp-json\/wp\/v2\/product_cat?post=79158"},{"taxonomy":"product_tag","embeddable":true,"href":"https:\/\/skinstudio.ee\/lv\/wp-json\/wp\/v2\/product_tag?post=79158"},{"taxonomy":"giftcard-category","embeddable":true,"href":"https:\/\/skinstudio.ee\/lv\/wp-json\/wp\/v2\/giftcard-category?post=79158"}],"curies":[{"name":"wp","href":"https:\/\/api.w.org\/{rel}","templated":true}]}}