{"id":79178,"date":"2023-07-24T11:29:57","date_gmt":"2023-07-24T11:29:57","guid":{"rendered":"https:\/\/skinstudio.ee\/?post_type=product&#038;p=79178"},"modified":"2026-02-13T15:27:48","modified_gmt":"2026-02-13T15:27:48","slug":"body-therapy","status":"publish","type":"product","link":"https:\/\/skinstudio.ee\/lv\/catalog\/pca-skin-lv\/body-therapy\/","title":{"rendered":"Body Therapy"},"content":{"rendered":"<p data-start=\"3110\" data-end=\"3398\"><strong data-start=\"3110\" data-end=\"3138\">Body Therapy no PCA SKIN<\/strong> ir intens\u012bvs \u0137erme\u0146a mitrin\u0101t\u0101js ar piensk\u0101bi un ilgsto\u0161as darb\u012bbas mitrin\u0101t\u0101jiem, kas paredz\u0113ts sausas un raupjas \u0101das izl\u012bdzin\u0101\u0161anai. Formula pak\u0101peniski atbr\u012bvo akt\u012bv\u0101s vielas l\u012bdz pat 10 stund\u0101m, nodro\u0161inot ilgsto\u0161u mitrin\u0101\u0161anu un uzlabojot \u0101das tekst\u016bru.<\/p>\n<p data-start=\"3400\" data-end=\"3604\">Produkts veicina maigu \u0101das atjauno\u0161anos, uzlabo gludumu un mazina sausuma saj\u016btu. Mitrino\u0161o un keratol\u012btisko sast\u0101vda\u013cu kombin\u0101cija pal\u012bdz uzlabot \u0101das kvalit\u0101ti un saglab\u0101t komfortu bez smaguma saj\u016btas.<\/p>\n<p data-start=\"3606\" data-end=\"3701\">Formula piem\u0113rota ikdienas \u0137erme\u0146a kop\u0161anai, atjaunojot \u0101das gludumu un uzlabojot t\u0101s st\u0101vokli.<\/p>\n<p data-start=\"3703\" data-end=\"3735\"><strong data-start=\"3703\" data-end=\"3735\">Akt\u012bvo sast\u0101vda\u013cu iedarb\u012bba:<\/strong><\/p>\n<ul data-start=\"3737\" data-end=\"3929\">\n<li data-start=\"3737\" data-end=\"3794\">\n<p data-start=\"3739\" data-end=\"3794\"><strong data-start=\"3739\" data-end=\"3755\">Lactic Acid:<\/strong> maigi eksfoli\u0113 un izl\u012bdzina tekst\u016bru<\/p>\n<\/li>\n<li data-start=\"3795\" data-end=\"3872\">\n<p data-start=\"3797\" data-end=\"3872\"><strong data-start=\"3797\" data-end=\"3818\">Ammonium Lactate:<\/strong> pastiprina mitrin\u0101\u0161anu un veicina \u0101das atjauno\u0161anos<\/p>\n<\/li>\n<li data-start=\"3873\" data-end=\"3929\">\n<p data-start=\"3875\" data-end=\"3929\"><strong data-start=\"3875\" data-end=\"3891\">Shea Butter:<\/strong> baro \u0101du un stiprina aizsargbarjeru<\/p>\n<\/li>\n<\/ul>\n<p data-start=\"3931\" data-end=\"4074\">Kam piem\u0113rots Body Therapy: sausai, raupjai un dehidr\u0113tai \u0137erme\u0146a \u0101dai, nevienm\u0113r\u012bgai tekst\u016brai un savilkuma saj\u016btai intens\u012bvai izl\u012bdzin\u0101\u0161anai.<\/p>\n<p data-start=\"4076\" data-end=\"4094\"><strong data-start=\"4076\" data-end=\"4088\">Tilpums:<\/strong> 198 g<\/p>\n","protected":false},"excerpt":{"rendered":"<p data-start=\"4281\" data-end=\"4304\">Mitrino\u0161s \u0137erme\u0146a kr\u0113ms<\/p>\n<h2 data-start=\"4306\" data-end=\"4342\"><strong data-start=\"4306\" data-end=\"4342\">\u012apa\u0161\u012bbas PCA SKIN &#8211; Body Therapy<\/strong><\/h2>\n<p data-start=\"4344\" data-end=\"4551\">\u2714\ufe0f Aktiviz\u0113 \u0101das atjauno\u0161anos ar piensk\u0101bi<br data-start=\"4386\" data-end=\"4389\" \/>\u2714\ufe0f Samazina raupjas un sabiez\u0113ju\u0161as zonas<br data-start=\"4430\" data-end=\"4433\" \/>\u2714\ufe0f Nodro\u0161ina dzi\u013cu mitrin\u0101\u0161anu l\u012bdz 10 stund\u0101m<br data-start=\"4479\" data-end=\"4482\" \/>\u2714\ufe0f Padara \u0101du j\u016btami glud\u0101ku<br data-start=\"4510\" data-end=\"4513\" \/>\u2714\ufe0f Uzlabo kop\u0113jo \u0101das toni un tekst\u016bru<\/p>\n","protected":false},"featured_media":64220,"template":"","meta":[],"pwb-brand":[1249],"product_brand":[],"product_cat":[757],"product_tag":[],"giftcard-category":[],"class_list":{"0":"post-79178","1":"product","2":"type-product","3":"status-publish","4":"has-post-thumbnail","6":"pwb-brand-pca-skin-lv","7":"product_cat-kermena-kopsana","9":"first","10":"instock","11":"taxable","12":"shipping-taxable","13":"purchasable","14":"product-type-simple"},"acf":[],"brands":[{"id":1249,"name":"PCA Skin","slug":"pca-skin-lv"}],"_links":{"self":[{"href":"https:\/\/skinstudio.ee\/lv\/wp-json\/wp\/v2\/product\/79178","targetHints":{"allow":["GET"]}}],"collection":[{"href":"https:\/\/skinstudio.ee\/lv\/wp-json\/wp\/v2\/product"}],"about":[{"href":"https:\/\/skinstudio.ee\/lv\/wp-json\/wp\/v2\/types\/product"}],"version-history":[{"count":1,"href":"https:\/\/skinstudio.ee\/lv\/wp-json\/wp\/v2\/product\/79178\/revisions"}],"predecessor-version":[{"id":79180,"href":"https:\/\/skinstudio.ee\/lv\/wp-json\/wp\/v2\/product\/79178\/revisions\/79180"}],"wp:featuredmedia":[{"embeddable":true,"href":"https:\/\/skinstudio.ee\/lv\/wp-json\/wp\/v2\/media\/64220"}],"wp:attachment":[{"href":"https:\/\/skinstudio.ee\/lv\/wp-json\/wp\/v2\/media?parent=79178"}],"wp:term":[{"taxonomy":"pwb-brand","embeddable":true,"href":"https:\/\/skinstudio.ee\/lv\/wp-json\/wp\/v2\/pwb-brand?post=79178"},{"taxonomy":"product_brand","embeddable":true,"href":"https:\/\/skinstudio.ee\/lv\/wp-json\/wp\/v2\/product_brand?post=79178"},{"taxonomy":"product_cat","embeddable":true,"href":"https:\/\/skinstudio.ee\/lv\/wp-json\/wp\/v2\/product_cat?post=79178"},{"taxonomy":"product_tag","embeddable":true,"href":"https:\/\/skinstudio.ee\/lv\/wp-json\/wp\/v2\/product_tag?post=79178"},{"taxonomy":"giftcard-category","embeddable":true,"href":"https:\/\/skinstudio.ee\/lv\/wp-json\/wp\/v2\/giftcard-category?post=79178"}],"curies":[{"name":"wp","href":"https:\/\/api.w.org\/{rel}","templated":true}]}}