{"id":79188,"date":"2023-07-24T11:13:14","date_gmt":"2023-07-24T11:13:14","guid":{"rendered":"https:\/\/skinstudio.ee\/?post_type=product&#038;p=79188"},"modified":"2026-02-13T15:27:55","modified_gmt":"2026-02-13T15:27:55","slug":"hydrating-mask","status":"publish","type":"product","link":"https:\/\/skinstudio.ee\/lv\/catalog\/pca-skin-lv\/hydrating-mask\/","title":{"rendered":"Hydrating Mask"},"content":{"rendered":"<p data-start=\"3173\" data-end=\"3435\"><strong data-start=\"3173\" data-end=\"3203\">Hydrating Mask no PCA SKIN<\/strong> ir barojo\u0161a mitrino\u0161a maska, kas paredz\u0113ta \u0101das hidrolip\u012bd\u0101s barjeras stiprin\u0101\u0161anai un kairin\u0101juma paz\u012bmju mazin\u0101\u0161anai. Formula apvieno nomierino\u0161as un kopjo\u0161as sast\u0101vda\u013cas, kas atbalsta aizsargfunkcijas un atjauno komforta saj\u016btu.<\/p>\n<p data-start=\"3437\" data-end=\"3638\">Produkts nodro\u0161ina intens\u012bvu mitrin\u0101\u0161anu, uzlabo \u0101das maigumu un veicina atjauno\u0161anos p\u0113c \u0101r\u0113j\u0101 stresa. M\u012bkstino\u0161o un antioksidantu kombin\u0101cija pal\u012bdz samazin\u0101t sausumu un uzlabot kop\u0113jo \u0101das st\u0101vokli.<\/p>\n<p data-start=\"3640\" data-end=\"3730\">Formula piem\u0113rota regul\u0101rai lieto\u0161anai \u0101das l\u012bdzsvara atjauno\u0161anai un dzi\u013cai mitrin\u0101\u0161anai.<\/p>\n<p data-start=\"3732\" data-end=\"3764\"><strong data-start=\"3732\" data-end=\"3764\">Akt\u012bvo sast\u0101vda\u013cu iedarb\u012bba:<\/strong><\/p>\n<ul data-start=\"3766\" data-end=\"3996\">\n<li data-start=\"3766\" data-end=\"3854\">\n<p data-start=\"3768\" data-end=\"3854\"><strong data-start=\"3768\" data-end=\"3806\">Avena Sativa (Oat) Kernel Extract:<\/strong> nomierina \u0101du un atbalsta hidrolip\u012bdo barjeru<\/p>\n<\/li>\n<li data-start=\"3855\" data-end=\"3919\">\n<p data-start=\"3857\" data-end=\"3919\"><strong data-start=\"3857\" data-end=\"3871\">Panthenol:<\/strong> dzi\u013ci mitrina un pal\u012bdz atjaunot lip\u012bdu sl\u0101ni<\/p>\n<\/li>\n<li data-start=\"3920\" data-end=\"3996\">\n<p data-start=\"3922\" data-end=\"3996\"><strong data-start=\"3922\" data-end=\"3945\">Sodium Hyaluronate:<\/strong> pal\u012bdz saglab\u0101t mitrumu un palielina hidrat\u0101ciju<\/p>\n<\/li>\n<\/ul>\n<p data-start=\"3998\" data-end=\"4123\">Kam piem\u0113rota Hydrating Mask: sausai, dehidr\u0113tai un jut\u012bgai \u0101dai ar kairin\u0101juma un savilkuma paz\u012bm\u0113m intens\u012bvai mitrin\u0101\u0161anai.<\/p>\n<p data-start=\"4125\" data-end=\"4142\"><strong data-start=\"4125\" data-end=\"4137\">Tilpums:<\/strong> 60 g<\/p>\n","protected":false},"excerpt":{"rendered":"<p data-start=\"4395\" data-end=\"4416\">Mitrino\u0161a sejas maska<\/p>\n<h2 data-start=\"4418\" data-end=\"4456\"><strong data-start=\"4418\" data-end=\"4456\">\u012apa\u0161\u012bbas PCA SKIN &#8211; Hydrating Mask<\/strong><\/h2>\n<p data-start=\"4458\" data-end=\"4619\">\u2714\ufe0f Atjauno hidrolip\u012bdo barjeru<br data-start=\"4488\" data-end=\"4491\" \/>\u2714\ufe0f \u0100tri mazina sausumu un kairin\u0101jumu<br data-start=\"4528\" data-end=\"4531\" \/>\u2714\ufe0f Intens\u012bvi mitrina<br data-start=\"4551\" data-end=\"4554\" \/>\u2714\ufe0f M\u012bkstina un uzlabo komfortu<br data-start=\"4584\" data-end=\"4587\" \/>\u2714\ufe0f Padara \u0101du gludu un atjaunotu<\/p>\n","protected":false},"featured_media":64226,"template":"","meta":[],"pwb-brand":[1249],"product_brand":[],"product_cat":[725,737,739],"product_tag":[],"giftcard-category":[],"class_list":{"0":"post-79188","1":"product","2":"type-product","3":"status-publish","4":"has-post-thumbnail","6":"pwb-brand-pca-skin-lv","7":"product_cat-maskas","8":"product_cat-mitrinasana","9":"product_cat-sausai-adai","10":"pa_suurus-60g-lv","11":"pa_suurus-7g-lv","13":"first","14":"instock","15":"taxable","16":"shipping-taxable","17":"purchasable","18":"product-type-simple"},"acf":[],"brands":[{"id":1249,"name":"PCA Skin","slug":"pca-skin-lv"}],"_links":{"self":[{"href":"https:\/\/skinstudio.ee\/lv\/wp-json\/wp\/v2\/product\/79188","targetHints":{"allow":["GET"]}}],"collection":[{"href":"https:\/\/skinstudio.ee\/lv\/wp-json\/wp\/v2\/product"}],"about":[{"href":"https:\/\/skinstudio.ee\/lv\/wp-json\/wp\/v2\/types\/product"}],"version-history":[{"count":1,"href":"https:\/\/skinstudio.ee\/lv\/wp-json\/wp\/v2\/product\/79188\/revisions"}],"predecessor-version":[{"id":79190,"href":"https:\/\/skinstudio.ee\/lv\/wp-json\/wp\/v2\/product\/79188\/revisions\/79190"}],"wp:featuredmedia":[{"embeddable":true,"href":"https:\/\/skinstudio.ee\/lv\/wp-json\/wp\/v2\/media\/64226"}],"wp:attachment":[{"href":"https:\/\/skinstudio.ee\/lv\/wp-json\/wp\/v2\/media?parent=79188"}],"wp:term":[{"taxonomy":"pwb-brand","embeddable":true,"href":"https:\/\/skinstudio.ee\/lv\/wp-json\/wp\/v2\/pwb-brand?post=79188"},{"taxonomy":"product_brand","embeddable":true,"href":"https:\/\/skinstudio.ee\/lv\/wp-json\/wp\/v2\/product_brand?post=79188"},{"taxonomy":"product_cat","embeddable":true,"href":"https:\/\/skinstudio.ee\/lv\/wp-json\/wp\/v2\/product_cat?post=79188"},{"taxonomy":"product_tag","embeddable":true,"href":"https:\/\/skinstudio.ee\/lv\/wp-json\/wp\/v2\/product_tag?post=79188"},{"taxonomy":"giftcard-category","embeddable":true,"href":"https:\/\/skinstudio.ee\/lv\/wp-json\/wp\/v2\/giftcard-category?post=79188"}],"curies":[{"name":"wp","href":"https:\/\/api.w.org\/{rel}","templated":true}]}}