{"id":79197,"date":"2023-07-24T11:03:27","date_gmt":"2023-07-24T11:03:27","guid":{"rendered":"https:\/\/skinstudio.ee\/?post_type=product&#038;p=79197"},"modified":"2026-02-13T15:27:50","modified_gmt":"2026-02-13T15:27:50","slug":"detoxifying-mask","status":"publish","type":"product","link":"https:\/\/skinstudio.ee\/lv\/catalog\/pca-skin-lv\/detoxifying-mask\/","title":{"rendered":"Detoxifying Mask"},"content":{"rendered":"<p data-start=\"3102\" data-end=\"3382\"><strong data-start=\"3102\" data-end=\"3134\">Detoxifying Mask no PCA SKIN<\/strong> ir att\u012bro\u0161a maska ar jap\u0101\u0146u balto ogli, kas paredz\u0113ta liek\u0101 sebuma absorb\u0113\u0161anai, net\u012brumu no\u0146em\u0161anai un \u0101das hidrolip\u012bd\u0101 l\u012bdzsvara atjauno\u0161anai. Formula dzi\u013ci att\u012bra \u0101das virsmu un pal\u012bdz saglab\u0101t svaigu un t\u012bru izskatu regul\u0101ras lieto\u0161anas laik\u0101.<\/p>\n<p data-start=\"3384\" data-end=\"3589\">Produkts veicina poru att\u012br\u012b\u0161anu, samazina nosprostojumu un pal\u012bdz uztur\u0113t \u0101das l\u012bdzsvaru bez sausuma saj\u016btas. Absorb\u0113jo\u0161o un l\u012bdzsvarojo\u0161o sast\u0101vda\u013cu kombin\u0101cija nodro\u0161ina efekt\u012bvu att\u012br\u012b\u0161anu un komfortu.<\/p>\n<p data-start=\"3591\" data-end=\"3670\">Formula piem\u0113rota regul\u0101rai lieto\u0161anai, \u012bpa\u0161i taukainai un problem\u0101tiskai \u0101dai.<\/p>\n<p data-start=\"3672\" data-end=\"3704\"><strong data-start=\"3672\" data-end=\"3704\">Akt\u012bvo sast\u0101vda\u013cu iedarb\u012bba:<\/strong><\/p>\n<ul data-start=\"3706\" data-end=\"3907\">\n<li data-start=\"3706\" data-end=\"3790\">\n<p data-start=\"3708\" data-end=\"3790\"><strong data-start=\"3708\" data-end=\"3754\">Charcoal Powder (Japanese White Charcoal):<\/strong> absorb\u0113 lieko sebumu un net\u012brumus<\/p>\n<\/li>\n<li data-start=\"3791\" data-end=\"3853\">\n<p data-start=\"3793\" data-end=\"3853\"><strong data-start=\"3793\" data-end=\"3809\">Kaolin Clay:<\/strong> att\u012bra poras un regul\u0113 sebuma izdal\u012b\u0161anos<\/p>\n<\/li>\n<li data-start=\"3854\" data-end=\"3907\">\n<p data-start=\"3856\" data-end=\"3907\"><strong data-start=\"3856\" data-end=\"3869\">Glycerin:<\/strong> uztur mitrin\u0101\u0161anu un nov\u0113r\u0161 sausumu<\/p>\n<\/li>\n<\/ul>\n<p data-start=\"3909\" data-end=\"4036\">Kam piem\u0113rota Detoxifying Mask: taukainai, kombin\u0113tai un problem\u0101tiskai \u0101dai ar papla\u0161in\u0101t\u0101m por\u0101m un lieku sebuma izdal\u012b\u0161anos.<\/p>\n<p data-start=\"4038\" data-end=\"4055\"><strong data-start=\"4038\" data-end=\"4050\">Tilpums:<\/strong> 60 g<\/p>\n","protected":false},"excerpt":{"rendered":"<p data-start=\"4376\" data-end=\"4402\">Detoksik\u0101cijas sejas maska<\/p>\n<h2 data-start=\"4404\" data-end=\"4444\"><strong data-start=\"4404\" data-end=\"4444\">\u012apa\u0161\u012bbas PCA SKIN &#8211; Detoxifying Mask<\/strong><\/h2>\n<p data-start=\"4446\" data-end=\"4584\">\u2714\ufe0f Dzi\u013ci att\u012bra \u0101du<br data-start=\"4465\" data-end=\"4468\" \/>\u2714\ufe0f Kontrol\u0113 lieko sebumu<br data-start=\"4492\" data-end=\"4495\" \/>\u2714\ufe0f Att\u012bra un samazina poras<br data-start=\"4522\" data-end=\"4525\" \/>\u2714\ufe0f Mazina \u0101das nosprostojumu<br data-start=\"4553\" data-end=\"4556\" \/>\u2714\ufe0f Atst\u0101j \u0101du svaigu un t\u012bru<\/p>\n","protected":false},"featured_media":64231,"template":"","meta":[],"pwb-brand":[1249],"product_brand":[],"product_cat":[741,725,743,747],"product_tag":[],"giftcard-category":[],"class_list":{"0":"post-79197","1":"product","2":"type-product","3":"status-publish","4":"has-post-thumbnail","6":"pwb-brand-pca-skin-lv","7":"product_cat-izsitumi","8":"product_cat-maskas","9":"product_cat-paplasinatas-poras","10":"product_cat-taukainai-adai","12":"first","13":"instock","14":"taxable","15":"shipping-taxable","16":"purchasable","17":"product-type-simple"},"acf":[],"brands":[{"id":1249,"name":"PCA Skin","slug":"pca-skin-lv"}],"_links":{"self":[{"href":"https:\/\/skinstudio.ee\/lv\/wp-json\/wp\/v2\/product\/79197","targetHints":{"allow":["GET"]}}],"collection":[{"href":"https:\/\/skinstudio.ee\/lv\/wp-json\/wp\/v2\/product"}],"about":[{"href":"https:\/\/skinstudio.ee\/lv\/wp-json\/wp\/v2\/types\/product"}],"version-history":[{"count":1,"href":"https:\/\/skinstudio.ee\/lv\/wp-json\/wp\/v2\/product\/79197\/revisions"}],"predecessor-version":[{"id":79201,"href":"https:\/\/skinstudio.ee\/lv\/wp-json\/wp\/v2\/product\/79197\/revisions\/79201"}],"wp:featuredmedia":[{"embeddable":true,"href":"https:\/\/skinstudio.ee\/lv\/wp-json\/wp\/v2\/media\/64231"}],"wp:attachment":[{"href":"https:\/\/skinstudio.ee\/lv\/wp-json\/wp\/v2\/media?parent=79197"}],"wp:term":[{"taxonomy":"pwb-brand","embeddable":true,"href":"https:\/\/skinstudio.ee\/lv\/wp-json\/wp\/v2\/pwb-brand?post=79197"},{"taxonomy":"product_brand","embeddable":true,"href":"https:\/\/skinstudio.ee\/lv\/wp-json\/wp\/v2\/product_brand?post=79197"},{"taxonomy":"product_cat","embeddable":true,"href":"https:\/\/skinstudio.ee\/lv\/wp-json\/wp\/v2\/product_cat?post=79197"},{"taxonomy":"product_tag","embeddable":true,"href":"https:\/\/skinstudio.ee\/lv\/wp-json\/wp\/v2\/product_tag?post=79197"},{"taxonomy":"giftcard-category","embeddable":true,"href":"https:\/\/skinstudio.ee\/lv\/wp-json\/wp\/v2\/giftcard-category?post=79197"}],"curies":[{"name":"wp","href":"https:\/\/api.w.org\/{rel}","templated":true}]}}