{"id":79210,"date":"2023-05-24T17:57:38","date_gmt":"2023-05-24T17:57:38","guid":{"rendered":"https:\/\/skinstudio.ee\/?post_type=product&#038;p=79210"},"modified":"2026-02-13T15:28:03","modified_gmt":"2026-02-13T15:28:03","slug":"vitamin-b3-eye-brightening-cream","status":"publish","type":"product","link":"https:\/\/skinstudio.ee\/lv\/catalog\/pca-skin-lv\/vitamin-b3-eye-brightening-cream\/","title":{"rendered":"Vitamin B3 Eye Brightening Cream"},"content":{"rendered":"<div class=\"o_not_editable\">\n<p data-start=\"3168\" data-end=\"3466\"><strong data-start=\"3168\" data-end=\"3216\">Vitamin B3 Eye Brightening Cream no PCA SKIN<\/strong> ir izgaismojo\u0161s acu kr\u0113ms, kas paredz\u0113ts tum\u0161o loku samazin\u0101\u0161anai, \u0101das to\u0146a izl\u012bdzin\u0101\u0161anai un m\u012bmikas l\u012bniju izl\u012bdzin\u0101\u0161anai ap ac\u012bm. Formula apvieno augstu niacinam\u012bda koncentr\u0101ciju ar antioksidantiem, lai padar\u012btu skatienu svaig\u0101ku un starojo\u0161\u0101ku.<\/p>\n<p data-start=\"3468\" data-end=\"3650\">Produkts pal\u012bdz mazin\u0101t noguruma paz\u012bmes, uzlabo acu zonas izskatu un veicina glud\u0101ku \u0101du. Izgaismojo\u0161o un kopjo\u0161o sast\u0101vda\u013cu kombin\u0101cija pal\u012bdz izl\u012bdzin\u0101t toni un saglab\u0101t komfortu.<\/p>\n<p data-start=\"3652\" data-end=\"3709\">Formula piem\u0113rota regul\u0101rai lieto\u0161anai acu zonas kop\u0161an\u0101.<\/p>\n<p data-start=\"3711\" data-end=\"3743\"><strong data-start=\"3711\" data-end=\"3743\">Akt\u012bvo sast\u0101vda\u013cu iedarb\u012bba:<\/strong><\/p>\n<ul data-start=\"3745\" data-end=\"3989\">\n<li data-start=\"3745\" data-end=\"3823\">\n<p data-start=\"3747\" data-end=\"3823\"><strong data-start=\"3747\" data-end=\"3776\">Niacinamide (Vitamin B3):<\/strong> izl\u012bdzina \u0101das toni un samazina tum\u0161os lokus<\/p>\n<\/li>\n<li data-start=\"3824\" data-end=\"3904\">\n<p data-start=\"3826\" data-end=\"3904\"><strong data-start=\"3826\" data-end=\"3861\">Bellis Perennis Flower Extract:<\/strong> veicina izgaismo\u0161anu un pie\u0161\u0137ir mirdzumu<\/p>\n<\/li>\n<li data-start=\"3905\" data-end=\"3989\">\n<p data-start=\"3907\" data-end=\"3989\"><strong data-start=\"3907\" data-end=\"3939\">Hieracium Pilosella Extract:<\/strong> atsvaidzina acu zonu un mazina noguruma paz\u012bmes<\/p>\n<\/li>\n<\/ul>\n<p data-start=\"3991\" data-end=\"4115\">Kam piem\u0113rots Vitamin B3 Eye Brightening Cream: tum\u0161iem lokiem, nevienm\u0113r\u012bgam tonim, noguru\u0161ai acu zonai un smalk\u0101m l\u012bnij\u0101m.<\/p>\n<p data-start=\"4117\" data-end=\"4134\"><strong data-start=\"4117\" data-end=\"4129\">Tilpums:<\/strong> 13 g<\/p>\n<\/div>\n","protected":false},"excerpt":{"rendered":"<p data-start=\"4328\" data-end=\"4350\">Izgaismojo\u0161s acu kr\u0113ms<\/p>\n<h2 data-start=\"4352\" data-end=\"4408\"><strong data-start=\"4352\" data-end=\"4408\">\u012apa\u0161\u012bbas PCA SKIN &#8211; Vitamin B3 Eye Brightening Cream<\/strong><\/h2>\n<p data-start=\"4410\" data-end=\"4561\">\u2714\ufe0f Izgaismo tum\u0161os lokus<br data-start=\"4434\" data-end=\"4437\" \/>\u2714\ufe0f Padara skatienu svaig\u0101ku<br data-start=\"4464\" data-end=\"4467\" \/>\u2714\ufe0f Izl\u012bdzina smalk\u0101s l\u012bnijas<br data-start=\"4495\" data-end=\"4498\" \/>\u2714\ufe0f Mazina noguruma paz\u012bmes<br data-start=\"4524\" data-end=\"4527\" \/>\u2714\ufe0f Uzlabo \u0101das gludumu un komfortu<\/p>\n","protected":false},"featured_media":64360,"template":"","meta":[],"pwb-brand":[1249],"product_brand":[],"product_cat":[733,745,737,749,751],"product_tag":[],"giftcard-category":[],"class_list":{"0":"post-79210","1":"product","2":"type-product","3":"status-publish","4":"has-post-thumbnail","6":"pwb-brand-pca-skin-lv","7":"product_cat-ada-ap-acim","8":"product_cat-jutigai-adai","9":"product_cat-mitrinasana","10":"product_cat-novecojosa-ada","11":"product_cat-pigmentacija-lv","13":"first","14":"instock","15":"taxable","16":"shipping-taxable","17":"purchasable","18":"product-type-simple"},"acf":[],"brands":[{"id":1249,"name":"PCA Skin","slug":"pca-skin-lv"}],"_links":{"self":[{"href":"https:\/\/skinstudio.ee\/lv\/wp-json\/wp\/v2\/product\/79210","targetHints":{"allow":["GET"]}}],"collection":[{"href":"https:\/\/skinstudio.ee\/lv\/wp-json\/wp\/v2\/product"}],"about":[{"href":"https:\/\/skinstudio.ee\/lv\/wp-json\/wp\/v2\/types\/product"}],"version-history":[{"count":1,"href":"https:\/\/skinstudio.ee\/lv\/wp-json\/wp\/v2\/product\/79210\/revisions"}],"predecessor-version":[{"id":79212,"href":"https:\/\/skinstudio.ee\/lv\/wp-json\/wp\/v2\/product\/79210\/revisions\/79212"}],"wp:featuredmedia":[{"embeddable":true,"href":"https:\/\/skinstudio.ee\/lv\/wp-json\/wp\/v2\/media\/64360"}],"wp:attachment":[{"href":"https:\/\/skinstudio.ee\/lv\/wp-json\/wp\/v2\/media?parent=79210"}],"wp:term":[{"taxonomy":"pwb-brand","embeddable":true,"href":"https:\/\/skinstudio.ee\/lv\/wp-json\/wp\/v2\/pwb-brand?post=79210"},{"taxonomy":"product_brand","embeddable":true,"href":"https:\/\/skinstudio.ee\/lv\/wp-json\/wp\/v2\/product_brand?post=79210"},{"taxonomy":"product_cat","embeddable":true,"href":"https:\/\/skinstudio.ee\/lv\/wp-json\/wp\/v2\/product_cat?post=79210"},{"taxonomy":"product_tag","embeddable":true,"href":"https:\/\/skinstudio.ee\/lv\/wp-json\/wp\/v2\/product_tag?post=79210"},{"taxonomy":"giftcard-category","embeddable":true,"href":"https:\/\/skinstudio.ee\/lv\/wp-json\/wp\/v2\/giftcard-category?post=79210"}],"curies":[{"name":"wp","href":"https:\/\/api.w.org\/{rel}","templated":true}]}}