{"id":79220,"date":"2023-05-24T17:56:21","date_gmt":"2023-05-24T17:56:21","guid":{"rendered":"https:\/\/skinstudio.ee\/?post_type=product&#038;p=79220"},"modified":"2026-02-13T15:27:58","modified_gmt":"2026-02-13T15:27:58","slug":"pigment-bar","status":"publish","type":"product","link":"https:\/\/skinstudio.ee\/lv\/catalog\/pca-skin-lv\/pigment-bar\/","title":{"rendered":"Pigment Bar"},"content":{"rendered":"<p data-start=\"3209\" data-end=\"3454\"><strong data-start=\"3209\" data-end=\"3236\">Pigment Bar no PCA SKIN<\/strong> ir att\u012bro\u0161s l\u012bdzeklis pigment\u0101cijas probl\u0113m\u0101m, kas pal\u012bdz izl\u012bdzin\u0101t \u0101das toni sejai un \u0137ermenim. Formula apvieno att\u012bro\u0161as un izgaismojo\u0161as sast\u0101vda\u013cas, lai veicin\u0101tu vienm\u0113r\u012bg\u0101ku un starojo\u0161\u0101ku \u0101du ikdienas kop\u0161an\u0101.<\/p>\n<p data-start=\"3456\" data-end=\"3667\">Produkts dzi\u013ci att\u012bra \u0101du, no\u0146em net\u012brumus un veicina virsmas atjauno\u0161anos, pal\u012bdzot samazin\u0101t nevienm\u0113r\u012bgu toni. Akt\u012bvo sast\u0101vda\u013cu kombin\u0101cija darbojas pigment\u0101cijas zon\u0101s, saglab\u0101jot \u0101das komfortu bez sausuma.<\/p>\n<p data-start=\"3669\" data-end=\"3772\">Formula piem\u0113rota regul\u0101rai lieto\u0161anai liel\u0101k\u0101m sejas un \u0137erme\u0146a zon\u0101m pigment\u0101cijas korekcijas rut\u012bn\u0101.<\/p>\n<p data-start=\"3774\" data-end=\"3806\"><strong data-start=\"3774\" data-end=\"3806\">Akt\u012bvo sast\u0101vda\u013cu iedarb\u012bba:<\/strong><\/p>\n<ul data-start=\"3808\" data-end=\"3995\">\n<li data-start=\"3808\" data-end=\"3874\">\n<p data-start=\"3810\" data-end=\"3874\"><strong data-start=\"3810\" data-end=\"3827\">Azelaic Acid:<\/strong> izl\u012bdzina \u0101das toni un samazina pigment\u0101ciju<\/p>\n<\/li>\n<li data-start=\"3875\" data-end=\"3934\">\n<p data-start=\"3877\" data-end=\"3934\"><strong data-start=\"3877\" data-end=\"3892\">Kojic Acid:<\/strong> veicina izgaismo\u0161anu un to\u0146a vienm\u0113r\u012bbu<\/p>\n<\/li>\n<li data-start=\"3935\" data-end=\"3995\">\n<p data-start=\"3937\" data-end=\"3995\"><strong data-start=\"3937\" data-end=\"3953\">Niacinamide:<\/strong> stiprina \u0101das barjeru un uzlabo gludumu<\/p>\n<\/li>\n<\/ul>\n<p data-start=\"3997\" data-end=\"4131\">Kam piem\u0113rots Pigment Bar: hiperpigment\u0101cijai, nevienm\u0113r\u012bgam tonim, p\u0113ciekaisuma plankumiem un liel\u0101ku sejas un \u0137erme\u0146a zonu kop\u0161anai.<\/p>\n<p data-start=\"4133\" data-end=\"4150\"><strong data-start=\"4133\" data-end=\"4145\">Tilpums:<\/strong> 90 g<\/p>\n","protected":false},"excerpt":{"rendered":"<p data-start=\"4378\" data-end=\"4421\">Pigment\u0101cijas kori\u0123\u0113jo\u0161s att\u012bro\u0161s l\u012bdzeklis<\/p>\n<h2 data-start=\"4423\" data-end=\"4458\"><strong data-start=\"4423\" data-end=\"4458\">\u012apa\u0161\u012bbas PCA SKIN &#8211; Pigment Bar<\/strong><\/h2>\n<p data-start=\"4460\" data-end=\"4623\">\u2714\ufe0f Izgaismo pigment\u0101cijas zonas<br data-start=\"4491\" data-end=\"4494\" \/>\u2714\ufe0f Izl\u012bdzina \u0101das toni<br data-start=\"4516\" data-end=\"4519\" \/>\u2714\ufe0f Dzi\u013ci att\u012bra un atjauno virsmu<br data-start=\"4552\" data-end=\"4555\" \/>\u2714\ufe0f Veicina vienm\u0113r\u012bg\u0101ku \u0101das izskatu<br data-start=\"4591\" data-end=\"4594\" \/>\u2714\ufe0f Atst\u0101j \u0101du svaigu un gludu<\/p>\n","protected":false},"featured_media":64241,"template":"","meta":[],"pwb-brand":[1249],"product_brand":[],"product_cat":[715,749,751],"product_tag":[],"giftcard-category":[],"class_list":{"0":"post-79220","1":"product","2":"type-product","3":"status-publish","4":"has-post-thumbnail","6":"pwb-brand-pca-skin-lv","7":"product_cat-attirisana","8":"product_cat-novecojosa-ada","9":"product_cat-pigmentacija-lv","11":"first","12":"instock","13":"taxable","14":"shipping-taxable","15":"purchasable","16":"product-type-simple"},"acf":[],"brands":[{"id":1249,"name":"PCA Skin","slug":"pca-skin-lv"}],"_links":{"self":[{"href":"https:\/\/skinstudio.ee\/lv\/wp-json\/wp\/v2\/product\/79220","targetHints":{"allow":["GET"]}}],"collection":[{"href":"https:\/\/skinstudio.ee\/lv\/wp-json\/wp\/v2\/product"}],"about":[{"href":"https:\/\/skinstudio.ee\/lv\/wp-json\/wp\/v2\/types\/product"}],"version-history":[{"count":1,"href":"https:\/\/skinstudio.ee\/lv\/wp-json\/wp\/v2\/product\/79220\/revisions"}],"predecessor-version":[{"id":79221,"href":"https:\/\/skinstudio.ee\/lv\/wp-json\/wp\/v2\/product\/79220\/revisions\/79221"}],"wp:featuredmedia":[{"embeddable":true,"href":"https:\/\/skinstudio.ee\/lv\/wp-json\/wp\/v2\/media\/64241"}],"wp:attachment":[{"href":"https:\/\/skinstudio.ee\/lv\/wp-json\/wp\/v2\/media?parent=79220"}],"wp:term":[{"taxonomy":"pwb-brand","embeddable":true,"href":"https:\/\/skinstudio.ee\/lv\/wp-json\/wp\/v2\/pwb-brand?post=79220"},{"taxonomy":"product_brand","embeddable":true,"href":"https:\/\/skinstudio.ee\/lv\/wp-json\/wp\/v2\/product_brand?post=79220"},{"taxonomy":"product_cat","embeddable":true,"href":"https:\/\/skinstudio.ee\/lv\/wp-json\/wp\/v2\/product_cat?post=79220"},{"taxonomy":"product_tag","embeddable":true,"href":"https:\/\/skinstudio.ee\/lv\/wp-json\/wp\/v2\/product_tag?post=79220"},{"taxonomy":"giftcard-category","embeddable":true,"href":"https:\/\/skinstudio.ee\/lv\/wp-json\/wp\/v2\/giftcard-category?post=79220"}],"curies":[{"name":"wp","href":"https:\/\/api.w.org\/{rel}","templated":true}]}}