{"id":79227,"date":"2023-05-24T17:56:20","date_gmt":"2023-05-24T17:56:20","guid":{"rendered":"https:\/\/skinstudio.ee\/?post_type=product&#038;p=79227"},"modified":"2026-02-13T15:27:47","modified_gmt":"2026-02-13T15:27:47","slug":"blemish-control-bar","status":"publish","type":"product","link":"https:\/\/skinstudio.ee\/lv\/catalog\/pca-skin-lv\/blemish-control-bar\/","title":{"rendered":"Blemish Control Bar"},"content":{"rendered":"<p data-start=\"3074\" data-end=\"3311\"><strong data-start=\"3074\" data-end=\"3109\">Blemish Control Bar no PCA SKIN<\/strong> ir att\u012bro\u0161s l\u012bdzeklis problem\u0101tiskai \u0101dai, kas piem\u0113rots sejai un liel\u0101k\u0101m \u0137erme\u0146a zon\u0101m. Formula ar salicilsk\u0101bi un augu ekstraktiem pal\u012bdz dzi\u013ci att\u012br\u012bt \u0101du, saglab\u0101jot l\u012bdzsvaru bez sausuma saj\u016btas.<\/p>\n<p data-start=\"3313\" data-end=\"3527\">Produkts efekt\u012bvi no\u0146em net\u012brumus un lieko sebumu, pal\u012bdzot mazin\u0101t nosprostojumu un uztur\u0113t t\u012br\u0101ku \u0101du. Higi\u0113niskais iepakojums samazina krustenisk\u0101s kontamin\u0101cijas risku un ir \u0113rts lieto\u0161anai du\u0161\u0101 vai p\u0113c sporta.<\/p>\n<p data-start=\"3529\" data-end=\"3589\">Formula piem\u0113rota regul\u0101rai problem\u0101tiskas \u0101das att\u012br\u012b\u0161anai.<\/p>\n<p data-start=\"3591\" data-end=\"3623\"><strong data-start=\"3591\" data-end=\"3623\">Akt\u012bvo sast\u0101vda\u013cu iedarb\u012bba:<\/strong><\/p>\n<ul data-start=\"3625\" data-end=\"3811\">\n<li data-start=\"3625\" data-end=\"3696\">\n<p data-start=\"3627\" data-end=\"3696\"><strong data-start=\"3627\" data-end=\"3649\">Salicylic Acid 2%:<\/strong> att\u012bra poras un samazina izsitumu veido\u0161anos<\/p>\n<\/li>\n<li data-start=\"3697\" data-end=\"3758\">\n<p data-start=\"3699\" data-end=\"3758\"><strong data-start=\"3699\" data-end=\"3722\">Eucalyptus Extract:<\/strong> atsvaidzina un veicina att\u012br\u012b\u0161anu<\/p>\n<\/li>\n<li data-start=\"3759\" data-end=\"3811\">\n<p data-start=\"3761\" data-end=\"3811\"><strong data-start=\"3761\" data-end=\"3775\">Aloe Vera:<\/strong> nomierina \u0101du un saglab\u0101 komfortu<\/p>\n<\/li>\n<\/ul>\n<p data-start=\"3813\" data-end=\"3946\">Kam piem\u0113rots Blemish Control Bar: taukainai, kombin\u0113tai un aknei pak\u013cautai sejas un \u0137erme\u0146a \u0101dai ar pastiprin\u0101tu sebuma izdal\u012b\u0161anos.<\/p>\n<p data-start=\"3948\" data-end=\"3965\"><strong data-start=\"3948\" data-end=\"3960\">Tilpums:<\/strong> 90 g<\/p>\n","protected":false},"excerpt":{"rendered":"<p data-start=\"4193\" data-end=\"4224\">Pretizsitumu att\u012bro\u0161s l\u012bdzeklis<\/p>\n<h2 data-start=\"4226\" data-end=\"4269\"><strong data-start=\"4226\" data-end=\"4269\">\u012apa\u0161\u012bbas PCA SKIN &#8211; Blemish Control Bar<\/strong><\/h2>\n<p data-start=\"4271\" data-end=\"4444\">\u2714\ufe0f Dzi\u013ci att\u012bra poras<br data-start=\"4292\" data-end=\"4295\" \/>\u2714\ufe0f Samazina akt\u012bvus izsitumus<br data-start=\"4324\" data-end=\"4327\" \/>\u2714\ufe0f Pal\u012bdz nov\u0113rst jaunu izsitumu veido\u0161anos<br data-start=\"4370\" data-end=\"4373\" \/>\u2714\ufe0f Atsvaidzina un l\u012bdzsvaro \u0101du<br data-start=\"4404\" data-end=\"4407\" \/>\u2714\ufe0f Uztur \u0101du t\u012bru uz sejas un \u0137erme\u0146a<\/p>\n","protected":false},"featured_media":64246,"template":"","meta":[],"pwb-brand":[1249],"product_brand":[],"product_cat":[715,741,743,747],"product_tag":[],"giftcard-category":[],"class_list":{"0":"post-79227","1":"product","2":"type-product","3":"status-publish","4":"has-post-thumbnail","6":"pwb-brand-pca-skin-lv","7":"product_cat-attirisana","8":"product_cat-izsitumi","9":"product_cat-paplasinatas-poras","10":"product_cat-taukainai-adai","12":"first","13":"instock","14":"taxable","15":"shipping-taxable","16":"purchasable","17":"product-type-simple"},"acf":[],"brands":[{"id":1249,"name":"PCA Skin","slug":"pca-skin-lv"}],"_links":{"self":[{"href":"https:\/\/skinstudio.ee\/lv\/wp-json\/wp\/v2\/product\/79227","targetHints":{"allow":["GET"]}}],"collection":[{"href":"https:\/\/skinstudio.ee\/lv\/wp-json\/wp\/v2\/product"}],"about":[{"href":"https:\/\/skinstudio.ee\/lv\/wp-json\/wp\/v2\/types\/product"}],"version-history":[{"count":1,"href":"https:\/\/skinstudio.ee\/lv\/wp-json\/wp\/v2\/product\/79227\/revisions"}],"predecessor-version":[{"id":79229,"href":"https:\/\/skinstudio.ee\/lv\/wp-json\/wp\/v2\/product\/79227\/revisions\/79229"}],"wp:featuredmedia":[{"embeddable":true,"href":"https:\/\/skinstudio.ee\/lv\/wp-json\/wp\/v2\/media\/64246"}],"wp:attachment":[{"href":"https:\/\/skinstudio.ee\/lv\/wp-json\/wp\/v2\/media?parent=79227"}],"wp:term":[{"taxonomy":"pwb-brand","embeddable":true,"href":"https:\/\/skinstudio.ee\/lv\/wp-json\/wp\/v2\/pwb-brand?post=79227"},{"taxonomy":"product_brand","embeddable":true,"href":"https:\/\/skinstudio.ee\/lv\/wp-json\/wp\/v2\/product_brand?post=79227"},{"taxonomy":"product_cat","embeddable":true,"href":"https:\/\/skinstudio.ee\/lv\/wp-json\/wp\/v2\/product_cat?post=79227"},{"taxonomy":"product_tag","embeddable":true,"href":"https:\/\/skinstudio.ee\/lv\/wp-json\/wp\/v2\/product_tag?post=79227"},{"taxonomy":"giftcard-category","embeddable":true,"href":"https:\/\/skinstudio.ee\/lv\/wp-json\/wp\/v2\/giftcard-category?post=79227"}],"curies":[{"name":"wp","href":"https:\/\/api.w.org\/{rel}","templated":true}]}}