{"id":79237,"date":"2023-05-24T17:56:16","date_gmt":"2023-05-24T17:56:16","guid":{"rendered":"https:\/\/skinstudio.ee\/?post_type=product&#038;p=79237"},"modified":"2026-02-13T15:27:53","modified_gmt":"2026-02-13T15:27:53","slug":"hyaluronic-acid-lip-booster","status":"publish","type":"product","link":"https:\/\/skinstudio.ee\/lv\/catalog\/pca-skin-lv\/hyaluronic-acid-lip-booster\/","title":{"rendered":"Hyaluronic Acid Lip Booster"},"content":{"rendered":"<p data-start=\"2898\" data-end=\"3153\"><strong data-start=\"2898\" data-end=\"2941\">Hyaluronic Acid Lip Booster no PCA SKIN<\/strong> ir inovat\u012bvs l\u016bpu kop\u0161anas l\u012bdzeklis intens\u012bvai mitrin\u0101\u0161anai, apjoma uzlabo\u0161anai un tekst\u016bras pilnveido\u0161anai. Formula ar moderniem pept\u012bdiem un mitrino\u0161iem komponentiem uzreiz m\u012bkstina l\u016bpas un izce\u013c to kont\u016bru.<\/p>\n<p data-start=\"3155\" data-end=\"3334\">Produkts nodro\u0161ina dzi\u013cu mitrin\u0101\u0161anu, atbalsta elast\u012bbu un pal\u012bdz izl\u012bdzin\u0101t smalk\u0101s l\u012bnijas. Akt\u012bvo sast\u0101vda\u013cu kombin\u0101cija uzlabo l\u016bpu bl\u012bvumu, padarot t\u0101s m\u012bkst\u0101kas un kopt\u0101kas.<\/p>\n<p data-start=\"3336\" data-end=\"3420\">Formula piem\u0113rota ikdienas lieto\u0161anai k\u0101 patst\u0101v\u012bga kop\u0161ana vai k\u0101 b\u0101ze pirms grima.<\/p>\n<p data-start=\"3422\" data-end=\"3454\"><strong data-start=\"3422\" data-end=\"3454\">Akt\u012bvo sast\u0101vda\u013cu iedarb\u012bba:<\/strong><\/p>\n<ul data-start=\"3456\" data-end=\"3681\">\n<li data-start=\"3456\" data-end=\"3528\">\n<p data-start=\"3458\" data-end=\"3528\"><strong data-start=\"3458\" data-end=\"3481\">Sodium Hyaluronate:<\/strong> intens\u012bvi mitrina un palielina apjoma efektu<\/p>\n<\/li>\n<li data-start=\"3529\" data-end=\"3598\">\n<p data-start=\"3531\" data-end=\"3598\"><strong data-start=\"3531\" data-end=\"3564\">Palmitoyl Tripeptide Complex:<\/strong> uzlabo l\u016bpu gludumu un tvirtumu<\/p>\n<\/li>\n<li data-start=\"3599\" data-end=\"3681\">\n<p data-start=\"3601\" data-end=\"3681\"><strong data-start=\"3601\" data-end=\"3627\">Ultra Filling Spheres:<\/strong> pastiprina t\u016bl\u012bt\u0113ju apjoma efektu un m\u012bkstina l\u016bpas<\/p>\n<\/li>\n<\/ul>\n<p data-start=\"3683\" data-end=\"3799\">Kam piem\u0113rots Hyaluronic Acid Lip Booster: saus\u0101m l\u016bp\u0101m, smalk\u0101m l\u012bnij\u0101m, apjoma zudumam un intens\u012bvai mitrin\u0101\u0161anai.<\/p>\n<p data-start=\"3801\" data-end=\"3817\"><strong data-start=\"3801\" data-end=\"3813\">Tilpums:<\/strong> 6 g<\/p>\n","protected":false},"excerpt":{"rendered":"<p data-start=\"3969\" data-end=\"3998\">Hialuronsk\u0101bes l\u016bpu boosteris<\/p>\n<h2 data-start=\"4000\" data-end=\"4051\"><strong data-start=\"4000\" data-end=\"4051\">\u012apa\u0161\u012bbas PCA SKIN &#8211; Hyaluronic Acid Lip Booster<\/strong><\/h2>\n<p data-start=\"4053\" data-end=\"4205\">\u2714\ufe0f Uzreiz uzlabo l\u016bpu apjoma saj\u016btu<br data-start=\"4088\" data-end=\"4091\" \/>\u2714\ufe0f Dzi\u013ci mitrina un m\u012bkstina<br data-start=\"4119\" data-end=\"4122\" \/>\u2714\ufe0f Izl\u012bdzina l\u016bpu virsmu<br data-start=\"4146\" data-end=\"4149\" \/>\u2714\ufe0f Izce\u013c l\u016bpu kont\u016bru<br data-start=\"4170\" data-end=\"4173\" \/>\u2714\ufe0f Padara l\u016bpas gludas un koptas<\/p>\n","protected":false},"featured_media":64257,"template":"","meta":[],"pwb-brand":[1249],"product_brand":[],"product_cat":[745,759,737,739],"product_tag":[],"giftcard-category":[],"class_list":{"0":"post-79237","1":"product","2":"type-product","3":"status-publish","4":"has-post-thumbnail","6":"pwb-brand-pca-skin-lv","7":"product_cat-jutigai-adai","8":"product_cat-lupu-kopsana","9":"product_cat-mitrinasana","10":"product_cat-sausai-adai","12":"first","13":"instock","14":"taxable","15":"shipping-taxable","16":"purchasable","17":"product-type-simple"},"acf":[],"brands":[{"id":1249,"name":"PCA Skin","slug":"pca-skin-lv"}],"_links":{"self":[{"href":"https:\/\/skinstudio.ee\/lv\/wp-json\/wp\/v2\/product\/79237","targetHints":{"allow":["GET"]}}],"collection":[{"href":"https:\/\/skinstudio.ee\/lv\/wp-json\/wp\/v2\/product"}],"about":[{"href":"https:\/\/skinstudio.ee\/lv\/wp-json\/wp\/v2\/types\/product"}],"version-history":[{"count":1,"href":"https:\/\/skinstudio.ee\/lv\/wp-json\/wp\/v2\/product\/79237\/revisions"}],"predecessor-version":[{"id":79238,"href":"https:\/\/skinstudio.ee\/lv\/wp-json\/wp\/v2\/product\/79237\/revisions\/79238"}],"wp:featuredmedia":[{"embeddable":true,"href":"https:\/\/skinstudio.ee\/lv\/wp-json\/wp\/v2\/media\/64257"}],"wp:attachment":[{"href":"https:\/\/skinstudio.ee\/lv\/wp-json\/wp\/v2\/media?parent=79237"}],"wp:term":[{"taxonomy":"pwb-brand","embeddable":true,"href":"https:\/\/skinstudio.ee\/lv\/wp-json\/wp\/v2\/pwb-brand?post=79237"},{"taxonomy":"product_brand","embeddable":true,"href":"https:\/\/skinstudio.ee\/lv\/wp-json\/wp\/v2\/product_brand?post=79237"},{"taxonomy":"product_cat","embeddable":true,"href":"https:\/\/skinstudio.ee\/lv\/wp-json\/wp\/v2\/product_cat?post=79237"},{"taxonomy":"product_tag","embeddable":true,"href":"https:\/\/skinstudio.ee\/lv\/wp-json\/wp\/v2\/product_tag?post=79237"},{"taxonomy":"giftcard-category","embeddable":true,"href":"https:\/\/skinstudio.ee\/lv\/wp-json\/wp\/v2\/giftcard-category?post=79237"}],"curies":[{"name":"wp","href":"https:\/\/api.w.org\/{rel}","templated":true}]}}