{"id":79244,"date":"2023-05-24T17:56:16","date_gmt":"2023-05-24T17:56:16","guid":{"rendered":"https:\/\/skinstudio.ee\/?post_type=product&#038;p=79244"},"modified":"2026-02-13T15:27:47","modified_gmt":"2026-02-13T15:27:47","slug":"anti-redness-serum","status":"publish","type":"product","link":"https:\/\/skinstudio.ee\/lv\/catalog\/pca-skin-lv\/anti-redness-serum\/","title":{"rendered":"Anti-Redness Serum"},"content":{"rendered":"<p data-start=\"3179\" data-end=\"3436\"><strong data-start=\"3179\" data-end=\"3213\">Anti-Redness Serum no PCA SKIN<\/strong> ir nomierino\u0161s serums, kas pal\u012bdz mazin\u0101t aps\u0101rtumu, kairin\u0101jumu un atjaunot komfortu jut\u012bgai \u0101dai. Formula apvieno pretiekaisuma un kopjo\u0161as sast\u0101vda\u013cas, kas pal\u012bdz l\u012bdzsvarot reakt\u012bvu \u0101du un stiprin\u0101t t\u0101s aizsargbarjeru.<\/p>\n<p data-start=\"3438\" data-end=\"3651\">Produkts pal\u012bdz samazin\u0101t jut\u012bgumu un diskomfortu, ko izraisa \u0101r\u0113jie stresa faktori, vienlaikus uzlabojot \u0101das notur\u012bbu. Nomierino\u0161o akt\u012bvo vielu kombin\u0101cija pal\u012bdz izl\u012bdzin\u0101t \u0101das toni un stabiliz\u0113t t\u0101s st\u0101vokli.<\/p>\n<p data-start=\"3653\" data-end=\"3728\">Formula piem\u0113rota ikdienas lieto\u0161anai jut\u012bgai un aps\u0101rtumam pak\u013cautai \u0101dai.<\/p>\n<p data-start=\"3730\" data-end=\"3762\"><strong data-start=\"3730\" data-end=\"3762\">Akt\u012bvo sast\u0101vda\u013cu iedarb\u012bba:<\/strong><\/p>\n<ul data-start=\"3764\" data-end=\"3984\">\n<li data-start=\"3764\" data-end=\"3844\">\n<p data-start=\"3766\" data-end=\"3844\"><strong data-start=\"3766\" data-end=\"3808\">Aldavine (Red &amp; Brown Algae Extracts):<\/strong> mazina aps\u0101rtumu un nomierina \u0101du<\/p>\n<\/li>\n<li data-start=\"3845\" data-end=\"3918\">\n<p data-start=\"3847\" data-end=\"3918\"><strong data-start=\"3847\" data-end=\"3861\">Bisabolol:<\/strong> samazina kairin\u0101jumu un nodro\u0161ina pretiekaisuma efektu<\/p>\n<\/li>\n<li data-start=\"3919\" data-end=\"3984\">\n<p data-start=\"3921\" data-end=\"3984\"><strong data-start=\"3921\" data-end=\"3950\">Capparis Spinosa Extract:<\/strong> stiprina \u0101du un mazina jut\u012bgumu<\/p>\n<\/li>\n<\/ul>\n<p data-start=\"3986\" data-end=\"4082\">Kam piem\u0113rots Anti-Redness Serum: jut\u012bgai, reakt\u012bvai un aps\u0101rtumam pak\u013cautai \u0101dai visos vecumos.<\/p>\n<p data-start=\"4084\" data-end=\"4102\"><strong data-start=\"4084\" data-end=\"4096\">Tilpums:<\/strong> 30 ml<\/p>\n","protected":false},"excerpt":{"rendered":"<p data-start=\"4335\" data-end=\"4368\">Nomierino\u0161s serums pret aps\u0101rtumu<\/p>\n<h2 data-start=\"4370\" data-end=\"4412\"><strong data-start=\"4370\" data-end=\"4412\">\u012apa\u0161\u012bbas PCA SKIN &#8211; Anti-Redness Serum<\/strong><\/h2>\n<p data-start=\"4414\" data-end=\"4565\">\u2714\ufe0f \u0100tri samazina aps\u0101rtumu<br data-start=\"4440\" data-end=\"4443\" \/>\u2714\ufe0f Uzreiz nomierina jut\u012bgu \u0101du<br data-start=\"4473\" data-end=\"4476\" \/>\u2714\ufe0f Mazina kairin\u0101jumu un diskomfortu<br data-start=\"4512\" data-end=\"4515\" \/>\u2714\ufe0f Stiprina \u0101das notur\u012bbu<br data-start=\"4540\" data-end=\"4543\" \/>\u2714\ufe0f Izl\u012bdzina \u0101das toni<\/p>\n","protected":false},"featured_media":64262,"template":"","meta":[],"pwb-brand":[1249],"product_brand":[],"product_cat":[745,723],"product_tag":[],"giftcard-category":[],"class_list":{"0":"post-79244","1":"product","2":"type-product","3":"status-publish","4":"has-post-thumbnail","6":"pwb-brand-pca-skin-lv","7":"product_cat-jutigai-adai","8":"product_cat-serumi","10":"first","11":"instock","12":"taxable","13":"shipping-taxable","14":"purchasable","15":"product-type-simple"},"acf":[],"brands":[{"id":1249,"name":"PCA Skin","slug":"pca-skin-lv"}],"_links":{"self":[{"href":"https:\/\/skinstudio.ee\/lv\/wp-json\/wp\/v2\/product\/79244","targetHints":{"allow":["GET"]}}],"collection":[{"href":"https:\/\/skinstudio.ee\/lv\/wp-json\/wp\/v2\/product"}],"about":[{"href":"https:\/\/skinstudio.ee\/lv\/wp-json\/wp\/v2\/types\/product"}],"version-history":[{"count":1,"href":"https:\/\/skinstudio.ee\/lv\/wp-json\/wp\/v2\/product\/79244\/revisions"}],"predecessor-version":[{"id":79246,"href":"https:\/\/skinstudio.ee\/lv\/wp-json\/wp\/v2\/product\/79244\/revisions\/79246"}],"wp:featuredmedia":[{"embeddable":true,"href":"https:\/\/skinstudio.ee\/lv\/wp-json\/wp\/v2\/media\/64262"}],"wp:attachment":[{"href":"https:\/\/skinstudio.ee\/lv\/wp-json\/wp\/v2\/media?parent=79244"}],"wp:term":[{"taxonomy":"pwb-brand","embeddable":true,"href":"https:\/\/skinstudio.ee\/lv\/wp-json\/wp\/v2\/pwb-brand?post=79244"},{"taxonomy":"product_brand","embeddable":true,"href":"https:\/\/skinstudio.ee\/lv\/wp-json\/wp\/v2\/product_brand?post=79244"},{"taxonomy":"product_cat","embeddable":true,"href":"https:\/\/skinstudio.ee\/lv\/wp-json\/wp\/v2\/product_cat?post=79244"},{"taxonomy":"product_tag","embeddable":true,"href":"https:\/\/skinstudio.ee\/lv\/wp-json\/wp\/v2\/product_tag?post=79244"},{"taxonomy":"giftcard-category","embeddable":true,"href":"https:\/\/skinstudio.ee\/lv\/wp-json\/wp\/v2\/giftcard-category?post=79244"}],"curies":[{"name":"wp","href":"https:\/\/api.w.org\/{rel}","templated":true}]}}