{"id":79253,"date":"2023-05-24T17:56:16","date_gmt":"2023-05-24T17:56:16","guid":{"rendered":"https:\/\/skinstudio.ee\/?post_type=product&#038;p=79253"},"modified":"2026-02-13T15:27:51","modified_gmt":"2026-02-13T15:27:51","slug":"dual-action-redness-relief","status":"publish","type":"product","link":"https:\/\/skinstudio.ee\/lv\/catalog\/pca-skin-lv\/dual-action-redness-relief\/","title":{"rendered":"Dual Action Redness Relief"},"content":{"rendered":"<p data-start=\"2999\" data-end=\"3285\"><strong data-start=\"2999\" data-end=\"3041\">Dual Action Redness Relief no PCA SKIN<\/strong> ir divk\u0101r\u0161as darb\u012bbas nomierino\u0161s serums, kas pal\u012bdz atjaunot \u0101das barjeru un samazin\u0101t aps\u0101rtumu. Formula ar patent\u0113tiem kompleksiem un barjeru stiprino\u0161\u0101m sast\u0101vda\u013c\u0101m mazina \u0101das reaktivit\u0101ti un uzlabo notur\u012bbu pret \u0101r\u0113jiem stresa faktoriem.<\/p>\n<p data-start=\"3287\" data-end=\"3463\">Produkts atbalsta mitrin\u0101\u0161anu, stiprina aizsargk\u0101rtu un pal\u012bdz mazin\u0101t kairin\u0101jumu un diskomfortu. Akt\u012bvo sast\u0101vda\u013cu kombin\u0101cija stabiliz\u0113 jut\u012bgu \u0101du, padarot to l\u012bdzsvarot\u0101ku.<\/p>\n<p data-start=\"3465\" data-end=\"3522\">Formula piem\u0113rota ikdienas lieto\u0161anai visiem \u0101das tipiem.<\/p>\n<p data-start=\"3524\" data-end=\"3556\"><strong data-start=\"3524\" data-end=\"3556\">Akt\u012bvo sast\u0101vda\u013cu iedarb\u012bba:<\/strong><\/p>\n<ul data-start=\"3558\" data-end=\"3785\">\n<li data-start=\"3558\" data-end=\"3620\">\n<p data-start=\"3560\" data-end=\"3620\"><strong data-start=\"3560\" data-end=\"3576\">Niacinamide:<\/strong> stiprina \u0101das barjeru un mazina aps\u0101rtumu<\/p>\n<\/li>\n<li data-start=\"3621\" data-end=\"3716\">\n<p data-start=\"3623\" data-end=\"3716\"><strong data-start=\"3623\" data-end=\"3664\">Dimethyl Sulfone &amp; Silymarin Complex:<\/strong> samazina iekaisuma reakcijas un uztur mitrin\u0101\u0161anu<\/p>\n<\/li>\n<li data-start=\"3717\" data-end=\"3785\">\n<p data-start=\"3719\" data-end=\"3785\"><strong data-start=\"3719\" data-end=\"3735\">Ceramide NP:<\/strong> atjauno aizsargbarjeru un nov\u0113r\u0161 mitruma zudumu<\/p>\n<\/li>\n<\/ul>\n<p data-start=\"3787\" data-end=\"3899\">Kam piem\u0113rots Dual Action Redness Relief: jut\u012bgai, reakt\u012bvai un aps\u0101rtumam pak\u013cautai \u0101dai ar nov\u0101jin\u0101tu barjeru.<\/p>\n<p data-start=\"3901\" data-end=\"3919\"><strong data-start=\"3901\" data-end=\"3913\">Tilpums:<\/strong> 30 ml<\/p>\n","protected":false},"excerpt":{"rendered":"<p data-start=\"4069\" data-end=\"4108\">Nomierino\u0161s serums ar dubultu iedarb\u012bbu<\/p>\n<h2 data-start=\"4110\" data-end=\"4160\"><strong data-start=\"4110\" data-end=\"4160\">\u012apa\u0161\u012bbas PCA SKIN &#8211; Dual Action Redness Relief<\/strong><\/h2>\n<p data-start=\"4162\" data-end=\"4334\">\u2714\ufe0f \u0100tri mazina aps\u0101rtumu un jut\u012bgumu<br data-start=\"4198\" data-end=\"4201\" \/>\u2714\ufe0f Stiprina un atjauno \u0101das barjeru<br data-start=\"4236\" data-end=\"4239\" \/>\u2714\ufe0f Mazina kairin\u0101jumu un diskomfortu<br data-start=\"4275\" data-end=\"4278\" \/>\u2714\ufe0f Uzlabo \u0101das notur\u012bbu<br data-start=\"4301\" data-end=\"4304\" \/>\u2714\ufe0f Veicina mier\u012bg\u0101ku \u0101das toni<\/p>\n","protected":false},"featured_media":92497,"template":"","meta":[],"pwb-brand":[1249],"product_brand":[],"product_cat":[741,743,723,747],"product_tag":[],"giftcard-category":[],"class_list":{"0":"post-79253","1":"product","2":"type-product","3":"status-publish","4":"has-post-thumbnail","6":"pwb-brand-pca-skin-lv","7":"product_cat-izsitumi","8":"product_cat-paplasinatas-poras","9":"product_cat-serumi","10":"product_cat-taukainai-adai","12":"first","13":"instock","14":"taxable","15":"shipping-taxable","16":"purchasable","17":"product-type-simple"},"acf":[],"brands":[{"id":1249,"name":"PCA Skin","slug":"pca-skin-lv"}],"_links":{"self":[{"href":"https:\/\/skinstudio.ee\/lv\/wp-json\/wp\/v2\/product\/79253","targetHints":{"allow":["GET"]}}],"collection":[{"href":"https:\/\/skinstudio.ee\/lv\/wp-json\/wp\/v2\/product"}],"about":[{"href":"https:\/\/skinstudio.ee\/lv\/wp-json\/wp\/v2\/types\/product"}],"version-history":[{"count":1,"href":"https:\/\/skinstudio.ee\/lv\/wp-json\/wp\/v2\/product\/79253\/revisions"}],"predecessor-version":[{"id":79254,"href":"https:\/\/skinstudio.ee\/lv\/wp-json\/wp\/v2\/product\/79253\/revisions\/79254"}],"wp:featuredmedia":[{"embeddable":true,"href":"https:\/\/skinstudio.ee\/lv\/wp-json\/wp\/v2\/media\/92497"}],"wp:attachment":[{"href":"https:\/\/skinstudio.ee\/lv\/wp-json\/wp\/v2\/media?parent=79253"}],"wp:term":[{"taxonomy":"pwb-brand","embeddable":true,"href":"https:\/\/skinstudio.ee\/lv\/wp-json\/wp\/v2\/pwb-brand?post=79253"},{"taxonomy":"product_brand","embeddable":true,"href":"https:\/\/skinstudio.ee\/lv\/wp-json\/wp\/v2\/product_brand?post=79253"},{"taxonomy":"product_cat","embeddable":true,"href":"https:\/\/skinstudio.ee\/lv\/wp-json\/wp\/v2\/product_cat?post=79253"},{"taxonomy":"product_tag","embeddable":true,"href":"https:\/\/skinstudio.ee\/lv\/wp-json\/wp\/v2\/product_tag?post=79253"},{"taxonomy":"giftcard-category","embeddable":true,"href":"https:\/\/skinstudio.ee\/lv\/wp-json\/wp\/v2\/giftcard-category?post=79253"}],"curies":[{"name":"wp","href":"https:\/\/api.w.org\/{rel}","templated":true}]}}