{"id":79261,"date":"2023-05-24T17:56:16","date_gmt":"2023-05-24T17:56:16","guid":{"rendered":"https:\/\/skinstudio.ee\/?post_type=product&#038;p=79261"},"modified":"2026-02-13T15:27:49","modified_gmt":"2026-02-13T15:27:49","slug":"collagen-hydrator","status":"publish","type":"product","link":"https:\/\/skinstudio.ee\/lv\/catalog\/pca-skin\/collagen-hydrator\/","title":{"rendered":"Collagen Hydrator"},"content":{"rendered":"<p data-start=\"3111\" data-end=\"3352\"><strong data-start=\"3111\" data-end=\"3144\">Collagen Hydrator no PCA SKIN<\/strong> ir stiprino\u0161s mitrino\u0161s kr\u0113ms, kas nodro\u0161ina intens\u012bvu mitrin\u0101\u0161anu bez smaguma saj\u016btas un okluz\u012bvas pl\u0113ves. Formula apvieno barojo\u0161as un mitrino\u0161as sast\u0101vda\u013cas, kas pal\u012bdz uztur\u0113t \u0101das komfortu un l\u012bdzsvaru.<\/p>\n<p data-start=\"3354\" data-end=\"3538\">Produkts atbalsta \u0101das elast\u012bbu, pal\u012bdz samazin\u0101t noveco\u0161an\u0101s paz\u012bmes un uzlabo kop\u0113jo \u0101das st\u0101vokli. Akt\u012bvo sast\u0101vda\u013cu kombin\u0101cija uzlabo gludumu un pal\u012bdz saglab\u0101t dabisko l\u012bdzsvaru.<\/p>\n<p data-start=\"3540\" data-end=\"3627\">Formula piem\u0113rota ikdienas lieto\u0161anai visiem \u0101das tipiem, \u012bpa\u0161i ar noveco\u0161an\u0101s paz\u012bm\u0113m.<\/p>\n<p data-start=\"3629\" data-end=\"3661\"><strong data-start=\"3629\" data-end=\"3661\">Akt\u012bvo sast\u0101vda\u013cu iedarb\u012bba:<\/strong><\/p>\n<ul data-start=\"3663\" data-end=\"3847\">\n<li data-start=\"3663\" data-end=\"3723\">\n<p data-start=\"3665\" data-end=\"3723\"><strong data-start=\"3665\" data-end=\"3688\">Sodium Hyaluronate:<\/strong> dzi\u013ci mitrina un saglab\u0101 mitrumu<\/p>\n<\/li>\n<li data-start=\"3724\" data-end=\"3790\">\n<p data-start=\"3726\" data-end=\"3790\"><strong data-start=\"3726\" data-end=\"3755\">Hydrolyzed Wheat Protein:<\/strong> uzlabo elast\u012bbu un \u0101das tekst\u016bru<\/p>\n<\/li>\n<li data-start=\"3791\" data-end=\"3847\">\n<p data-start=\"3793\" data-end=\"3847\"><strong data-start=\"3793\" data-end=\"3809\">Shea Butter:<\/strong> baro \u0101du un stiprina aizsargbarjeru<\/p>\n<\/li>\n<\/ul>\n<p data-start=\"3849\" data-end=\"3944\">Kam piem\u0113rots Collagen Hydrator: dehidr\u0113tai \u0101dai, samazin\u0101tai elast\u012bbai un noveco\u0161an\u0101s paz\u012bm\u0113m.<\/p>\n<p data-start=\"3946\" data-end=\"3969\"><strong data-start=\"3946\" data-end=\"3958\">Tilpums:<\/strong> 7 g \/ 48 g<\/p>\n","protected":false},"excerpt":{"rendered":"<p data-start=\"4176\" data-end=\"4202\">Stiprino\u0161s mitrino\u0161s kr\u0113ms<\/p>\n<h2 data-start=\"4204\" data-end=\"4245\"><strong data-start=\"4204\" data-end=\"4245\">\u012apa\u0161\u012bbas PCA SKIN &#8211; Collagen Hydrator<\/strong><\/h2>\n<p data-start=\"4247\" data-end=\"4422\">\u2714\ufe0f Intens\u012bvi mitrina bez smaguma saj\u016btas<br data-start=\"4287\" data-end=\"4290\" \/>\u2714\ufe0f Uzlabo \u0101das tvirtumu un gludumu<br data-start=\"4324\" data-end=\"4327\" \/>\u2714\ufe0f Atbalsta elast\u012bbu un bl\u012bvumu<br data-start=\"4358\" data-end=\"4361\" \/>\u2714\ufe0f Uzlabo \u0101das tekst\u016bru<br data-start=\"4384\" data-end=\"4387\" \/>\u2714\ufe0f Padara \u0101du m\u012bkstu un komfortablu<\/p>\n","protected":false},"featured_media":64272,"template":"","meta":[],"pwb-brand":[1249],"product_brand":[],"product_cat":[745,737,749,739,753],"product_tag":[],"giftcard-category":[],"class_list":{"0":"post-79261","1":"product","2":"type-product","3":"status-publish","4":"has-post-thumbnail","6":"pwb-brand-pca-skin","7":"product_cat-jutigai-adai","8":"product_cat-mitrinasana","9":"product_cat-novecojosa-ada","10":"product_cat-sausai-adai","11":"product_cat-travel-size-lv","12":"pa_suurus-48g-lv","13":"pa_suurus-7g-lv","15":"first","16":"instock","17":"taxable","18":"shipping-taxable","19":"purchasable","20":"product-type-variable"},"acf":[],"brands":[{"id":1249,"name":"PCA Skin","slug":"pca-skin"}],"_links":{"self":[{"href":"https:\/\/skinstudio.ee\/lv\/wp-json\/wp\/v2\/product\/79261","targetHints":{"allow":["GET"]}}],"collection":[{"href":"https:\/\/skinstudio.ee\/lv\/wp-json\/wp\/v2\/product"}],"about":[{"href":"https:\/\/skinstudio.ee\/lv\/wp-json\/wp\/v2\/types\/product"}],"version-history":[{"count":1,"href":"https:\/\/skinstudio.ee\/lv\/wp-json\/wp\/v2\/product\/79261\/revisions"}],"predecessor-version":[{"id":79264,"href":"https:\/\/skinstudio.ee\/lv\/wp-json\/wp\/v2\/product\/79261\/revisions\/79264"}],"wp:featuredmedia":[{"embeddable":true,"href":"https:\/\/skinstudio.ee\/lv\/wp-json\/wp\/v2\/media\/64272"}],"wp:attachment":[{"href":"https:\/\/skinstudio.ee\/lv\/wp-json\/wp\/v2\/media?parent=79261"}],"wp:term":[{"taxonomy":"pwb-brand","embeddable":true,"href":"https:\/\/skinstudio.ee\/lv\/wp-json\/wp\/v2\/pwb-brand?post=79261"},{"taxonomy":"product_brand","embeddable":true,"href":"https:\/\/skinstudio.ee\/lv\/wp-json\/wp\/v2\/product_brand?post=79261"},{"taxonomy":"product_cat","embeddable":true,"href":"https:\/\/skinstudio.ee\/lv\/wp-json\/wp\/v2\/product_cat?post=79261"},{"taxonomy":"product_tag","embeddable":true,"href":"https:\/\/skinstudio.ee\/lv\/wp-json\/wp\/v2\/product_tag?post=79261"},{"taxonomy":"giftcard-category","embeddable":true,"href":"https:\/\/skinstudio.ee\/lv\/wp-json\/wp\/v2\/giftcard-category?post=79261"}],"curies":[{"name":"wp","href":"https:\/\/api.w.org\/{rel}","templated":true}]}}