{"id":79272,"date":"2023-05-24T17:56:16","date_gmt":"2023-05-24T17:56:16","guid":{"rendered":"https:\/\/skinstudio.ee\/?post_type=product&#038;p=79272"},"modified":"2026-02-13T15:28:02","modified_gmt":"2026-02-13T15:28:02","slug":"silkcoat-balm","status":"publish","type":"product","link":"https:\/\/skinstudio.ee\/lv\/catalog\/pca-skin-lv\/silkcoat-balm\/","title":{"rendered":"Silkcoat Balm"},"content":{"rendered":"<p data-start=\"2851\" data-end=\"3121\"><strong data-start=\"2851\" data-end=\"2880\">Silkcoat Balm no PCA SKIN<\/strong> ir intens\u012bvi mitrino\u0161s balzams sausai, novecojo\u0161ai un jut\u012bgai \u0101dai, k\u0101 ar\u012b \u0101dai, kas pak\u013cauta aukstam vai skarbam klimatam. Formula apvieno antioksidantus, augu ekstraktus un z\u012bda prote\u012bnus, nodro\u0161inot dzi\u013cu mitrin\u0101\u0161anu bez smaguma saj\u016btas.<\/p>\n<p data-start=\"3123\" data-end=\"3293\">Produkts uzlabo \u0101das komfortu, pal\u012bdz samazin\u0101t sausumu un uzlabo kop\u0113jo \u0101das st\u0101vokli. Akt\u012bv\u0101s sast\u0101vda\u013cas pal\u012bdz atjaunot mitruma l\u012bdzsvaru un stiprin\u0101t aizsargbarjeru.<\/p>\n<p data-start=\"3295\" data-end=\"3343\">Piem\u0113rots ikdienas lieto\u0161anai no r\u012bta un vakar\u0101.<\/p>\n<p data-start=\"3345\" data-end=\"3377\"><strong data-start=\"3345\" data-end=\"3377\">Akt\u012bvo sast\u0101vda\u013cu iedarb\u012bba:<\/strong><\/p>\n<ul data-start=\"3379\" data-end=\"3549\">\n<li data-start=\"3379\" data-end=\"3435\">\n<p data-start=\"3381\" data-end=\"3435\"><strong data-start=\"3381\" data-end=\"3401\">Hydrolyzed Silk:<\/strong> dzi\u013ci mitrina un uzlabo gludumu<\/p>\n<\/li>\n<li data-start=\"3436\" data-end=\"3488\">\n<p data-start=\"3438\" data-end=\"3488\"><strong data-start=\"3438\" data-end=\"3454\">Shea Butter:<\/strong> baro un stiprina aizsargbarjeru<\/p>\n<\/li>\n<li data-start=\"3489\" data-end=\"3549\">\n<p data-start=\"3491\" data-end=\"3549\"><strong data-start=\"3491\" data-end=\"3504\">Squalane:<\/strong> atjauno maigumu un samazina mitruma zudumu<\/p>\n<\/li>\n<\/ul>\n<p data-start=\"3551\" data-end=\"3664\">Kam piem\u0113rots Silkcoat Balm: sausai, jut\u012bgai un novecojo\u0161ai \u0101dai, saspringuma saj\u016btai un auksta klimata ietekmei.<\/p>\n<p data-start=\"3666\" data-end=\"3683\"><strong data-start=\"3666\" data-end=\"3678\">Tilpums:<\/strong> 48 g<\/p>\n","protected":false},"excerpt":{"rendered":"<p data-start=\"3827\" data-end=\"3879\">Intens\u012bvi mitrino\u0161s balzams jut\u012bgai novecojo\u0161ai \u0101dai<\/p>\n<h2 data-start=\"3881\" data-end=\"3918\"><strong data-start=\"3881\" data-end=\"3918\">\u012apa\u0161\u012bbas PCA SKIN &#8211; Silkcoat Balm<\/strong><\/h2>\n<p data-start=\"3920\" data-end=\"4089\">\u2714\ufe0f Intens\u012bvi baro un mazina sausumu<br data-start=\"3955\" data-end=\"3958\" \/>\u2714\ufe0f \u0100tri nov\u0113r\u0161 savilkuma saj\u016btu<br data-start=\"3989\" data-end=\"3992\" \/>\u2714\ufe0f Atjauno jut\u012bgas \u0101das komfortu<br data-start=\"4024\" data-end=\"4027\" \/>\u2714\ufe0f Uzlabo maigumu un gludumu<br data-start=\"4055\" data-end=\"4058\" \/>\u2714\ufe0f Stiprina \u0101das aizsargbarjeru<\/p>\n","protected":false},"featured_media":64278,"template":"","meta":[],"pwb-brand":[1249],"product_brand":[],"product_cat":[745,737,749,739,747],"product_tag":[],"giftcard-category":[],"class_list":{"0":"post-79272","1":"product","2":"type-product","3":"status-publish","4":"has-post-thumbnail","6":"pwb-brand-pca-skin-lv","7":"product_cat-jutigai-adai","8":"product_cat-mitrinasana","9":"product_cat-novecojosa-ada","10":"product_cat-sausai-adai","11":"product_cat-taukainai-adai","13":"first","14":"instock","15":"taxable","16":"shipping-taxable","17":"purchasable","18":"product-type-simple"},"acf":[],"brands":[{"id":1249,"name":"PCA Skin","slug":"pca-skin-lv"}],"_links":{"self":[{"href":"https:\/\/skinstudio.ee\/lv\/wp-json\/wp\/v2\/product\/79272","targetHints":{"allow":["GET"]}}],"collection":[{"href":"https:\/\/skinstudio.ee\/lv\/wp-json\/wp\/v2\/product"}],"about":[{"href":"https:\/\/skinstudio.ee\/lv\/wp-json\/wp\/v2\/types\/product"}],"version-history":[{"count":1,"href":"https:\/\/skinstudio.ee\/lv\/wp-json\/wp\/v2\/product\/79272\/revisions"}],"predecessor-version":[{"id":79275,"href":"https:\/\/skinstudio.ee\/lv\/wp-json\/wp\/v2\/product\/79272\/revisions\/79275"}],"wp:featuredmedia":[{"embeddable":true,"href":"https:\/\/skinstudio.ee\/lv\/wp-json\/wp\/v2\/media\/64278"}],"wp:attachment":[{"href":"https:\/\/skinstudio.ee\/lv\/wp-json\/wp\/v2\/media?parent=79272"}],"wp:term":[{"taxonomy":"pwb-brand","embeddable":true,"href":"https:\/\/skinstudio.ee\/lv\/wp-json\/wp\/v2\/pwb-brand?post=79272"},{"taxonomy":"product_brand","embeddable":true,"href":"https:\/\/skinstudio.ee\/lv\/wp-json\/wp\/v2\/product_brand?post=79272"},{"taxonomy":"product_cat","embeddable":true,"href":"https:\/\/skinstudio.ee\/lv\/wp-json\/wp\/v2\/product_cat?post=79272"},{"taxonomy":"product_tag","embeddable":true,"href":"https:\/\/skinstudio.ee\/lv\/wp-json\/wp\/v2\/product_tag?post=79272"},{"taxonomy":"giftcard-category","embeddable":true,"href":"https:\/\/skinstudio.ee\/lv\/wp-json\/wp\/v2\/giftcard-category?post=79272"}],"curies":[{"name":"wp","href":"https:\/\/api.w.org\/{rel}","templated":true}]}}