{"id":79284,"date":"2023-05-24T17:56:16","date_gmt":"2023-05-24T17:56:16","guid":{"rendered":"https:\/\/skinstudio.ee\/?post_type=product&#038;p=79284"},"modified":"2026-02-13T15:27:47","modified_gmt":"2026-02-13T15:27:47","slug":"apres-peel-hydrating-balm","status":"publish","type":"product","link":"https:\/\/skinstudio.ee\/lv\/catalog\/pca-skin-lv\/apres-peel-hydrating-balm\/","title":{"rendered":"Apr\u00e8s Peel Hydrating Balm"},"content":{"rendered":"<p data-start=\"3046\" data-end=\"3337\"><strong data-start=\"3046\" data-end=\"3087\">Apr\u00e8s Peel Hydrating Balm no PCA SKIN<\/strong> ir atjaunojo\u0161s mitrino\u0161s balzams, kas pal\u012bdz stiprin\u0101t \u0101das aizsargbarjeru un mazin\u0101t sausumu, \u012bpa\u0161i, ja \u0101da j\u016btas nov\u0101jin\u0101ta vai stresa ietekm\u0113. Formula apvieno augu fitoestrog\u0113nus un barojo\u0161as e\u013c\u013cas, lai uzlabotu komfortu, maigumu un \u0101das gludumu.<\/p>\n<p data-start=\"3339\" data-end=\"3540\">Produkts atjauno mitruma l\u012bdzsvaru, mazina savilkuma saj\u016btu un atbalsta elast\u012bbu, padarot \u0101du l\u012bdzsvarot\u0101ku. Antioksidantu atbalsts un m\u012bkstino\u0161as sast\u0101vda\u013cas pal\u012bdz saglab\u0101t \u0101das komfortu un notur\u012bbu.<\/p>\n<p data-start=\"3542\" data-end=\"3574\"><strong data-start=\"3542\" data-end=\"3574\">Akt\u012bvo sast\u0101vda\u013cu iedarb\u012bba:<\/strong><\/p>\n<ul data-start=\"3576\" data-end=\"3800\">\n<li data-start=\"3576\" data-end=\"3644\">\n<p data-start=\"3578\" data-end=\"3644\"><strong data-start=\"3578\" data-end=\"3598\">Soy Isoflavones:<\/strong> uzlabo tvirtumu un mazina l\u012bniju izteikt\u012bbu<\/p>\n<\/li>\n<li data-start=\"3645\" data-end=\"3718\">\n<p data-start=\"3647\" data-end=\"3718\"><strong data-start=\"3647\" data-end=\"3678\">Vitex Agnus-Castus Extract:<\/strong> atbalsta gludumu un \u0101das atjauno\u0161anos<\/p>\n<\/li>\n<li data-start=\"3719\" data-end=\"3800\">\n<p data-start=\"3721\" data-end=\"3800\"><strong data-start=\"3721\" data-end=\"3744\">Apricot Kernel Oil:<\/strong> baro, m\u012bkstina un nodro\u0161ina antioksidantu aizsardz\u012bbu<\/p>\n<\/li>\n<\/ul>\n<p data-start=\"3802\" data-end=\"3931\">Kam piem\u0113rots Apr\u00e8s Peel Hydrating Balm: norm\u0101lai un sausai \u0101dai, dehidrat\u0101cijai, noveco\u0161an\u0101s paz\u012bm\u0113m un v\u0101jin\u0101tai \u0101das barjerai.<\/p>\n<p data-start=\"3933\" data-end=\"3950\"><strong data-start=\"3933\" data-end=\"3945\">Tilpums:<\/strong> 48 g<\/p>\n","protected":false},"excerpt":{"rendered":"<p data-start=\"4092\" data-end=\"4109\">Mitrino\u0161s balzams<\/p>\n<h2 data-start=\"4111\" data-end=\"4160\"><strong data-start=\"4111\" data-end=\"4160\">\u012apa\u0161\u012bbas PCA SKIN &#8211; Apr\u00e8s Peel Hydrating Balm<\/strong><\/h2>\n<p data-start=\"4162\" data-end=\"4344\">\u2714\ufe0f \u0100tri atjauno \u0101das komfortu un barjeru<br data-start=\"4202\" data-end=\"4205\" \/>\u2714\ufe0f Nodro\u0161ina dzi\u013cu mitrin\u0101\u0161anu bez smaguma<br data-start=\"4247\" data-end=\"4250\" \/>\u2714\ufe0f M\u012bkstina un izl\u012bdzina tekst\u016bru<br data-start=\"4283\" data-end=\"4286\" \/>\u2714\ufe0f Pal\u012bdz saglab\u0101t elast\u012bbu<br data-start=\"4313\" data-end=\"4316\" \/>\u2714\ufe0f Atst\u0101j \u0101du maigu un koptu<\/p>\n","protected":false},"featured_media":64252,"template":"","meta":[],"pwb-brand":[1249],"product_brand":[],"product_cat":[737,749],"product_tag":[],"giftcard-category":[],"class_list":{"0":"post-79284","1":"product","2":"type-product","3":"status-publish","4":"has-post-thumbnail","6":"pwb-brand-pca-skin-lv","7":"product_cat-mitrinasana","8":"product_cat-novecojosa-ada","10":"first","11":"instock","12":"taxable","13":"shipping-taxable","14":"purchasable","15":"product-type-simple"},"acf":[],"brands":[{"id":1249,"name":"PCA Skin","slug":"pca-skin-lv"}],"_links":{"self":[{"href":"https:\/\/skinstudio.ee\/lv\/wp-json\/wp\/v2\/product\/79284","targetHints":{"allow":["GET"]}}],"collection":[{"href":"https:\/\/skinstudio.ee\/lv\/wp-json\/wp\/v2\/product"}],"about":[{"href":"https:\/\/skinstudio.ee\/lv\/wp-json\/wp\/v2\/types\/product"}],"version-history":[{"count":1,"href":"https:\/\/skinstudio.ee\/lv\/wp-json\/wp\/v2\/product\/79284\/revisions"}],"predecessor-version":[{"id":79285,"href":"https:\/\/skinstudio.ee\/lv\/wp-json\/wp\/v2\/product\/79284\/revisions\/79285"}],"wp:featuredmedia":[{"embeddable":true,"href":"https:\/\/skinstudio.ee\/lv\/wp-json\/wp\/v2\/media\/64252"}],"wp:attachment":[{"href":"https:\/\/skinstudio.ee\/lv\/wp-json\/wp\/v2\/media?parent=79284"}],"wp:term":[{"taxonomy":"pwb-brand","embeddable":true,"href":"https:\/\/skinstudio.ee\/lv\/wp-json\/wp\/v2\/pwb-brand?post=79284"},{"taxonomy":"product_brand","embeddable":true,"href":"https:\/\/skinstudio.ee\/lv\/wp-json\/wp\/v2\/product_brand?post=79284"},{"taxonomy":"product_cat","embeddable":true,"href":"https:\/\/skinstudio.ee\/lv\/wp-json\/wp\/v2\/product_cat?post=79284"},{"taxonomy":"product_tag","embeddable":true,"href":"https:\/\/skinstudio.ee\/lv\/wp-json\/wp\/v2\/product_tag?post=79284"},{"taxonomy":"giftcard-category","embeddable":true,"href":"https:\/\/skinstudio.ee\/lv\/wp-json\/wp\/v2\/giftcard-category?post=79284"}],"curies":[{"name":"wp","href":"https:\/\/api.w.org\/{rel}","templated":true}]}}