{"id":79292,"date":"2023-05-24T17:56:15","date_gmt":"2023-05-24T17:56:15","guid":{"rendered":"https:\/\/skinstudio.ee\/?post_type=product&#038;p=79292"},"modified":"2026-03-16T14:03:46","modified_gmt":"2026-03-16T14:03:46","slug":"ce-advanced","status":"publish","type":"product","link":"https:\/\/skinstudio.ee\/lv\/catalog\/pca-skin-lv\/ce-advanced\/","title":{"rendered":"C&#038;E Advanced"},"content":{"rendered":"<p data-start=\"3160\" data-end=\"3412\"><strong data-start=\"3160\" data-end=\"3188\">C&amp;E Advanced no PCA SKIN<\/strong> ir izgaismojo\u0161s pretnoveco\u0161an\u0101s antioksidantu serums, kas pal\u012bdz uzlabot \u0101das tekst\u016bru un izl\u012bdzin\u0101t toni, vienlaikus aizsarg\u0101jot pret priek\u0161laic\u012bgu noveco\u0161anos. Stabil\u0101 bez\u016bdens formula nodro\u0161ina akt\u012bvo vielu efektivit\u0101ti.<\/p>\n<p data-start=\"3414\" data-end=\"3607\">Formula darbojas pret pigment\u0101ciju, grumb\u0101m un elast\u012bbas zudumu, vienlaikus nomierinot \u0101du un samazinot noveco\u0161an\u0101s paz\u012bmes. Augsta antioksidantu koncentr\u0101cija stiprina \u0101du un pie\u0161\u0137ir mirdzumu.<\/p>\n<p data-start=\"3609\" data-end=\"3641\"><strong data-start=\"3609\" data-end=\"3641\">Akt\u012bvo sast\u0101vda\u013cu iedarb\u012bba:<\/strong><\/p>\n<ul data-start=\"3643\" data-end=\"3870\">\n<li data-start=\"3643\" data-end=\"3723\">\n<p data-start=\"3645\" data-end=\"3723\"><strong data-start=\"3645\" data-end=\"3663\">20% Vitamin C:<\/strong> izgaismo \u0101das toni un nodro\u0161ina antioksidantu aizsardz\u012bbu<\/p>\n<\/li>\n<li data-start=\"3724\" data-end=\"3776\">\n<p data-start=\"3726\" data-end=\"3776\"><strong data-start=\"3726\" data-end=\"3743\">5% Vitamin E:<\/strong> stiprina \u0101das aizsargfunkcijas<\/p>\n<\/li>\n<li data-start=\"3777\" data-end=\"3870\">\n<p data-start=\"3779\" data-end=\"3870\"><strong data-start=\"3779\" data-end=\"3811\">Hexylresorcinol &amp; Silymarin:<\/strong> samazina pigment\u0101ciju un atbalsta pretnoveco\u0161an\u0101s efektu<\/p>\n<\/li>\n<\/ul>\n<p data-start=\"3872\" data-end=\"3964\">Kam piem\u0113rots C&amp;E Advanced: visiem \u0101das tipiem, pigment\u0101cijai, grumb\u0101m un elast\u012bbas zudumam.<\/p>\n<p data-start=\"3966\" data-end=\"3983\"><strong data-start=\"3966\" data-end=\"3978\">Tilpums:<\/strong> <span data-sheets-root=\"1\">7,4 ml \/ <\/span>28 g<\/p>\n","protected":false},"excerpt":{"rendered":"<p data-start=\"4101\" data-end=\"4136\">Izgaismojo\u0161s pretnoveco\u0161an\u0101s serums<\/p>\n<h2 data-start=\"4138\" data-end=\"4174\"><strong data-start=\"4138\" data-end=\"4174\">\u012apa\u0161\u012bbas PCA SKIN &#8211; C&amp;E Advanced<\/strong><\/h2>\n<p data-start=\"4176\" data-end=\"4330\">\u2714\ufe0f Sp\u0113c\u012bga antioksidantu aizsardz\u012bba<br data-start=\"4212\" data-end=\"4215\" \/>\u2714\ufe0f Izgaismo un izl\u012bdzina toni<br data-start=\"4244\" data-end=\"4247\" \/>\u2714\ufe0f Samazina pigment\u0101ciju<br data-start=\"4271\" data-end=\"4274\" \/>\u2714\ufe0f Uzlabo \u0101das gludumu<br data-start=\"4296\" data-end=\"4299\" \/>\u2714\ufe0f Pal\u012bdz pal\u0113nin\u0101t noveco\u0161anos<\/p>\n","protected":false},"featured_media":79294,"template":"","meta":[],"pwb-brand":[1249],"product_brand":[],"product_cat":[729,745,749,751,739,723,747,753],"product_tag":[],"giftcard-category":[],"class_list":{"0":"post-79292","1":"product","2":"type-product","3":"status-publish","4":"has-post-thumbnail","6":"pwb-brand-pca-skin-lv","7":"product_cat-c-vitamins","8":"product_cat-jutigai-adai","9":"product_cat-novecojosa-ada","10":"product_cat-pigmentacija-lv","11":"product_cat-sausai-adai","12":"product_cat-serumi","13":"product_cat-taukainai-adai","14":"product_cat-travel-size-lv","15":"pa_suurus-28g-lv","16":"pa_suurus-7-4ml-lv","18":"first","19":"instock","20":"taxable","21":"shipping-taxable","22":"purchasable","23":"product-type-variable"},"acf":[],"brands":[{"id":1249,"name":"PCA Skin","slug":"pca-skin-lv"}],"_links":{"self":[{"href":"https:\/\/skinstudio.ee\/lv\/wp-json\/wp\/v2\/product\/79292","targetHints":{"allow":["GET"]}}],"collection":[{"href":"https:\/\/skinstudio.ee\/lv\/wp-json\/wp\/v2\/product"}],"about":[{"href":"https:\/\/skinstudio.ee\/lv\/wp-json\/wp\/v2\/types\/product"}],"version-history":[{"count":2,"href":"https:\/\/skinstudio.ee\/lv\/wp-json\/wp\/v2\/product\/79292\/revisions"}],"predecessor-version":[{"id":86195,"href":"https:\/\/skinstudio.ee\/lv\/wp-json\/wp\/v2\/product\/79292\/revisions\/86195"}],"wp:featuredmedia":[{"embeddable":true,"href":"https:\/\/skinstudio.ee\/lv\/wp-json\/wp\/v2\/media\/79294"}],"wp:attachment":[{"href":"https:\/\/skinstudio.ee\/lv\/wp-json\/wp\/v2\/media?parent=79292"}],"wp:term":[{"taxonomy":"pwb-brand","embeddable":true,"href":"https:\/\/skinstudio.ee\/lv\/wp-json\/wp\/v2\/pwb-brand?post=79292"},{"taxonomy":"product_brand","embeddable":true,"href":"https:\/\/skinstudio.ee\/lv\/wp-json\/wp\/v2\/product_brand?post=79292"},{"taxonomy":"product_cat","embeddable":true,"href":"https:\/\/skinstudio.ee\/lv\/wp-json\/wp\/v2\/product_cat?post=79292"},{"taxonomy":"product_tag","embeddable":true,"href":"https:\/\/skinstudio.ee\/lv\/wp-json\/wp\/v2\/product_tag?post=79292"},{"taxonomy":"giftcard-category","embeddable":true,"href":"https:\/\/skinstudio.ee\/lv\/wp-json\/wp\/v2\/giftcard-category?post=79292"}],"curies":[{"name":"wp","href":"https:\/\/api.w.org\/{rel}","templated":true}]}}