{"id":79303,"date":"2023-05-24T17:56:15","date_gmt":"2023-05-24T17:56:15","guid":{"rendered":"https:\/\/skinstudio.ee\/?post_type=product&#038;p=79303"},"modified":"2026-03-16T14:42:24","modified_gmt":"2026-03-16T14:42:24","slug":"vitamin-b3-brightening-serum","status":"publish","type":"product","link":"https:\/\/skinstudio.ee\/lv\/catalog\/pca-skin-lv\/vitamin-b3-brightening-serum\/","title":{"rendered":"Vitamin B3 Brightening Serum"},"content":{"rendered":"<p data-start=\"3551\" data-end=\"3845\"><strong>Vitamin B3 Brightening Serum no PCA SKIN<\/strong> ir izgaismojo\u0161s serums, kas paredz\u0113ts pigment\u0101cijas korekcijai, to\u0146a izl\u012bdzin\u0101\u0161anai un aizsargfunkciju stiprin\u0101\u0161anai. Formula iedarbojas uz melanogen\u0113zes procesiem, pal\u012bdzot samazin\u0101t pigment\u0101cijas redzam\u012bbu un atjaunot vienm\u0113r\u012bg\u0101ku un starojo\u0161\u0101ku toni.<\/p>\n<p data-start=\"3847\" data-end=\"4183\">Produkts ar\u012b blo\u0137\u0113 glik\u0101cijas procesus, kas veicina ar vecumu saist\u012btu dzelt\u0113\u0161anu un bl\u0101vumu, padarot \u0101das toni svaig\u0101ku un spilgt\u0101ku. Akt\u012bv\u0101s sast\u0101vda\u013cas darbojas maigi un kompleksi, \u013caujot iedarboties uz pigment\u0101ciju bez kairin\u0101juma. Papildus formula nomierina, samazina iekaisuma reakcijas un atbalsta epidermas barjeras atjauno\u0161anu.<\/p>\n<p data-start=\"4185\" data-end=\"4297\">Formula piem\u0113rota visiem \u0101das tipiem, iz\u0146emot jut\u012bgu \u0101du, un to var lietot jau pie pirmaj\u0101m noveco\u0161an\u0101s paz\u012bm\u0113m.<\/p>\n<p data-start=\"4299\" data-end=\"4326\"><strong>Galveno sast\u0101vda\u013cu darb\u012bba:<\/strong><\/p>\n<p data-start=\"4328\" data-end=\"4395\"><strong>\u2022 Niacinamide:<\/strong> izl\u012bdzina toni un samazina pigment\u0101cijas redzam\u012bbu<\/p>\n<p data-start=\"4397\" data-end=\"4476\"><strong>\u2022 Oligopeptide-51:<\/strong> atbalsta antioksidantu aizsardz\u012bbu un uzlabo \u0101das st\u0101vokli<\/p>\n<p data-start=\"4478\" data-end=\"4555\"><strong>\u2022 Camellia Sinensis Extract:<\/strong> nodro\u0161ina pretiekaisuma iedarb\u012bbu un nomierina<\/p>\n<p data-start=\"4557\" data-end=\"4727\"><strong>Kam piem\u0113rots Vitamin B3 Brightening Serum:<\/strong> \u0101dai ar pigment\u0101ciju, nevienm\u0113r\u012bgu toni, bl\u0101vu izskatu, pirmaj\u0101m noveco\u0161an\u0101s paz\u012bm\u0113m un trauc\u0113tu barjeru (iz\u0146emot jut\u012bgu \u0101du).<\/p>\n<p data-start=\"4729\" data-end=\"4747\"><strong data-start=\"4729\" data-end=\"4741\">Tilpums:<\/strong> 7,1 ml \/ 30 ml<\/p>\n","protected":false},"excerpt":{"rendered":"<p data-start=\"3269\" data-end=\"3347\">\u0100du izgaismojo\u0161s serums<\/p>\n<h2 data-start=\"3269\" data-end=\"3347\"><strong data-start=\"3295\" data-end=\"3347\">\u012apa\u0161\u012bbas PCA SKIN &#8211; Vitamin B3 Brightening Serum<\/strong><\/h2>\n<p data-start=\"3349\" data-end=\"3549\">\u2714\ufe0f Izgaismo pigment\u0101ciju un izl\u012bdzina toni<br data-start=\"3391\" data-end=\"3394\" \/>\u2714\ufe0f Blo\u0137\u0113 ar vecumu saist\u012btas dzelt\u0113\u0161anas procesus<br data-start=\"3443\" data-end=\"3446\" \/>\u2714\ufe0f Palielina mirdzumu un svaigumu<br data-start=\"3479\" data-end=\"3482\" \/>\u2714\ufe0f Stiprina aizsargfunkcijas<br data-start=\"3510\" data-end=\"3513\" \/>\u2714\ufe0f Samazina iekaisumu un aps\u0101rtumu<\/p>\n","protected":false},"featured_media":64303,"template":"","meta":[],"pwb-brand":[1249],"product_brand":[],"product_cat":[745,737,749,751,739,723,747,753],"product_tag":[],"giftcard-category":[],"class_list":{"0":"post-79303","1":"product","2":"type-product","3":"status-publish","4":"has-post-thumbnail","6":"pwb-brand-pca-skin-lv","7":"product_cat-jutigai-adai","8":"product_cat-mitrinasana","9":"product_cat-novecojosa-ada","10":"product_cat-pigmentacija-lv","11":"product_cat-sausai-adai","12":"product_cat-serumi","13":"product_cat-taukainai-adai","14":"product_cat-travel-size-lv","15":"pa_suurus-30ml-lv","16":"pa_suurus-7-1ml-lv","18":"first","19":"instock","20":"taxable","21":"shipping-taxable","22":"purchasable","23":"product-type-variable"},"acf":[],"brands":[{"id":1249,"name":"PCA Skin","slug":"pca-skin-lv"}],"_links":{"self":[{"href":"https:\/\/skinstudio.ee\/lv\/wp-json\/wp\/v2\/product\/79303","targetHints":{"allow":["GET"]}}],"collection":[{"href":"https:\/\/skinstudio.ee\/lv\/wp-json\/wp\/v2\/product"}],"about":[{"href":"https:\/\/skinstudio.ee\/lv\/wp-json\/wp\/v2\/types\/product"}],"version-history":[{"count":4,"href":"https:\/\/skinstudio.ee\/lv\/wp-json\/wp\/v2\/product\/79303\/revisions"}],"predecessor-version":[{"id":86302,"href":"https:\/\/skinstudio.ee\/lv\/wp-json\/wp\/v2\/product\/79303\/revisions\/86302"}],"wp:featuredmedia":[{"embeddable":true,"href":"https:\/\/skinstudio.ee\/lv\/wp-json\/wp\/v2\/media\/64303"}],"wp:attachment":[{"href":"https:\/\/skinstudio.ee\/lv\/wp-json\/wp\/v2\/media?parent=79303"}],"wp:term":[{"taxonomy":"pwb-brand","embeddable":true,"href":"https:\/\/skinstudio.ee\/lv\/wp-json\/wp\/v2\/pwb-brand?post=79303"},{"taxonomy":"product_brand","embeddable":true,"href":"https:\/\/skinstudio.ee\/lv\/wp-json\/wp\/v2\/product_brand?post=79303"},{"taxonomy":"product_cat","embeddable":true,"href":"https:\/\/skinstudio.ee\/lv\/wp-json\/wp\/v2\/product_cat?post=79303"},{"taxonomy":"product_tag","embeddable":true,"href":"https:\/\/skinstudio.ee\/lv\/wp-json\/wp\/v2\/product_tag?post=79303"},{"taxonomy":"giftcard-category","embeddable":true,"href":"https:\/\/skinstudio.ee\/lv\/wp-json\/wp\/v2\/giftcard-category?post=79303"}],"curies":[{"name":"wp","href":"https:\/\/api.w.org\/{rel}","templated":true}]}}