{"id":79313,"date":"2023-05-24T17:56:15","date_gmt":"2023-05-24T17:56:15","guid":{"rendered":"https:\/\/skinstudio.ee\/?post_type=product&#038;p=79313"},"modified":"2026-02-13T15:27:57","modified_gmt":"2026-02-13T15:27:57","slug":"ideal-complex-revitalizing-eye-gel","status":"publish","type":"product","link":"https:\/\/skinstudio.ee\/lv\/catalog\/pca-skin-lv\/ideal-complex-revitalizing-eye-gel\/","title":{"rendered":"Ideal Complex Revitalizing Eye Gel"},"content":{"rendered":"<p data-start=\"2839\" data-end=\"3100\"><strong data-start=\"2839\" data-end=\"2889\">Ideal Complex Revitalizing Eye Gel no PCA SKIN<\/strong> ir atjaunojo\u0161s acu gels, kas pal\u012bdz samazin\u0101t grumbu redzam\u012bbu, uzlabo \u0101das tvirtumu un atsvaidzina acu zonu, ieskaitot plaksti\u0146us. Inovat\u012bvie pept\u012bdi stimul\u0113 kolag\u0113na sint\u0113zi, padarot \u0101du glud\u0101ku un stingr\u0101ku.<\/p>\n<p data-start=\"3102\" data-end=\"3246\">Formula satur optiskos difuzorus, kas nodro\u0161ina t\u016bl\u012bt\u0113ju izgaismo\u0161anu un svaig\u0101ku izskatu. Viegl\u0101 gela tekst\u016bra \u0101tri ies\u016bcas un neapgr\u016btina \u0101du.<\/p>\n<p data-start=\"3248\" data-end=\"3277\">Piem\u0113rots visiem \u0101das tipiem.<\/p>\n<p data-start=\"3279\" data-end=\"3311\"><strong data-start=\"3279\" data-end=\"3311\">Akt\u012bvo sast\u0101vda\u013cu iedarb\u012bba:<\/strong><\/p>\n<ul data-start=\"3313\" data-end=\"3501\">\n<li data-start=\"3313\" data-end=\"3373\">\n<p data-start=\"3315\" data-end=\"3373\"><strong data-start=\"3315\" data-end=\"3335\">Peptide Complex:<\/strong> stimul\u0113 kolag\u0113nu un uzlabo tvirtumu<\/p>\n<\/li>\n<li data-start=\"3374\" data-end=\"3436\">\n<p data-start=\"3376\" data-end=\"3436\"><strong data-start=\"3376\" data-end=\"3392\">Niacinamide:<\/strong> izl\u012bdzina toni un mazina noguruma paz\u012bmes<\/p>\n<\/li>\n<li data-start=\"3437\" data-end=\"3501\">\n<p data-start=\"3439\" data-end=\"3501\"><strong data-start=\"3439\" data-end=\"3461\">Optical Diffusers:<\/strong> uzreiz izgaismo un izl\u012bdzina acu zonu<\/p>\n<\/li>\n<\/ul>\n<p data-start=\"3503\" data-end=\"3619\">Kam piem\u0113rots Ideal Complex Revitalizing Eye Gel: grumb\u0101m, tum\u0161iem lokiem, piet\u016bkumam un elast\u012bbas zudumam acu zon\u0101.<\/p>\n<p data-start=\"3621\" data-end=\"3638\"><strong data-start=\"3621\" data-end=\"3633\">Tilpums:<\/strong> 14 g<\/p>\n","protected":false},"excerpt":{"rendered":"<p data-start=\"3749\" data-end=\"3769\">Atjaunojo\u0161s acu gels<\/p>\n<h2 data-start=\"3771\" data-end=\"3829\"><strong data-start=\"3771\" data-end=\"3829\">\u012apa\u0161\u012bbas PCA SKIN &#8211; Ideal Complex Revitalizing Eye Gel<\/strong><\/h2>\n<p data-start=\"3831\" data-end=\"3969\">\u2714\ufe0f Izgaismo tum\u0161os lokus un atsvaidzina skatienu<br data-start=\"964\" data-end=\"967\" \/>\u2714\ufe0f Samazina piet\u016bkumu un noguruma paz\u012bmes<br data-start=\"1008\" data-end=\"1011\" \/>\u2714\ufe0f Izl\u012bdzina grumbas un uzlabo \u0101das bl\u012bvumu<br data-start=\"1054\" data-end=\"1057\" \/>\u2714\ufe0f Nostiprina plaksti\u0146u zonu<br data-start=\"1085\" data-end=\"1088\" \/>\u2714\ufe0f Padara acu zonu glud\u0101ku un elast\u012bg\u0101ku<\/p>\n","protected":false},"featured_media":64308,"template":"","meta":[],"pwb-brand":[1249],"product_brand":[],"product_cat":[733,745,749,747],"product_tag":[],"giftcard-category":[],"class_list":{"0":"post-79313","1":"product","2":"type-product","3":"status-publish","4":"has-post-thumbnail","6":"pwb-brand-pca-skin-lv","7":"product_cat-ada-ap-acim","8":"product_cat-jutigai-adai","9":"product_cat-novecojosa-ada","10":"product_cat-taukainai-adai","12":"first","13":"instock","14":"taxable","15":"shipping-taxable","16":"purchasable","17":"product-type-simple"},"acf":[],"brands":[{"id":1249,"name":"PCA Skin","slug":"pca-skin-lv"}],"_links":{"self":[{"href":"https:\/\/skinstudio.ee\/lv\/wp-json\/wp\/v2\/product\/79313","targetHints":{"allow":["GET"]}}],"collection":[{"href":"https:\/\/skinstudio.ee\/lv\/wp-json\/wp\/v2\/product"}],"about":[{"href":"https:\/\/skinstudio.ee\/lv\/wp-json\/wp\/v2\/types\/product"}],"version-history":[{"count":1,"href":"https:\/\/skinstudio.ee\/lv\/wp-json\/wp\/v2\/product\/79313\/revisions"}],"predecessor-version":[{"id":79317,"href":"https:\/\/skinstudio.ee\/lv\/wp-json\/wp\/v2\/product\/79313\/revisions\/79317"}],"wp:featuredmedia":[{"embeddable":true,"href":"https:\/\/skinstudio.ee\/lv\/wp-json\/wp\/v2\/media\/64308"}],"wp:attachment":[{"href":"https:\/\/skinstudio.ee\/lv\/wp-json\/wp\/v2\/media?parent=79313"}],"wp:term":[{"taxonomy":"pwb-brand","embeddable":true,"href":"https:\/\/skinstudio.ee\/lv\/wp-json\/wp\/v2\/pwb-brand?post=79313"},{"taxonomy":"product_brand","embeddable":true,"href":"https:\/\/skinstudio.ee\/lv\/wp-json\/wp\/v2\/product_brand?post=79313"},{"taxonomy":"product_cat","embeddable":true,"href":"https:\/\/skinstudio.ee\/lv\/wp-json\/wp\/v2\/product_cat?post=79313"},{"taxonomy":"product_tag","embeddable":true,"href":"https:\/\/skinstudio.ee\/lv\/wp-json\/wp\/v2\/product_tag?post=79313"},{"taxonomy":"giftcard-category","embeddable":true,"href":"https:\/\/skinstudio.ee\/lv\/wp-json\/wp\/v2\/giftcard-category?post=79313"}],"curies":[{"name":"wp","href":"https:\/\/api.w.org\/{rel}","templated":true}]}}